{"id":2578,"date":"2018-09-26T14:43:16","date_gmt":"2018-09-26T12:43:16","guid":{"rendered":"http:\/\/mediendesign-moser.at\/shop\/?post_type=product&#038;p=2578"},"modified":"2025-11-08T14:30:14","modified_gmt":"2025-11-08T13:30:14","slug":"download-schneidplotter-dateien-set-fuer-kerzen-adventkalender","status":"publish","type":"product","link":"https:\/\/mediendesign-moser.at\/shop\/?product=download-schneidplotter-dateien-set-fuer-kerzen-adventkalender","title":{"rendered":"Download: Schneide Dateien Set \/ Bastelbogen f\u00fcr Kerzen-Adventkalender"},"content":{"rendered":"","protected":false},"excerpt":{"rendered":"<p>Schneidplotterdateien-Set f\u00fcr den Zuschnitt verschieden gro\u00dfer kerzenf\u00f6rmiger Verpackungen.<br \/>\nDie Kerzen k\u00f6nnen bef\u00fcllt werden, somit kann man einen Adventkalender mit den Kerzen zusammenstellen.<br \/>\nEine Druckdatei f\u00fcr das Ausdrucken der Zahlen 1-25 ist ebenfalls in diesem Download enthalten.<\/p>\n<p>Dieses Schneidplotter-Set enth\u00e4lt Kerzen-Schneidedateien mit folgenden Abmessungen<br \/>\n(Ma\u00dfe f\u00fcr fertig gebastelte Kerzen; Breite x H\u00f6he, ohne Flamme):<\/p>\n<ul>\n<li>Breite Kerze: ca. 9 cm Breite x 7 cm H\u00f6he<\/li>\n<li>Lange Kerze: ca. 5 cm Breite x 14 cm H\u00f6he<\/li>\n<li>Kerze Mediumgr\u00f6\u00dfe: ca. 6 cm Breite x 8 cm H\u00f6he<\/li>\n<li>Gro\u00dfe Kerze (f\u00fcr den 24.): ca. 9 cm Breite x 14,5 cm H\u00f6he<\/li>\n<\/ul>\n<p>Im Download sind enthalten:<\/p>\n<ul>\n<li>SVG-Dateien f\u00fcr die Verwendung mit folgenden Schneideger\u00e4ten:<br \/>\nCricut, Pazzles, Brother ScanNCut, oder Silhouette-Ger\u00e4te (Silhouette Studio ab Designer-Edition erforderlich)<\/li>\n<li>DXF-Dateien<\/li>\n<li>Bastelbogen-PDF zum Ausdrucken<\/li>\n<\/ul>\n<p>Dieses Projekt wurde mit folgenden Schneideger\u00e4ten getestet:<br \/>\nSilhouette Cameo, Cricut Maker, Brother ScanNCut.<br \/>\nInfos und Anleitungen zur Verwendung mit den jeweiligen Ger\u00e4ten <a href=\"https:\/\/mediendesign-moser.at\/shop\/?page_id=6409\" target=\"_blank\" rel=\"noopener\">finden Sie hier<\/a>.<\/p>\n<p>Beachten Sie unsere \u00a0<a href=\"https:\/\/mediendesign-moser.at\/shop\/?page_id=758\" target=\"_blank\" rel=\"noopener\">Lizenzbedingungen<\/a>\u00a0f\u00fcr downloadbare Produkte.<\/p>\n<p><a href=\"https:\/\/mediendesign-moser.at\/shop\/wp-content\/uploads\/2021\/09\/DL-SPWA025-advent-calendar-candles.jpg\"><img loading=\"lazy\" decoding=\"async\" class=\"alignnone size-full wp-image-12254\" src=\"https:\/\/mediendesign-moser.at\/shop\/wp-content\/uploads\/2021\/09\/DL-SPWA025-advent-calendar-candles.jpg\" alt=\"\" width=\"620\" height=\"2422\" srcset=\"https:\/\/mediendesign-moser.at\/shop\/wp-content\/uploads\/2021\/09\/DL-SPWA025-advent-calendar-candles.jpg 620w, https:\/\/mediendesign-moser.at\/shop\/wp-content\/uploads\/2021\/09\/DL-SPWA025-advent-calendar-candles-77x300.jpg 77w, https:\/\/mediendesign-moser.at\/shop\/wp-content\/uploads\/2021\/09\/DL-SPWA025-advent-calendar-candles-262x1024.jpg 262w, https:\/\/mediendesign-moser.at\/shop\/wp-content\/uploads\/2021\/09\/DL-SPWA025-advent-calendar-candles-600x2344.jpg 600w\" sizes=\"auto, (max-width: 620px) 100vw, 620px\" \/><\/a><\/p>\n","protected":false},"featured_media":2575,"comment_status":"open","ping_status":"closed","template":"","meta":{"om_disable_all_campaigns":false,"_monsterinsights_skip_tracking":false,"_monsterinsights_sitenote_active":false,"_monsterinsights_sitenote_note":"","_monsterinsights_sitenote_category":0},"product_cat":[1124,513,789,263],"product_tag":[388,1819,1822,387,1820,542,1821,1234,38,689,518,541,504,142,143,517,353,129],"class_list":{"0":"post-2578","1":"product","2":"type-product","3":"status-publish","4":"has-post-thumbnail","6":"product_cat-bastelboegen","7":"product_cat-schneidplotter-svg-und-pdf","8":"product_cat-weihnachten-schneidplotter-svg-und-pdf","9":"product_cat-downloadprodukte","10":"product_tag-advent","11":"product_tag-advent-calendar","12":"product_tag-adventcalendar","13":"product_tag-adventkalender","14":"product_tag-adventskalender","15":"product_tag-brother","16":"product_tag-candles","17":"product_tag-christmas","18":"product_tag-download","19":"product_tag-kerzen","20":"product_tag-pdf","21":"product_tag-scanncut","22":"product_tag-schneidplotter","23":"product_tag-schneidplotter-datei","24":"product_tag-silhouette","25":"product_tag-svg","26":"product_tag-verpackung","27":"product_tag-weihnachten","29":"first","30":"instock","31":"downloadable","32":"virtual","33":"purchasable","34":"product-type-simple"},"aioseo_notices":[],"jetpack_sharing_enabled":true,"_links":{"self":[{"href":"https:\/\/mediendesign-moser.at\/shop\/index.php?rest_route=\/wp\/v2\/product\/2578","targetHints":{"allow":["GET"]}}],"collection":[{"href":"https:\/\/mediendesign-moser.at\/shop\/index.php?rest_route=\/wp\/v2\/product"}],"about":[{"href":"https:\/\/mediendesign-moser.at\/shop\/index.php?rest_route=\/wp\/v2\/types\/product"}],"replies":[{"embeddable":true,"href":"https:\/\/mediendesign-moser.at\/shop\/index.php?rest_route=%2Fwp%2Fv2%2Fcomments&post=2578"}],"wp:featuredmedia":[{"embeddable":true,"href":"https:\/\/mediendesign-moser.at\/shop\/index.php?rest_route=\/wp\/v2\/media\/2575"}],"wp:attachment":[{"href":"https:\/\/mediendesign-moser.at\/shop\/index.php?rest_route=%2Fwp%2Fv2%2Fmedia&parent=2578"}],"wp:term":[{"taxonomy":"product_cat","embeddable":true,"href":"https:\/\/mediendesign-moser.at\/shop\/index.php?rest_route=%2Fwp%2Fv2%2Fproduct_cat&post=2578"},{"taxonomy":"product_tag","embeddable":true,"href":"https:\/\/mediendesign-moser.at\/shop\/index.php?rest_route=%2Fwp%2Fv2%2Fproduct_tag&post=2578"}],"curies":[{"name":"wp","href":"https:\/\/api.w.org\/{rel}","templated":true}]}}