{"id":2556,"date":"2018-09-23T18:42:12","date_gmt":"2018-09-23T16:42:12","guid":{"rendered":"http:\/\/mediendesign-moser.at\/shop\/?post_type=product&#038;p=2556"},"modified":"2023-01-03T15:31:24","modified_gmt":"2023-01-03T14:31:24","slug":"download-schneidplotter-datei-fuer-rucksack","status":"publish","type":"product","link":"https:\/\/mediendesign-moser.at\/shop\/?product=download-schneidplotter-datei-fuer-rucksack","title":{"rendered":"Download: Schneidplotter-Datei f\u00fcr Rucksack"},"content":{"rendered":"","protected":false},"excerpt":{"rendered":"<p>Mit dieser Datei k\u00f6nnen die Papier-Einzelteile f\u00fcr den auf den Fotos ersichtlichen Rucksack zugeschnitten werden.<br \/>\nF\u00fcr den Zuschnitt ben\u00f6tigen Sie einen Schneidplotter (z.B. Schneidplotter der Fa. Silhouette, Brother, Cricut, etc.).<br \/>\nEin .pdf ist ebenfalls in diesem Download enthalten.<br \/>\nEs gelten unsere\u00a0<a href=\"https:\/\/mediendesign-moser.at\/shop\/?page_id=758\" target=\"_blank\" rel=\"noopener\">Lizenzbedingungen<\/a>\u00a0f\u00fcr downloadbare Produkte.<a href=\"https:\/\/mediendesign-moser.at\/shop\/wp-content\/uploads\/2018\/09\/rucksack-schneidplotter.jpg\"><img loading=\"lazy\" decoding=\"async\" class=\"alignnone size-full wp-image-2557\" src=\"https:\/\/mediendesign-moser.at\/shop\/wp-content\/uploads\/2018\/09\/rucksack-schneidplotter.jpg\" alt=\"\" width=\"620\" height=\"2277\" srcset=\"https:\/\/mediendesign-moser.at\/shop\/wp-content\/uploads\/2018\/09\/rucksack-schneidplotter.jpg 620w, https:\/\/mediendesign-moser.at\/shop\/wp-content\/uploads\/2018\/09\/rucksack-schneidplotter-82x300.jpg 82w, https:\/\/mediendesign-moser.at\/shop\/wp-content\/uploads\/2018\/09\/rucksack-schneidplotter-279x1024.jpg 279w, https:\/\/mediendesign-moser.at\/shop\/wp-content\/uploads\/2018\/09\/rucksack-schneidplotter-600x2204.jpg 600w\" sizes=\"auto, (max-width: 620px) 100vw, 620px\" \/><\/a><\/p>\n","protected":false},"featured_media":2558,"comment_status":"closed","ping_status":"closed","template":"","meta":{"om_disable_all_campaigns":false,"_monsterinsights_skip_tracking":false,"_monsterinsights_sitenote_active":false,"_monsterinsights_sitenote_note":"","_monsterinsights_sitenote_category":0},"product_cat":[513,803,804,851,263],"product_tag":[684,89,542,38,518,99,155,541,504,142,143,517,323,688],"class_list":{"0":"post-2556","1":"product","2":"type-product","3":"status-publish","4":"has-post-thumbnail","6":"product_cat-schneidplotter-svg-und-pdf","7":"product_cat-freizeit-schneidplotter-svg-und-pdf","8":"product_cat-sport-schneidplotter-svg-und-pdf","9":"product_cat-urlaub","10":"product_cat-downloadprodukte","11":"product_tag-accessoire","12":"product_tag-ausflug","13":"product_tag-brother","14":"product_tag-download","15":"product_tag-pdf","16":"product_tag-reise","17":"product_tag-rucksack","18":"product_tag-scanncut","19":"product_tag-schneidplotter","20":"product_tag-schneidplotter-datei","21":"product_tag-silhouette","22":"product_tag-svg","23":"product_tag-wandern","24":"product_tag-wanderrucksack","26":"first","27":"instock","28":"downloadable","29":"virtual","30":"purchasable","31":"product-type-simple"},"aioseo_notices":[],"jetpack_sharing_enabled":true,"_links":{"self":[{"href":"https:\/\/mediendesign-moser.at\/shop\/index.php?rest_route=\/wp\/v2\/product\/2556","targetHints":{"allow":["GET"]}}],"collection":[{"href":"https:\/\/mediendesign-moser.at\/shop\/index.php?rest_route=\/wp\/v2\/product"}],"about":[{"href":"https:\/\/mediendesign-moser.at\/shop\/index.php?rest_route=\/wp\/v2\/types\/product"}],"replies":[{"embeddable":true,"href":"https:\/\/mediendesign-moser.at\/shop\/index.php?rest_route=%2Fwp%2Fv2%2Fcomments&post=2556"}],"wp:featuredmedia":[{"embeddable":true,"href":"https:\/\/mediendesign-moser.at\/shop\/index.php?rest_route=\/wp\/v2\/media\/2558"}],"wp:attachment":[{"href":"https:\/\/mediendesign-moser.at\/shop\/index.php?rest_route=%2Fwp%2Fv2%2Fmedia&parent=2556"}],"wp:term":[{"taxonomy":"product_cat","embeddable":true,"href":"https:\/\/mediendesign-moser.at\/shop\/index.php?rest_route=%2Fwp%2Fv2%2Fproduct_cat&post=2556"},{"taxonomy":"product_tag","embeddable":true,"href":"https:\/\/mediendesign-moser.at\/shop\/index.php?rest_route=%2Fwp%2Fv2%2Fproduct_tag&post=2556"}],"curies":[{"name":"wp","href":"https:\/\/api.w.org\/{rel}","templated":true}]}}