{"id":2535,"date":"2018-09-12T21:54:15","date_gmt":"2018-09-12T19:54:15","guid":{"rendered":"http:\/\/mediendesign-moser.at\/shop\/?post_type=product&#038;p=2535"},"modified":"2018-11-10T15:12:00","modified_gmt":"2018-11-10T14:12:00","slug":"download-digitales-designpapier-oktoberfest","status":"publish","type":"product","link":"https:\/\/mediendesign-moser.at\/shop\/?product=download-digitales-designpapier-oktoberfest","title":{"rendered":"Download: Digitales Designpapier &#8220;Oktoberfest&#8221;"},"content":{"rendered":"","protected":false},"excerpt":{"rendered":"<p>Downloadbares digitales Designpapier mit sechs verschiedenen Papieren zum selbst ausdrucken.<br \/>\nDie enthaltenen Oktoberfest-Designs sind ideal f\u00fcr Scrapbooking, Kartenherstellung, Verpackung und sonstige kreative Papierprojekte.<br \/>\nDieser Download enth\u00e4lt Dateien im Dateiformat .jpg (2000 x 2830 pix) und im Dateiformat .pdf in der Gr\u00f6\u00dfe A4 (21 x 29,7 cm).<br \/>\nDie Lizenz f\u00fcr dieses Digitalpapier umfasst den pers\u00f6nlichen Gebrauch und den Gebrauch f\u00fcr kleine Unternehmen.<br \/>\nWenn Sie eine erweiterte Lizenz f\u00fcr dieses Designpapier ben\u00f6tigen (d.h. f\u00fcr die Herstellung von mehr als 400 Artikeln mit diesen Designs), dann kontaktieren Sie uns bitte.<\/p>\n","protected":false},"featured_media":2534,"comment_status":"closed","ping_status":"closed","template":"","meta":{"om_disable_all_campaigns":false,"_monsterinsights_skip_tracking":false,"_monsterinsights_sitenote_active":false,"_monsterinsights_sitenote_note":"","_monsterinsights_sitenote_category":0},"product_cat":[555,263],"product_tag":[579,585,578,685,40,556,580,582,38,557,584,562,583,687,581,680,99,561,587],"class_list":{"0":"post-2535","1":"product","2":"type-product","3":"status-publish","4":"has-post-thumbnail","6":"product_cat-digitalpapier","7":"product_cat-downloadprodukte","8":"product_tag-bavarian","9":"product_tag-bayern","10":"product_tag-bayrisch","11":"product_tag-bier","12":"product_tag-designpapier","13":"product_tag-digitalpapier","14":"product_tag-dirndl","15":"product_tag-dirndlkleid","16":"product_tag-download","17":"product_tag-druck","18":"product_tag-gemustert","19":"product_tag-kartengestaltung","20":"product_tag-kleid","21":"product_tag-muenchen","22":"product_tag-muster","23":"product_tag-oktoberfest","24":"product_tag-reise","25":"product_tag-scrapbook","26":"product_tag-tradition","28":"first","29":"instock","30":"downloadable","31":"virtual","32":"purchasable","33":"product-type-simple"},"aioseo_notices":[],"jetpack_sharing_enabled":true,"_links":{"self":[{"href":"https:\/\/mediendesign-moser.at\/shop\/index.php?rest_route=\/wp\/v2\/product\/2535","targetHints":{"allow":["GET"]}}],"collection":[{"href":"https:\/\/mediendesign-moser.at\/shop\/index.php?rest_route=\/wp\/v2\/product"}],"about":[{"href":"https:\/\/mediendesign-moser.at\/shop\/index.php?rest_route=\/wp\/v2\/types\/product"}],"replies":[{"embeddable":true,"href":"https:\/\/mediendesign-moser.at\/shop\/index.php?rest_route=%2Fwp%2Fv2%2Fcomments&post=2535"}],"wp:featuredmedia":[{"embeddable":true,"href":"https:\/\/mediendesign-moser.at\/shop\/index.php?rest_route=\/wp\/v2\/media\/2534"}],"wp:attachment":[{"href":"https:\/\/mediendesign-moser.at\/shop\/index.php?rest_route=%2Fwp%2Fv2%2Fmedia&parent=2535"}],"wp:term":[{"taxonomy":"product_cat","embeddable":true,"href":"https:\/\/mediendesign-moser.at\/shop\/index.php?rest_route=%2Fwp%2Fv2%2Fproduct_cat&post=2535"},{"taxonomy":"product_tag","embeddable":true,"href":"https:\/\/mediendesign-moser.at\/shop\/index.php?rest_route=%2Fwp%2Fv2%2Fproduct_tag&post=2535"}],"curies":[{"name":"wp","href":"https:\/\/api.w.org\/{rel}","templated":true}]}}