{"id":25195,"date":"2024-10-12T17:21:18","date_gmt":"2024-10-12T15:21:18","guid":{"rendered":"https:\/\/mediendesign-moser.at\/shop\/?post_type=product&#038;p=25195"},"modified":"2025-01-13T11:31:16","modified_gmt":"2025-01-13T10:31:16","slug":"download-digitales-designpapier-city","status":"publish","type":"product","link":"https:\/\/mediendesign-moser.at\/shop\/?product=download-digitales-designpapier-city","title":{"rendered":"Download: Digitales Designpapier &#8220;City&#8221;"},"content":{"rendered":"","protected":false},"excerpt":{"rendered":"<p>Downloadbares digitales Designpapier mit 8 verschiedenen Motiven (u.a. Sternenmuster, Freiheitsstatue, City-Motiv mit Stra\u00dfen\/Taxis\/Skyline als Nachtmotiv, etc,)<\/p>\n<p>Dieses Digitalpapier k\u00f6nnen Sie mit Ihrem Drucker ausdrucken und bei Ihren individuellen kreativen Projekten verwenden (z.B. Kartenherstellung, Verpackungen, Gestaltung von Explosionsboxen, etc.)<\/p>\n<h4><span style=\"color: #ff0000;\">NEU:<\/span><br \/>\n<span style=\"color: #ff0000;\">Das Dateien-Set enth\u00e4lt neben JPG und PDF-Dateien auch PNG-Dateien f\u00fcr Print\/Cut-taugliche Schneidemaschinen<\/span><\/h4>\n<p>PNG&#8217;s aufbereitet f\u00fcr: Explosionsbox Standardgr\u00f6\u00dfe, Explosionsbox hoch, Explosionsbox in \u00dcbergr\u00f6\u00dfe.<\/p>\n<p>Im Download sind enthalten:<\/p>\n<ul>\n<li>PDF-Dateien im Format A4<\/li>\n<li>JPG-Dateien in der Gr\u00f6\u00dfe 2000 x 2830 pix<\/li>\n<li>PNG-Dateien f\u00fcr Schneidemaschinen bzw. Schneidemaschinen-Software, die \u00fcber eine Print\/Cut-Funktion verf\u00fcgen (z.B. Cricut-Maker mit Cricut Designspace oder Silhouette Cameo mit Silhouette Studio Designer Edition)<\/li>\n<\/ul>\n<p>Die Lizenz f\u00fcr dieses Digitalpapier umfasst den pers\u00f6nlichen Gebrauch im Hobbybereich, sowie die gewerbliche Verwendung bei der Herstellung von kleinen Mengen.<br \/>\n<span style=\"color: #ff0000;\"><strong>Erlaubt:<\/strong><\/span> Die Verwendung bei der Herstellung von handgemachten Produkten (in kleinen Mengen), die f\u00fcr den Verkauf bestimmt sind.<br \/>\n<span style=\"color: #ff0000;\"><strong>Nicht erlaubt:<\/strong><\/span> Verwendung bei der Herstellung von gro\u00dfen Auflagen (mehr als 400 St\u00fcck).<\/p>\n<p>F\u00fcr weitere Detailinfos beachten Sie bitte unsere\u00a0<a href=\"https:\/\/mediendesign-moser.at\/shop\/?page_id=758\" target=\"_blank\" rel=\"noopener\">Lizenzbedingungen<\/a>\u00a0f\u00fcr downloadbare Produkte.<\/p>\n","protected":false},"featured_media":25196,"comment_status":"open","ping_status":"closed","template":"","meta":{"om_disable_all_campaigns":false,"_monsterinsights_skip_tracking":false,"_monsterinsights_sitenote_active":false,"_monsterinsights_sitenote_note":"","_monsterinsights_sitenote_category":0},"product_cat":[555,263],"product_tag":[40,556,2257,2256,570,571,2258],"class_list":{"0":"post-25195","1":"product","2":"type-product","3":"status-publish","4":"has-post-thumbnail","6":"product_cat-digitalpapier","7":"product_cat-downloadprodukte","8":"product_tag-designpapier","9":"product_tag-digitalpapier","10":"product_tag-freiheitsstatue","11":"product_tag-new-york","12":"product_tag-skyline","13":"product_tag-taxi","14":"product_tag-wolkenkratzer","16":"first","17":"instock","18":"downloadable","19":"virtual","20":"purchasable","21":"product-type-simple"},"aioseo_notices":[],"jetpack_sharing_enabled":true,"_links":{"self":[{"href":"https:\/\/mediendesign-moser.at\/shop\/index.php?rest_route=\/wp\/v2\/product\/25195","targetHints":{"allow":["GET"]}}],"collection":[{"href":"https:\/\/mediendesign-moser.at\/shop\/index.php?rest_route=\/wp\/v2\/product"}],"about":[{"href":"https:\/\/mediendesign-moser.at\/shop\/index.php?rest_route=\/wp\/v2\/types\/product"}],"replies":[{"embeddable":true,"href":"https:\/\/mediendesign-moser.at\/shop\/index.php?rest_route=%2Fwp%2Fv2%2Fcomments&post=25195"}],"wp:featuredmedia":[{"embeddable":true,"href":"https:\/\/mediendesign-moser.at\/shop\/index.php?rest_route=\/wp\/v2\/media\/25196"}],"wp:attachment":[{"href":"https:\/\/mediendesign-moser.at\/shop\/index.php?rest_route=%2Fwp%2Fv2%2Fmedia&parent=25195"}],"wp:term":[{"taxonomy":"product_cat","embeddable":true,"href":"https:\/\/mediendesign-moser.at\/shop\/index.php?rest_route=%2Fwp%2Fv2%2Fproduct_cat&post=25195"},{"taxonomy":"product_tag","embeddable":true,"href":"https:\/\/mediendesign-moser.at\/shop\/index.php?rest_route=%2Fwp%2Fv2%2Fproduct_tag&post=25195"}],"curies":[{"name":"wp","href":"https:\/\/api.w.org\/{rel}","templated":true}]}}