{"id":2503,"date":"2018-09-05T19:49:46","date_gmt":"2018-09-05T17:49:46","guid":{"rendered":"http:\/\/mediendesign-moser.at\/shop\/?post_type=product&#038;p=2503"},"modified":"2022-05-25T15:48:50","modified_gmt":"2022-05-25T13:48:50","slug":"download-schneidplotter-datei-fuer-reisekoffer","status":"publish","type":"product","link":"https:\/\/mediendesign-moser.at\/shop\/?product=download-schneidplotter-datei-fuer-reisekoffer","title":{"rendered":"Download: Schneide Datei \/ Bastelbogen f\u00fcr Reisekoffer"},"content":{"rendered":"","protected":false},"excerpt":{"rendered":"<p><a href=\"https:\/\/mediendesign-moser.at\/shop\/wp-content\/uploads\/2022\/05\/bastelbogen-vs-svg-dxf-reisekoffer.jpg\"><img loading=\"lazy\" decoding=\"async\" class=\"alignnone size-full wp-image-15736\" src=\"https:\/\/mediendesign-moser.at\/shop\/wp-content\/uploads\/2022\/05\/bastelbogen-vs-svg-dxf-reisekoffer.jpg\" alt=\"\" width=\"1280\" height=\"853\" srcset=\"https:\/\/mediendesign-moser.at\/shop\/wp-content\/uploads\/2022\/05\/bastelbogen-vs-svg-dxf-reisekoffer.jpg 1280w, https:\/\/mediendesign-moser.at\/shop\/wp-content\/uploads\/2022\/05\/bastelbogen-vs-svg-dxf-reisekoffer-300x200.jpg 300w, https:\/\/mediendesign-moser.at\/shop\/wp-content\/uploads\/2022\/05\/bastelbogen-vs-svg-dxf-reisekoffer-768x512.jpg 768w, https:\/\/mediendesign-moser.at\/shop\/wp-content\/uploads\/2022\/05\/bastelbogen-vs-svg-dxf-reisekoffer-1024x682.jpg 1024w, https:\/\/mediendesign-moser.at\/shop\/wp-content\/uploads\/2022\/05\/bastelbogen-vs-svg-dxf-reisekoffer-600x400.jpg 600w\" sizes=\"auto, (max-width: 1280px) 100vw, 1280px\" \/><\/a>Mit diesem Download k\u00f6nnen die Papier-Einzelteile f\u00fcr den auf den Fotos ersichtlichen Reisekoffer zugeschnitten werden.<br \/>\nF\u00fcr den Zuschnitt ben\u00f6tigen Sie einen Schneidplotter (z.B. Schneidplotter der Fa. Silhouette, Brother, Cricut).<\/p>\n<p>Zur Herstellung der Motiv-Plaketten auf dem Koffer ist eine Print\/Cut-PNG-Datei im Download Umfang enthalten.<\/p>\n<p>Ein ausdruckbarer Bastelbogen (PDF-Datei) f\u00fcr den h\u00e4ndischen Zuschnitt ist ebenfalls in diesem Download enthalten.<\/p>\n<p>Die Gr\u00f6\u00dfe des Reisekoffers betr\u00e4gt ca. 6,5 x 4,5 x 2 cm.<\/p>\n<p>Es gelten unsere\u00a0<a href=\"https:\/\/mediendesign-moser.at\/shop\/?page_id=758\" target=\"_blank\" rel=\"noopener\">Lizenzbedingungen<\/a>\u00a0f\u00fcr downloadbare Produkte.<\/p>\n<p>Bastelvideo (Zuschnitt mit Schneidemaschine):<br \/>\n<iframe loading=\"lazy\" title=\"YouTube video player\" src=\"https:\/\/www.youtube.com\/embed\/ntyDZvefPpA\" width=\"560\" height=\"315\" frameborder=\"0\" allowfullscreen=\"allowfullscreen\"><\/iframe><\/p>\n<p>Bastelvideo (H\u00e4ndischer Zuschnitt mit ausdruckbarem Bastelbogen):<br \/>\n<iframe loading=\"lazy\" title=\"YouTube video player\" src=\"https:\/\/www.youtube.com\/embed\/HyPpLB9J4Oo\" width=\"560\" height=\"315\" frameborder=\"0\" allowfullscreen=\"allowfullscreen\"><\/iframe><\/p>\n<p><a href=\"https:\/\/mediendesign-moser.at\/shop\/wp-content\/uploads\/2022\/05\/DL-SPU050-suitcase.jpg\"><img loading=\"lazy\" decoding=\"async\" class=\"alignnone size-full wp-image-15707\" src=\"https:\/\/mediendesign-moser.at\/shop\/wp-content\/uploads\/2022\/05\/DL-SPU050-suitcase.jpg\" alt=\"\" width=\"620\" height=\"2373\" srcset=\"https:\/\/mediendesign-moser.at\/shop\/wp-content\/uploads\/2022\/05\/DL-SPU050-suitcase.jpg 620w, https:\/\/mediendesign-moser.at\/shop\/wp-content\/uploads\/2022\/05\/DL-SPU050-suitcase-78x300.jpg 78w, https:\/\/mediendesign-moser.at\/shop\/wp-content\/uploads\/2022\/05\/DL-SPU050-suitcase-600x2296.jpg 600w\" sizes=\"auto, (max-width: 620px) 100vw, 620px\" \/><\/a><\/p>\n","protected":false},"featured_media":15706,"comment_status":"open","ping_status":"closed","template":"","meta":{"om_disable_all_campaigns":false,"_monsterinsights_skip_tracking":false,"_monsterinsights_sitenote_active":false,"_monsterinsights_sitenote_note":"","_monsterinsights_sitenote_category":0},"product_cat":[1124,513,803,851,263],"product_tag":[684,542,1055,104,518,99,105,541,504,142,143,2058,517,412],"class_list":{"0":"post-2503","1":"product","2":"type-product","3":"status-publish","4":"has-post-thumbnail","6":"product_cat-bastelboegen","7":"product_cat-schneidplotter-svg-und-pdf","8":"product_cat-freizeit-schneidplotter-svg-und-pdf","9":"product_cat-urlaub","10":"product_cat-downloadprodukte","11":"product_tag-accessoire","12":"product_tag-brother","13":"product_tag-cricut","14":"product_tag-koffer","15":"product_tag-pdf","16":"product_tag-reise","17":"product_tag-reisekoffer","18":"product_tag-scanncut","19":"product_tag-schneidplotter","20":"product_tag-schneidplotter-datei","21":"product_tag-silhouette","22":"product_tag-suitcase","23":"product_tag-svg","24":"product_tag-urlaub","26":"first","27":"instock","28":"downloadable","29":"virtual","30":"purchasable","31":"product-type-simple"},"aioseo_notices":[],"jetpack_sharing_enabled":true,"_links":{"self":[{"href":"https:\/\/mediendesign-moser.at\/shop\/index.php?rest_route=\/wp\/v2\/product\/2503","targetHints":{"allow":["GET"]}}],"collection":[{"href":"https:\/\/mediendesign-moser.at\/shop\/index.php?rest_route=\/wp\/v2\/product"}],"about":[{"href":"https:\/\/mediendesign-moser.at\/shop\/index.php?rest_route=\/wp\/v2\/types\/product"}],"replies":[{"embeddable":true,"href":"https:\/\/mediendesign-moser.at\/shop\/index.php?rest_route=%2Fwp%2Fv2%2Fcomments&post=2503"}],"wp:featuredmedia":[{"embeddable":true,"href":"https:\/\/mediendesign-moser.at\/shop\/index.php?rest_route=\/wp\/v2\/media\/15706"}],"wp:attachment":[{"href":"https:\/\/mediendesign-moser.at\/shop\/index.php?rest_route=%2Fwp%2Fv2%2Fmedia&parent=2503"}],"wp:term":[{"taxonomy":"product_cat","embeddable":true,"href":"https:\/\/mediendesign-moser.at\/shop\/index.php?rest_route=%2Fwp%2Fv2%2Fproduct_cat&post=2503"},{"taxonomy":"product_tag","embeddable":true,"href":"https:\/\/mediendesign-moser.at\/shop\/index.php?rest_route=%2Fwp%2Fv2%2Fproduct_tag&post=2503"}],"curies":[{"name":"wp","href":"https:\/\/api.w.org\/{rel}","templated":true}]}}