{"id":24954,"date":"2024-09-06T13:22:39","date_gmt":"2024-09-06T11:22:39","guid":{"rendered":"https:\/\/mediendesign-moser.at\/shop\/?post_type=product&#038;p=24954"},"modified":"2025-10-15T19:04:35","modified_gmt":"2025-10-15T17:04:35","slug":"download-schneidedatei-bastelbogen-wolkenkratzer","status":"publish","type":"product","link":"https:\/\/mediendesign-moser.at\/shop\/?product=download-schneidedatei-bastelbogen-wolkenkratzer","title":{"rendered":"Download: Schneidedatei \/ Bastelbogen Wolkenkratzer"},"content":{"rendered":"","protected":false},"excerpt":{"rendered":"<p>Schneide Dateien (.svg, .dxf) f\u00fcr den Zuschnitt eines Wolkenkratzers.<\/p>\n<p>Dieses Geb\u00e4ude passt in eine hohe Explosionsbox (<a href=\"https:\/\/mediendesign-moser.at\/shop\/?product=download-schneide-datei-bastelbogen-explosionsbox-hoch-4x4x7\" target=\"_blank\" rel=\"noopener\">DL-SPBA210<\/a>) und ist geeignet als Reisegeschenk z.B. f\u00fcr eine New York Reise.<\/p>\n<p>Mit diesem Download k\u00f6nnen die Papierteile f\u00fcr das Wokenkratzer-Geb\u00e4ude (siehe Fotos) geschnitten werden.<\/p>\n<p>Gr\u00f6\u00dfe des fertig gebastelten Wolkenkratzers (montiert auf der im Dateien-Set vorgesehenen \u00a0Bodenplatte) ist ca. 9,5 cm x 9,5 cm x H\u00f6he ca. 17 cm.<\/p>\n<p>Im Download sind enthalten:<\/p>\n<ul>\n<li>SVG-Dateien f\u00fcr die Verwendung mit folgenden Schneideger\u00e4ten:<br \/>\nCricut (Schneidematte 12&#215;12&#8243; und Falzrad erforderlich), Brother ScanNCut, oder Silhouette-Ger\u00e4te (Silhouette Studio ab Designer-Edition &#8211; Achtung Silhouette Studio Standard kann keine SVG-Dateien importieren!)<\/li>\n<li>DXF-Dateien<\/li>\n<li>Bastelbogen zum selbst Ausdrucken f\u00fcr h\u00e4ndischen Zuschnitt \u2013 PDF Bastelbogen farbig gef\u00fcllt und PDF Druckdatei ohne F\u00fcllung (nur Linien).<\/li>\n<\/ul>\n<p>Das Digitalpapier-Set zum selber Ausdrucken f\u00fcr die Fensterfassaden des Wolkenkratzers und weiteren City-Motiven ist im Download-Set Wolkenkratzer <strong>NICHT<\/strong> enthalten, kann aber in K\u00fcrze in diesem Shop bestellt werdem.<\/p>\n<p>Dieses Projekt wurde mit folgenden Schneideger\u00e4ten getestet:<br \/>\nSilhouette Cameo, Cricut Maker, Brother ScanNCut.<br \/>\nInfos und Anleitungen zur Verwendung mit den jeweiligen Ger\u00e4ten <a href=\"https:\/\/mediendesign-moser.at\/shop\/?page_id=6409\" target=\"_blank\" rel=\"noopener\">findest du hier<\/a>.<\/p>\n<p>Beachten bitte auch unsere \u00a0<a href=\"https:\/\/mediendesign-moser.at\/shop\/?page_id=758\" target=\"_blank\" rel=\"noopener\">Lizenzbedingungen<\/a>\u00a0f\u00fcr downloadbare Produkte.<\/p>\n<p>Bastelvideo:<br \/>\n<iframe loading=\"lazy\" title=\"YouTube video player\" src=\"https:\/\/www.youtube.com\/embed\/dFr14jHk0uk?si=FSIYrCjluKyLQzOc\" width=\"560\" height=\"315\" frameborder=\"0\" allowfullscreen=\"allowfullscreen\"><\/iframe><\/p>\n<p><a href=\"https:\/\/mediendesign-moser.at\/shop\/wp-content\/uploads\/2024\/09\/DL-SPSW110-skyscraper.jpg\"><img loading=\"lazy\" decoding=\"async\" class=\"alignnone size-full wp-image-24951\" src=\"https:\/\/mediendesign-moser.at\/shop\/wp-content\/uploads\/2024\/09\/DL-SPSW110-skyscraper.jpg\" alt=\"\" width=\"1280\" height=\"5060\" srcset=\"https:\/\/mediendesign-moser.at\/shop\/wp-content\/uploads\/2024\/09\/DL-SPSW110-skyscraper.jpg 1280w, https:\/\/mediendesign-moser.at\/shop\/wp-content\/uploads\/2024\/09\/DL-SPSW110-skyscraper-76x300.jpg 76w, https:\/\/mediendesign-moser.at\/shop\/wp-content\/uploads\/2024\/09\/DL-SPSW110-skyscraper-768x3036.jpg 768w, https:\/\/mediendesign-moser.at\/shop\/wp-content\/uploads\/2024\/09\/DL-SPSW110-skyscraper-259x1024.jpg 259w, https:\/\/mediendesign-moser.at\/shop\/wp-content\/uploads\/2024\/09\/DL-SPSW110-skyscraper-600x2372.jpg 600w\" sizes=\"auto, (max-width: 1280px) 100vw, 1280px\" \/><\/a><\/p>\n","protected":false},"featured_media":24944,"comment_status":"open","ping_status":"closed","template":"","meta":{"om_disable_all_campaigns":false,"_monsterinsights_skip_tracking":false,"_monsterinsights_sitenote_active":false,"_monsterinsights_sitenote_note":"","_monsterinsights_sitenote_category":0},"product_cat":[1124,513,796,792,851,263],"product_tag":[],"class_list":{"0":"post-24954","1":"product","2":"type-product","3":"status-publish","4":"has-post-thumbnail","6":"product_cat-bastelboegen","7":"product_cat-schneidplotter-svg-und-pdf","8":"product_cat-gebaeude-schneidplotter-svg-und-pdf","9":"product_cat-sehenswuerdigkeiten","10":"product_cat-urlaub","11":"product_cat-downloadprodukte","13":"first","14":"instock","15":"downloadable","16":"virtual","17":"purchasable","18":"product-type-simple"},"aioseo_notices":[],"jetpack_sharing_enabled":true,"_links":{"self":[{"href":"https:\/\/mediendesign-moser.at\/shop\/index.php?rest_route=\/wp\/v2\/product\/24954","targetHints":{"allow":["GET"]}}],"collection":[{"href":"https:\/\/mediendesign-moser.at\/shop\/index.php?rest_route=\/wp\/v2\/product"}],"about":[{"href":"https:\/\/mediendesign-moser.at\/shop\/index.php?rest_route=\/wp\/v2\/types\/product"}],"replies":[{"embeddable":true,"href":"https:\/\/mediendesign-moser.at\/shop\/index.php?rest_route=%2Fwp%2Fv2%2Fcomments&post=24954"}],"wp:featuredmedia":[{"embeddable":true,"href":"https:\/\/mediendesign-moser.at\/shop\/index.php?rest_route=\/wp\/v2\/media\/24944"}],"wp:attachment":[{"href":"https:\/\/mediendesign-moser.at\/shop\/index.php?rest_route=%2Fwp%2Fv2%2Fmedia&parent=24954"}],"wp:term":[{"taxonomy":"product_cat","embeddable":true,"href":"https:\/\/mediendesign-moser.at\/shop\/index.php?rest_route=%2Fwp%2Fv2%2Fproduct_cat&post=24954"},{"taxonomy":"product_tag","embeddable":true,"href":"https:\/\/mediendesign-moser.at\/shop\/index.php?rest_route=%2Fwp%2Fv2%2Fproduct_tag&post=24954"}],"curies":[{"name":"wp","href":"https:\/\/api.w.org\/{rel}","templated":true}]}}