{"id":24347,"date":"2024-06-24T16:51:13","date_gmt":"2024-06-24T14:51:13","guid":{"rendered":"https:\/\/mediendesign-moser.at\/shop\/?post_type=product&#038;p=24347"},"modified":"2025-11-07T19:30:27","modified_gmt":"2025-11-07T18:30:27","slug":"download-schneidedatei-bastelbogen-moebel-fuer-baeckerei-kaffeehaus","status":"publish","type":"product","link":"https:\/\/mediendesign-moser.at\/shop\/?product=download-schneidedatei-bastelbogen-moebel-fuer-baeckerei-kaffeehaus","title":{"rendered":"Download: Schneidedatei \/ Bastelbogen M\u00f6bel f\u00fcr B\u00e4ckerei\/Kaffeehaus"},"content":{"rendered":"","protected":false},"excerpt":{"rendered":"<p>Schneide Dateien (.svg, .dxf) f\u00fcr den Zuschnitt von M\u00f6beln (Tische, B\u00e4nke, Sessel, Pflanzen) f\u00fcr das Spielhaus B\u00e4ckerei\/Kaffeehaus.<\/p>\n<p>Diese Einrichtung ist gr\u00f6\u00dfenm\u00e4\u00dfig passend f\u00fcr das <a href=\"https:\/\/mediendesign-moser.at\/shop\/?product=download-schneide-datei-bastelbogen-fuer-spielhaus-baeckerei-kaffeehaus\" target=\"_blank\" rel=\"noopener\">Puppenhaus DL-SPPU410<\/a>. Dieses M\u00f6bel-Set kann aber auch in eine Explosionsbox mit doppelter Breite eingebaut werden.<\/p>\n<p>Mit diesem Download k\u00f6nnen die Papierteile f\u00fcr die M\u00f6bel (siehe Fotos) geschnitten werden.<\/p>\n<p>Gr\u00f6\u00dfe der fertig gebastelten Einrichtung (montiert auf der jeweils vorgesehenen Bodenplatte), passt entweder f\u00fcr <a href=\"https:\/\/mediendesign-moser.at\/shop\/?product=download-schneide-datei-bastelbogen-fuer-spielhaus-baeckerei-kaffeehaus\" target=\"_blank\" rel=\"noopener\">DL-SPPU410<\/a> oder f\u00fcr eine Explosionsbox mit Doppelter Breite (<a href=\"https:\/\/mediendesign-moser.at\/shop\/?product=download-schneide-datei-bastelbogen-explosionsbox-doppelte-breite\" target=\"_blank\" rel=\"noopener\">DL-SPBA020<\/a>)<\/p>\n<p>Im Download sind enthalten:<\/p>\n<ul>\n<li>SVG-Dateien f\u00fcr die Verwendung mit folgenden Schneideger\u00e4ten:<br \/>\nCricut, Brother ScanNCut, oder Silhouette-Ger\u00e4te (Silhouette Studio ab Designer-Edition erforderlich)<\/li>\n<li>DXF-Dateien<\/li>\n<li>Bastelbogen zum Ausdrucken f\u00fcr manuellen Zuschnitt \u2013 Bastelbogen farbig gef\u00fcllt und PDF Druckdatei (ohne F\u00fcllung, nur Linien).<\/li>\n<li>Ausdruckbares digitales Designpapier (2 B\u00f6gen) wie auf den Fotos ersichtlich.<\/li>\n<\/ul>\n<p>Dieses Projekt wurde mit folgenden Schneideger\u00e4ten getestet:<br \/>\nSilhouette Cameo, Cricut Maker, Brother ScanNCut.<br \/>\nInfos und Anleitungen zur Verwendung mit den jeweiligen Ger\u00e4ten <a href=\"https:\/\/mediendesign-moser.at\/shop\/?page_id=6409\" target=\"_blank\" rel=\"noopener\">finden Sie hier<\/a>.<\/p>\n<p>Beachten Sie unsere \u00a0<a href=\"https:\/\/mediendesign-moser.at\/shop\/?page_id=758\" target=\"_blank\" rel=\"noopener\">Lizenzbedingungen<\/a>\u00a0f\u00fcr downloadbare Produkte.<\/p>\n<p>Bastelvideo:<br \/>\n<iframe loading=\"lazy\" title=\"YouTube video player\" src=\"https:\/\/www.youtube.com\/embed\/KCWU6Xldvxs?si=bIEJsUv1i7zeC7Mc\" width=\"560\" height=\"315\" frameborder=\"0\" allowfullscreen=\"allowfullscreen\"><\/iframe><br \/>\n<a href=\"https:\/\/mediendesign-moser.at\/shop\/wp-content\/uploads\/2024\/06\/DL-SPPU420-ST-coffeeshop-furniture.jpg\"><img loading=\"lazy\" decoding=\"async\" class=\"alignnone size-full wp-image-24348\" src=\"https:\/\/mediendesign-moser.at\/shop\/wp-content\/uploads\/2024\/06\/DL-SPPU420-ST-coffeeshop-furniture.jpg\" alt=\"\" width=\"1280\" height=\"4750\" srcset=\"https:\/\/mediendesign-moser.at\/shop\/wp-content\/uploads\/2024\/06\/DL-SPPU420-ST-coffeeshop-furniture.jpg 1280w, https:\/\/mediendesign-moser.at\/shop\/wp-content\/uploads\/2024\/06\/DL-SPPU420-ST-coffeeshop-furniture-81x300.jpg 81w, https:\/\/mediendesign-moser.at\/shop\/wp-content\/uploads\/2024\/06\/DL-SPPU420-ST-coffeeshop-furniture-768x2850.jpg 768w, https:\/\/mediendesign-moser.at\/shop\/wp-content\/uploads\/2024\/06\/DL-SPPU420-ST-coffeeshop-furniture-276x1024.jpg 276w, https:\/\/mediendesign-moser.at\/shop\/wp-content\/uploads\/2024\/06\/DL-SPPU420-ST-coffeeshop-furniture-600x2227.jpg 600w\" sizes=\"auto, (max-width: 1280px) 100vw, 1280px\" \/><\/a><\/p>\n","protected":false},"featured_media":24337,"comment_status":"open","ping_status":"closed","template":"","meta":{"om_disable_all_campaigns":false,"_monsterinsights_skip_tracking":false,"_monsterinsights_sitenote_active":false,"_monsterinsights_sitenote_note":"","_monsterinsights_sitenote_category":0},"product_cat":[1124,513,1270,263],"product_tag":[895,1702,1061,896],"class_list":{"0":"post-24347","1":"product","2":"type-product","3":"status-publish","4":"has-post-thumbnail","6":"product_cat-bastelboegen","7":"product_cat-schneidplotter-svg-und-pdf","8":"product_cat-puppenhaus","9":"product_cat-downloadprodukte","10":"product_tag-einrichtung","11":"product_tag-kaffeehaus","12":"product_tag-moebel","13":"product_tag-puppenhaus","15":"first","16":"instock","17":"downloadable","18":"virtual","19":"purchasable","20":"product-type-simple"},"aioseo_notices":[],"jetpack_sharing_enabled":true,"_links":{"self":[{"href":"https:\/\/mediendesign-moser.at\/shop\/index.php?rest_route=\/wp\/v2\/product\/24347","targetHints":{"allow":["GET"]}}],"collection":[{"href":"https:\/\/mediendesign-moser.at\/shop\/index.php?rest_route=\/wp\/v2\/product"}],"about":[{"href":"https:\/\/mediendesign-moser.at\/shop\/index.php?rest_route=\/wp\/v2\/types\/product"}],"replies":[{"embeddable":true,"href":"https:\/\/mediendesign-moser.at\/shop\/index.php?rest_route=%2Fwp%2Fv2%2Fcomments&post=24347"}],"wp:featuredmedia":[{"embeddable":true,"href":"https:\/\/mediendesign-moser.at\/shop\/index.php?rest_route=\/wp\/v2\/media\/24337"}],"wp:attachment":[{"href":"https:\/\/mediendesign-moser.at\/shop\/index.php?rest_route=%2Fwp%2Fv2%2Fmedia&parent=24347"}],"wp:term":[{"taxonomy":"product_cat","embeddable":true,"href":"https:\/\/mediendesign-moser.at\/shop\/index.php?rest_route=%2Fwp%2Fv2%2Fproduct_cat&post=24347"},{"taxonomy":"product_tag","embeddable":true,"href":"https:\/\/mediendesign-moser.at\/shop\/index.php?rest_route=%2Fwp%2Fv2%2Fproduct_tag&post=24347"}],"curies":[{"name":"wp","href":"https:\/\/api.w.org\/{rel}","templated":true}]}}