{"id":2422,"date":"2018-08-20T13:22:57","date_gmt":"2018-08-20T11:22:57","guid":{"rendered":"http:\/\/mediendesign-moser.at\/shop\/?post_type=product&#038;p=2422"},"modified":"2023-11-24T10:10:31","modified_gmt":"2023-11-24T09:10:31","slug":"explosionsbox-mit-einem-gewaechshaus","status":"publish","type":"product","link":"https:\/\/mediendesign-moser.at\/shop\/?product=explosionsbox-mit-einem-gewaechshaus","title":{"rendered":"Explosionsbox mit einem Gew\u00e4chshaus"},"content":{"rendered":"","protected":false},"excerpt":{"rendered":"<p>Handgemachte Explosionsbox mit einem Gew\u00e4chshaus.<br \/>\nGr\u00f6\u00dfe dieser Geschenkbox: W\u00fcrfel mit ca. 10\u00a0cm Seitenkantenl\u00e4nge.<\/p>\n<p>Nicht lieferbar, da wir unsere Explosionsboxen-Angebote eingestellt haben.<\/p>\n","protected":false},"featured_media":2425,"comment_status":"closed","ping_status":"closed","template":"","meta":{"om_disable_all_campaigns":false,"_monsterinsights_skip_tracking":false,"_monsterinsights_sitenote_active":false,"_monsterinsights_sitenote_note":"","_monsterinsights_sitenote_category":0},"product_cat":[662,1224,49],"product_tag":[51,565,365,52,165,629,628],"class_list":{"0":"post-2422","1":"product","2":"type-product","3":"status-publish","4":"has-post-thumbnail","6":"product_cat-garten","7":"product_cat-hobby","8":"product_cat-explosionsboxen","9":"product_tag-explosionsbox","10":"product_tag-garten","11":"product_tag-geldgeschenk","12":"product_tag-geschenk","13":"product_tag-geschenkbox","14":"product_tag-gewaechshaus","15":"product_tag-glashaus","16":"product_shipping_class-gebo","18":"first","19":"instock","20":"product-type-external"},"aioseo_notices":[],"jetpack_sharing_enabled":true,"_links":{"self":[{"href":"https:\/\/mediendesign-moser.at\/shop\/index.php?rest_route=\/wp\/v2\/product\/2422","targetHints":{"allow":["GET"]}}],"collection":[{"href":"https:\/\/mediendesign-moser.at\/shop\/index.php?rest_route=\/wp\/v2\/product"}],"about":[{"href":"https:\/\/mediendesign-moser.at\/shop\/index.php?rest_route=\/wp\/v2\/types\/product"}],"replies":[{"embeddable":true,"href":"https:\/\/mediendesign-moser.at\/shop\/index.php?rest_route=%2Fwp%2Fv2%2Fcomments&post=2422"}],"wp:featuredmedia":[{"embeddable":true,"href":"https:\/\/mediendesign-moser.at\/shop\/index.php?rest_route=\/wp\/v2\/media\/2425"}],"wp:attachment":[{"href":"https:\/\/mediendesign-moser.at\/shop\/index.php?rest_route=%2Fwp%2Fv2%2Fmedia&parent=2422"}],"wp:term":[{"taxonomy":"product_cat","embeddable":true,"href":"https:\/\/mediendesign-moser.at\/shop\/index.php?rest_route=%2Fwp%2Fv2%2Fproduct_cat&post=2422"},{"taxonomy":"product_tag","embeddable":true,"href":"https:\/\/mediendesign-moser.at\/shop\/index.php?rest_route=%2Fwp%2Fv2%2Fproduct_tag&post=2422"}],"curies":[{"name":"wp","href":"https:\/\/api.w.org\/{rel}","templated":true}]}}