{"id":22529,"date":"2023-12-18T19:09:18","date_gmt":"2023-12-18T18:09:18","guid":{"rendered":"https:\/\/mediendesign-moser.at\/shop\/?post_type=product&#038;p=22529"},"modified":"2024-12-06T15:48:51","modified_gmt":"2024-12-06T14:48:51","slug":"download-schneide-datei-inlay-fuer-den-zylinder-hut","status":"publish","type":"product","link":"https:\/\/mediendesign-moser.at\/shop\/?product=download-schneide-datei-inlay-fuer-den-zylinder-hut","title":{"rendered":"Download: Schneide Datei Inlay f\u00fcr den Zylinder Hut"},"content":{"rendered":"","protected":false},"excerpt":{"rendered":"<p>Schneide Dateien (.svg, .dxf) f\u00fcr den Zuschnitt eines Inlays f\u00fcr den Zylinderhut. Aus dem Zylinderhut ragen im umgedrehten Zustand Sterne oder Herzen heraus. (Sterne z.B. geeignet f\u00fcr Silvester\/Neujahr; Herzen geeignet z.B. f\u00fcr Valentinstag)<\/p>\n<p>Mit diesem Download k\u00f6nnen die Papierteile f\u00fcr das Zylinderhut Inlay (samt Sterne und Herzen) geschnitten werden.<\/p>\n<p>Im Download sind enthalten:<\/p>\n<ul>\n<li>SVG-Dateien f\u00fcr die Verwendung mit folgenden Schneideger\u00e4ten:<br \/>\nCricut, Brother ScanNCut, Silhouette Ger\u00e4te<\/li>\n<li>DXF-Dateien<\/li>\n<li>Bastelbogen zum Ausdrucken f\u00fcr manuellen Zuschnitt.<\/li>\n<\/ul>\n<p>Dieses Projekt wurde mit folgenden Schneideger\u00e4ten getestet:<br \/>\nSilhouette Cameo, Cricut Maker, Brother ScanNCut.<br \/>\nInfos und Anleitungen zur Verwendung mit den jeweiligen Ger\u00e4ten <a href=\"https:\/\/mediendesign-moser.at\/shop\/?page_id=6409\" target=\"_blank\" rel=\"noopener\">finden Sie hier<\/a>.<\/p>\n<p>Beachten Sie unsere \u00a0<a href=\"https:\/\/mediendesign-moser.at\/shop\/?page_id=758\" target=\"_blank\" rel=\"noopener\">Lizenzbedingungen<\/a>\u00a0f\u00fcr downloadbare Produkte.<\/p>\n<p><a href=\"https:\/\/mediendesign-moser.at\/shop\/wp-content\/uploads\/2023\/12\/DL-SPSO004-inlay-silkhat.jpg\"><img loading=\"lazy\" decoding=\"async\" class=\"alignnone size-full wp-image-22530\" src=\"https:\/\/mediendesign-moser.at\/shop\/wp-content\/uploads\/2023\/12\/DL-SPSO004-inlay-silkhat.jpg\" alt=\"\" width=\"1280\" height=\"4200\" srcset=\"https:\/\/mediendesign-moser.at\/shop\/wp-content\/uploads\/2023\/12\/DL-SPSO004-inlay-silkhat.jpg 1280w, https:\/\/mediendesign-moser.at\/shop\/wp-content\/uploads\/2023\/12\/DL-SPSO004-inlay-silkhat-91x300.jpg 91w, https:\/\/mediendesign-moser.at\/shop\/wp-content\/uploads\/2023\/12\/DL-SPSO004-inlay-silkhat-768x2520.jpg 768w, https:\/\/mediendesign-moser.at\/shop\/wp-content\/uploads\/2023\/12\/DL-SPSO004-inlay-silkhat-312x1024.jpg 312w, https:\/\/mediendesign-moser.at\/shop\/wp-content\/uploads\/2023\/12\/DL-SPSO004-inlay-silkhat-600x1969.jpg 600w\" sizes=\"auto, (max-width: 1280px) 100vw, 1280px\" \/><\/a><\/p>\n<p>So sieht der Zylinderhut mit dem Sterne-Inlay aus (Zylinderhut ist eine separate Datei und muss gesondert bestellt werden):\u00a0<a href=\"https:\/\/mediendesign-moser.at\/shop\/wp-content\/uploads\/2023\/12\/BMDM1890.jpg\"><img loading=\"lazy\" decoding=\"async\" class=\"alignnone size-full wp-image-22521\" src=\"https:\/\/mediendesign-moser.at\/shop\/wp-content\/uploads\/2023\/12\/BMDM1890.jpg\" alt=\"\" width=\"1280\" height=\"853\" srcset=\"https:\/\/mediendesign-moser.at\/shop\/wp-content\/uploads\/2023\/12\/BMDM1890.jpg 1280w, https:\/\/mediendesign-moser.at\/shop\/wp-content\/uploads\/2023\/12\/BMDM1890-300x200.jpg 300w, https:\/\/mediendesign-moser.at\/shop\/wp-content\/uploads\/2023\/12\/BMDM1890-768x512.jpg 768w, https:\/\/mediendesign-moser.at\/shop\/wp-content\/uploads\/2023\/12\/BMDM1890-1024x682.jpg 1024w, https:\/\/mediendesign-moser.at\/shop\/wp-content\/uploads\/2023\/12\/BMDM1890-600x400.jpg 600w\" sizes=\"auto, (max-width: 1280px) 100vw, 1280px\" \/><\/a><br \/>\nSo sieht der Zylinderhut mit dem Inlay und mit Gl\u00fccksbringern aus (Zylinderhut und Gl\u00fccksbringer sind separate Dateien und m\u00fcssen gesondert bestellt werden):<a href=\"https:\/\/mediendesign-moser.at\/shop\/wp-content\/uploads\/2023\/12\/BMDM1915.jpg\"><img loading=\"lazy\" decoding=\"async\" class=\"alignnone size-full wp-image-22517\" src=\"https:\/\/mediendesign-moser.at\/shop\/wp-content\/uploads\/2023\/12\/BMDM1915.jpg\" alt=\"\" width=\"1280\" height=\"853\" srcset=\"https:\/\/mediendesign-moser.at\/shop\/wp-content\/uploads\/2023\/12\/BMDM1915.jpg 1280w, https:\/\/mediendesign-moser.at\/shop\/wp-content\/uploads\/2023\/12\/BMDM1915-300x200.jpg 300w, https:\/\/mediendesign-moser.at\/shop\/wp-content\/uploads\/2023\/12\/BMDM1915-768x512.jpg 768w, https:\/\/mediendesign-moser.at\/shop\/wp-content\/uploads\/2023\/12\/BMDM1915-1024x682.jpg 1024w, https:\/\/mediendesign-moser.at\/shop\/wp-content\/uploads\/2023\/12\/BMDM1915-600x400.jpg 600w\" sizes=\"auto, (max-width: 1280px) 100vw, 1280px\" \/><\/a><a href=\"https:\/\/mediendesign-moser.at\/shop\/wp-content\/uploads\/2023\/12\/BMDM1916.jpg\"><img loading=\"lazy\" decoding=\"async\" class=\"alignnone size-full wp-image-22516\" src=\"https:\/\/mediendesign-moser.at\/shop\/wp-content\/uploads\/2023\/12\/BMDM1916.jpg\" alt=\"\" width=\"1280\" height=\"853\" srcset=\"https:\/\/mediendesign-moser.at\/shop\/wp-content\/uploads\/2023\/12\/BMDM1916.jpg 1280w, https:\/\/mediendesign-moser.at\/shop\/wp-content\/uploads\/2023\/12\/BMDM1916-300x200.jpg 300w, https:\/\/mediendesign-moser.at\/shop\/wp-content\/uploads\/2023\/12\/BMDM1916-768x512.jpg 768w, https:\/\/mediendesign-moser.at\/shop\/wp-content\/uploads\/2023\/12\/BMDM1916-1024x682.jpg 1024w, https:\/\/mediendesign-moser.at\/shop\/wp-content\/uploads\/2023\/12\/BMDM1916-600x400.jpg 600w\" sizes=\"auto, (max-width: 1280px) 100vw, 1280px\" \/><\/a><\/p>\n","protected":false},"featured_media":22515,"comment_status":"open","ping_status":"closed","template":"","meta":{"om_disable_all_campaigns":false,"_monsterinsights_skip_tracking":false,"_monsterinsights_sitenote_active":false,"_monsterinsights_sitenote_note":"","_monsterinsights_sitenote_category":0},"product_cat":[1124,513,2243,1114,263],"product_tag":[1055,2091,38,1120,457,1219,1644,1870,541,2090,504,142,1220,573,517,53],"class_list":{"0":"post-22529","1":"product","2":"type-product","3":"status-publish","4":"has-post-thumbnail","6":"product_cat-bastelboegen","7":"product_cat-schneidplotter-svg-und-pdf","8":"product_cat-neujahr-und-silvester","9":"product_cat-sonstiges","10":"product_cat-downloadprodukte","11":"product_tag-cricut","12":"product_tag-cutting-file","13":"product_tag-download","14":"product_tag-dxf","15":"product_tag-herzen","16":"product_tag-neujahr","17":"product_tag-pazzles","18":"product_tag-plotterdatei","19":"product_tag-scanncut","20":"product_tag-schneidedatei","21":"product_tag-schneidplotter","22":"product_tag-schneidplotter-datei","23":"product_tag-silvester","24":"product_tag-sterne","25":"product_tag-svg","26":"product_tag-valentinstag","28":"first","29":"instock","30":"downloadable","31":"virtual","32":"purchasable","33":"product-type-simple"},"aioseo_notices":[],"jetpack_sharing_enabled":true,"_links":{"self":[{"href":"https:\/\/mediendesign-moser.at\/shop\/index.php?rest_route=\/wp\/v2\/product\/22529","targetHints":{"allow":["GET"]}}],"collection":[{"href":"https:\/\/mediendesign-moser.at\/shop\/index.php?rest_route=\/wp\/v2\/product"}],"about":[{"href":"https:\/\/mediendesign-moser.at\/shop\/index.php?rest_route=\/wp\/v2\/types\/product"}],"replies":[{"embeddable":true,"href":"https:\/\/mediendesign-moser.at\/shop\/index.php?rest_route=%2Fwp%2Fv2%2Fcomments&post=22529"}],"wp:featuredmedia":[{"embeddable":true,"href":"https:\/\/mediendesign-moser.at\/shop\/index.php?rest_route=\/wp\/v2\/media\/22515"}],"wp:attachment":[{"href":"https:\/\/mediendesign-moser.at\/shop\/index.php?rest_route=%2Fwp%2Fv2%2Fmedia&parent=22529"}],"wp:term":[{"taxonomy":"product_cat","embeddable":true,"href":"https:\/\/mediendesign-moser.at\/shop\/index.php?rest_route=%2Fwp%2Fv2%2Fproduct_cat&post=22529"},{"taxonomy":"product_tag","embeddable":true,"href":"https:\/\/mediendesign-moser.at\/shop\/index.php?rest_route=%2Fwp%2Fv2%2Fproduct_tag&post=22529"}],"curies":[{"name":"wp","href":"https:\/\/api.w.org\/{rel}","templated":true}]}}