{"id":21977,"date":"2023-10-31T10:26:34","date_gmt":"2023-10-31T09:26:34","guid":{"rendered":"https:\/\/mediendesign-moser.at\/shop\/?post_type=product&#038;p=21977"},"modified":"2024-12-08T16:18:37","modified_gmt":"2024-12-08T15:18:37","slug":"download-schneide-datei-kite-surfing","status":"publish","type":"product","link":"https:\/\/mediendesign-moser.at\/shop\/?product=download-schneide-datei-kite-surfing","title":{"rendered":"Download: Schneide Datei Kite Surfing"},"content":{"rendered":"","protected":false},"excerpt":{"rendered":"<p>Schneide Dateien Set (.svg, .dxf) f\u00fcr den Zuschnitt eines Kite Surfing Motives<\/p>\n<p>Mit diesem Download k\u00f6nnen die Papierteile f\u00fcr Kite Surfer mitsamt Kite und Seitenwand (f\u00fcr eine hohe Explosionsbox) zugeschnitten werden. Es sind au\u00dferdem Textplaketten in deutsch und englisch als PrintCut Datei mit enthalten (Siehe Fotos). Die Kites werden an einer stehenden Seitenwand befestigt, damit die Kite Surfer aufrecht in der Explosionsbox stehen bleiben. Bodenbefestigungen f\u00fcr eine stehende Seitenwand sind ebenfalls Teil dieses Dateien-Sets. Dieses Motiv passt in eine <a title=\"Explosionsbox hoch\" href=\"https:\/\/mediendesign-moser.at\/shop\/?product=download-schneide-datei-bastelbogen-explosionsbox-hoch-4x4x7\" target=\"_blank\" rel=\"noopener\">hohe Explosionsbox<\/a> (4 x 4 x 7&#8243; = 10,2 x 10,2 x 17,8 cm) hinein.<br \/>\nSie ben\u00f6tigen eine Schneidemaschine mit Schneidemattengr\u00f6\u00dfe von mindestens 8 x 12&#8243; (z.B. Silhouette Portrait, Silhouette Cameo, Brother ScanNCut, Cricut Maker etc.)<\/p>\n<p>Im Download sind enthalten:<\/p>\n<ul>\n<li>SVG-Dateien f\u00fcr die Verwendung mit folgenden Schneideger\u00e4ten:<br \/>\nCricut, Brother ScanNCut, Silhouette Ger\u00e4te<\/li>\n<li>DXF-Dateien<\/li>\n<li>Texte (deutsch und englisch), sowie die Seitenwand mit Wasser und Himmel sind vorbereitet f\u00fcr die Verwendung der Druck und Schnitt-Funktion Ihres Plotters (Print\/Cut) &#8211; abh\u00e4ngig davon, ob Ihre Schneidemaschine \u00fcber eine Print\/Cut Funktion verf\u00fcgt (im Zweifelsfall bitte die Ger\u00e4tespezifikationen Ihrer Schneidemaschine nachlesen).<\/li>\n<li>Bastelbogen zum Ausdrucken f\u00fcr manuellen Zuschnitt.<\/li>\n<\/ul>\n<p>Dieses Projekt wurde mit folgenden Schneideger\u00e4ten getestet:<br \/>\nSilhouette Cameo, Cricut Maker, Brother ScanNCut.<br \/>\nInfos und Anleitungen zur Verwendung mit den jeweiligen Ger\u00e4ten <a href=\"https:\/\/mediendesign-moser.at\/shop\/?page_id=6409\" target=\"_blank\" rel=\"noopener\">finden Sie hier<\/a>.<\/p>\n<p>Beachten Sie unsere \u00a0<a href=\"https:\/\/mediendesign-moser.at\/shop\/?page_id=758\" target=\"_blank\" rel=\"noopener\">Lizenzbedingungen<\/a>\u00a0f\u00fcr downloadbare Produkte.<\/p>\n<p><img loading=\"lazy\" decoding=\"async\" class=\"alignnone wp-image-21975 size-full\" src=\"https:\/\/mediendesign-moser.at\/shop\/wp-content\/uploads\/2023\/10\/DL-SPSP550-kite-surfing-psd.jpg\" alt=\"\" width=\"1280\" height=\"5700\" srcset=\"https:\/\/mediendesign-moser.at\/shop\/wp-content\/uploads\/2023\/10\/DL-SPSP550-kite-surfing-psd.jpg 1280w, https:\/\/mediendesign-moser.at\/shop\/wp-content\/uploads\/2023\/10\/DL-SPSP550-kite-surfing-psd-768x3420.jpg 768w, https:\/\/mediendesign-moser.at\/shop\/wp-content\/uploads\/2023\/10\/DL-SPSP550-kite-surfing-psd-230x1024.jpg 230w, https:\/\/mediendesign-moser.at\/shop\/wp-content\/uploads\/2023\/10\/DL-SPSP550-kite-surfing-psd-600x2672.jpg 600w\" sizes=\"auto, (max-width: 1280px) 100vw, 1280px\" \/><\/p>\n","protected":false},"featured_media":21974,"comment_status":"open","ping_status":"closed","template":"","meta":{"om_disable_all_campaigns":false,"_monsterinsights_skip_tracking":false,"_monsterinsights_sitenote_active":false,"_monsterinsights_sitenote_note":"","_monsterinsights_sitenote_category":0},"product_cat":[513,804,851,263],"product_tag":[1055,2091,38,1120,2176,2177,2209,1644,1870,541,2090,142,1206,1589,2210,2212,517,2211],"class_list":{"0":"post-21977","1":"product","2":"type-product","3":"status-publish","4":"has-post-thumbnail","6":"product_cat-schneidplotter-svg-und-pdf","7":"product_cat-sport-schneidplotter-svg-und-pdf","8":"product_cat-urlaub","9":"product_cat-downloadprodukte","10":"product_tag-cricut","11":"product_tag-cutting-file","12":"product_tag-download","13":"product_tag-dxf","14":"product_tag-kite","15":"product_tag-kite-surfen","16":"product_tag-kite-surfing","17":"product_tag-pazzles","18":"product_tag-plotterdatei","19":"product_tag-scanncut","20":"product_tag-schneidedatei","21":"product_tag-schneidplotter-datei","22":"product_tag-sommer","23":"product_tag-sonne","24":"product_tag-summer","25":"product_tag-surfen","26":"product_tag-svg","27":"product_tag-wassersport","29":"first","30":"instock","31":"downloadable","32":"virtual","33":"purchasable","34":"product-type-simple"},"aioseo_notices":[],"jetpack_sharing_enabled":true,"_links":{"self":[{"href":"https:\/\/mediendesign-moser.at\/shop\/index.php?rest_route=\/wp\/v2\/product\/21977","targetHints":{"allow":["GET"]}}],"collection":[{"href":"https:\/\/mediendesign-moser.at\/shop\/index.php?rest_route=\/wp\/v2\/product"}],"about":[{"href":"https:\/\/mediendesign-moser.at\/shop\/index.php?rest_route=\/wp\/v2\/types\/product"}],"replies":[{"embeddable":true,"href":"https:\/\/mediendesign-moser.at\/shop\/index.php?rest_route=%2Fwp%2Fv2%2Fcomments&post=21977"}],"wp:featuredmedia":[{"embeddable":true,"href":"https:\/\/mediendesign-moser.at\/shop\/index.php?rest_route=\/wp\/v2\/media\/21974"}],"wp:attachment":[{"href":"https:\/\/mediendesign-moser.at\/shop\/index.php?rest_route=%2Fwp%2Fv2%2Fmedia&parent=21977"}],"wp:term":[{"taxonomy":"product_cat","embeddable":true,"href":"https:\/\/mediendesign-moser.at\/shop\/index.php?rest_route=%2Fwp%2Fv2%2Fproduct_cat&post=21977"},{"taxonomy":"product_tag","embeddable":true,"href":"https:\/\/mediendesign-moser.at\/shop\/index.php?rest_route=%2Fwp%2Fv2%2Fproduct_tag&post=21977"}],"curies":[{"name":"wp","href":"https:\/\/api.w.org\/{rel}","templated":true}]}}