{"id":21840,"date":"2023-10-16T10:49:29","date_gmt":"2023-10-16T08:49:29","guid":{"rendered":"https:\/\/mediendesign-moser.at\/shop\/?post_type=product&#038;p=21840"},"modified":"2024-12-08T16:21:56","modified_gmt":"2024-12-08T15:21:56","slug":"explosionsbox-passend-zur-konditorpruefung","status":"publish","type":"product","link":"https:\/\/mediendesign-moser.at\/shop\/?product=explosionsbox-passend-zur-konditorpruefung","title":{"rendered":"Explosionsbox passend zur Konditorpr\u00fcfung"},"content":{"rendered":"","protected":false},"excerpt":{"rendered":"<p>Handgemachte Explosionsbox, passend als Symbolgeschenk zur bestandenen Konditorpr\u00fcfung.<br \/>\nZentrales Motiv: mehrst\u00f6ckige Torte.<br \/>\nGr\u00f6\u00dfe der Box (in geschlossenem Zustand): W\u00fcrfel mit ca. 10 cm Seitenkantenl\u00e4nge.<\/p>\n<p>Nicht lieferbar, da wir unsere Explosionsboxen-Angebote eingestellt haben.<\/p>\n","protected":false},"featured_media":21832,"comment_status":"closed","ping_status":"closed","template":"","meta":{"om_disable_all_campaigns":false,"_monsterinsights_skip_tracking":false,"_monsterinsights_sitenote_active":false,"_monsterinsights_sitenote_note":"","_monsterinsights_sitenote_category":0},"product_cat":[624,623,620,49],"product_tag":[1051,51,52,2205,2204,2206],"class_list":{"0":"post-21840","1":"product","2":"type-product","3":"status-publish","4":"has-post-thumbnail","6":"product_cat-ausbildung","7":"product_cat-beruf","8":"product_cat-abschluss-von-schule","9":"product_cat-explosionsboxen","10":"product_tag-ausbildung","11":"product_tag-explosionsbox","12":"product_tag-geschenk","13":"product_tag-konditor-meisterpruefung","14":"product_tag-konditorpruefung","15":"product_tag-meisterpruefung","16":"product_shipping_class-gebo","18":"first","19":"instock","20":"product-type-external"},"aioseo_notices":[],"jetpack_sharing_enabled":true,"_links":{"self":[{"href":"https:\/\/mediendesign-moser.at\/shop\/index.php?rest_route=\/wp\/v2\/product\/21840","targetHints":{"allow":["GET"]}}],"collection":[{"href":"https:\/\/mediendesign-moser.at\/shop\/index.php?rest_route=\/wp\/v2\/product"}],"about":[{"href":"https:\/\/mediendesign-moser.at\/shop\/index.php?rest_route=\/wp\/v2\/types\/product"}],"replies":[{"embeddable":true,"href":"https:\/\/mediendesign-moser.at\/shop\/index.php?rest_route=%2Fwp%2Fv2%2Fcomments&post=21840"}],"wp:featuredmedia":[{"embeddable":true,"href":"https:\/\/mediendesign-moser.at\/shop\/index.php?rest_route=\/wp\/v2\/media\/21832"}],"wp:attachment":[{"href":"https:\/\/mediendesign-moser.at\/shop\/index.php?rest_route=%2Fwp%2Fv2%2Fmedia&parent=21840"}],"wp:term":[{"taxonomy":"product_cat","embeddable":true,"href":"https:\/\/mediendesign-moser.at\/shop\/index.php?rest_route=%2Fwp%2Fv2%2Fproduct_cat&post=21840"},{"taxonomy":"product_tag","embeddable":true,"href":"https:\/\/mediendesign-moser.at\/shop\/index.php?rest_route=%2Fwp%2Fv2%2Fproduct_tag&post=21840"}],"curies":[{"name":"wp","href":"https:\/\/api.w.org\/{rel}","templated":true}]}}