{"id":21752,"date":"2023-10-10T13:02:29","date_gmt":"2023-10-10T11:02:29","guid":{"rendered":"https:\/\/mediendesign-moser.at\/shop\/?post_type=product&#038;p=21752"},"modified":"2025-11-08T15:09:58","modified_gmt":"2025-11-08T14:09:58","slug":"download-schneide-datei-bastelbogen-schlitten-ski-und-skistoecke","status":"publish","type":"product","link":"https:\/\/mediendesign-moser.at\/shop\/?product=download-schneide-datei-bastelbogen-schlitten-ski-und-skistoecke","title":{"rendered":"Download: Schneide Datei \/ Bastelbogen Schlitten, Ski und Skist\u00f6cke"},"content":{"rendered":"","protected":false},"excerpt":{"rendered":"<p>Schneide Dateien (.svg, .dxf) f\u00fcr den Zuschnitt von Skiern und Schlitten<\/p>\n<p>Mit diesem Download k\u00f6nnen die Papierteile f\u00fcr Ski, Skist\u00f6cke und Schlitten geschnitten werden. Sie ben\u00f6tigen eine Schneidemaschine mit Schneidemattengr\u00f6\u00dfe von mindestens 8 x 12&#8243; (z.B. Silhouette Portrait, Silhouette Cameo, Brother ScanNCut, Cricut Maker etc.)<\/p>\n<p>Im Download sind enthalten:<\/p>\n<ul>\n<li>SVG-Dateien f\u00fcr die Verwendung mit folgenden Schneideger\u00e4ten:<br \/>\nCricut, Brother ScanNCut, Silhouette Ger\u00e4te<\/li>\n<li>DXF-Dateien<\/li>\n<li>Bastelbogen zum Ausdrucken f\u00fcr manuellen Zuschnitt.<\/li>\n<\/ul>\n<p>Dieses Projekt wurde mit folgenden Schneideger\u00e4ten getestet:<br \/>\nSilhouette Cameo, Cricut Maker, Brother ScanNCut.<br \/>\nInfos und Anleitungen zur Verwendung mit den jeweiligen Ger\u00e4ten <a href=\"https:\/\/mediendesign-moser.at\/shop\/?page_id=6409\" target=\"_blank\" rel=\"noopener\">finden Sie hier<\/a>.<\/p>\n<p>Beachten Sie unsere \u00a0<a href=\"https:\/\/mediendesign-moser.at\/shop\/?page_id=758\" target=\"_blank\" rel=\"noopener\">Lizenzbedingungen<\/a>\u00a0f\u00fcr downloadbare Produkte.<\/p>\n<p><img loading=\"lazy\" decoding=\"async\" class=\"alignnone wp-image-21751 size-full\" src=\"https:\/\/mediendesign-moser.at\/shop\/wp-content\/uploads\/2023\/10\/DL-SPSP590-sled-and-ski.jpg\" alt=\"\" width=\"1280\" height=\"4450\" srcset=\"https:\/\/mediendesign-moser.at\/shop\/wp-content\/uploads\/2023\/10\/DL-SPSP590-sled-and-ski.jpg 1280w, https:\/\/mediendesign-moser.at\/shop\/wp-content\/uploads\/2023\/10\/DL-SPSP590-sled-and-ski-86x300.jpg 86w, https:\/\/mediendesign-moser.at\/shop\/wp-content\/uploads\/2023\/10\/DL-SPSP590-sled-and-ski-768x2670.jpg 768w, https:\/\/mediendesign-moser.at\/shop\/wp-content\/uploads\/2023\/10\/DL-SPSP590-sled-and-ski-600x2086.jpg 600w\" sizes=\"auto, (max-width: 1280px) 100vw, 1280px\" \/><\/p>\n","protected":false},"featured_media":21744,"comment_status":"open","ping_status":"closed","template":"","meta":{"om_disable_all_campaigns":false,"_monsterinsights_skip_tracking":false,"_monsterinsights_sitenote_active":false,"_monsterinsights_sitenote_note":"","_monsterinsights_sitenote_category":0},"product_cat":[1124,513,804,789,263],"product_tag":[1055,2091,38,1120,1644,1870,541,2191,2192,396,2090,504,142,2189,2190,517,137,2193],"class_list":{"0":"post-21752","1":"product","2":"type-product","3":"status-publish","4":"has-post-thumbnail","6":"product_cat-bastelboegen","7":"product_cat-schneidplotter-svg-und-pdf","8":"product_cat-sport-schneidplotter-svg-und-pdf","9":"product_cat-weihnachten-schneidplotter-svg-und-pdf","10":"product_cat-downloadprodukte","11":"product_tag-cricut","12":"product_tag-cutting-file","13":"product_tag-download","14":"product_tag-dxf","15":"product_tag-pazzles","16":"product_tag-plotterdatei","17":"product_tag-scanncut","18":"product_tag-schi","19":"product_tag-schistoecke","20":"product_tag-schlitten","21":"product_tag-schneidedatei","22":"product_tag-schneidplotter","23":"product_tag-schneidplotter-datei","24":"product_tag-ski","25":"product_tag-skier","26":"product_tag-svg","27":"product_tag-winter","28":"product_tag-wintersport","30":"first","31":"instock","32":"downloadable","33":"virtual","34":"purchasable","35":"product-type-simple"},"aioseo_notices":[],"jetpack_sharing_enabled":true,"_links":{"self":[{"href":"https:\/\/mediendesign-moser.at\/shop\/index.php?rest_route=\/wp\/v2\/product\/21752","targetHints":{"allow":["GET"]}}],"collection":[{"href":"https:\/\/mediendesign-moser.at\/shop\/index.php?rest_route=\/wp\/v2\/product"}],"about":[{"href":"https:\/\/mediendesign-moser.at\/shop\/index.php?rest_route=\/wp\/v2\/types\/product"}],"replies":[{"embeddable":true,"href":"https:\/\/mediendesign-moser.at\/shop\/index.php?rest_route=%2Fwp%2Fv2%2Fcomments&post=21752"}],"wp:featuredmedia":[{"embeddable":true,"href":"https:\/\/mediendesign-moser.at\/shop\/index.php?rest_route=\/wp\/v2\/media\/21744"}],"wp:attachment":[{"href":"https:\/\/mediendesign-moser.at\/shop\/index.php?rest_route=%2Fwp%2Fv2%2Fmedia&parent=21752"}],"wp:term":[{"taxonomy":"product_cat","embeddable":true,"href":"https:\/\/mediendesign-moser.at\/shop\/index.php?rest_route=%2Fwp%2Fv2%2Fproduct_cat&post=21752"},{"taxonomy":"product_tag","embeddable":true,"href":"https:\/\/mediendesign-moser.at\/shop\/index.php?rest_route=%2Fwp%2Fv2%2Fproduct_tag&post=21752"}],"curies":[{"name":"wp","href":"https:\/\/api.w.org\/{rel}","templated":true}]}}