{"id":21703,"date":"2023-10-05T14:14:49","date_gmt":"2023-10-05T12:14:49","guid":{"rendered":"https:\/\/mediendesign-moser.at\/shop\/?post_type=product&#038;p=21703"},"modified":"2024-12-08T16:23:16","modified_gmt":"2024-12-08T15:23:16","slug":"download-schneide-datei-gluecksbringer","status":"publish","type":"product","link":"https:\/\/mediendesign-moser.at\/shop\/?product=download-schneide-datei-gluecksbringer","title":{"rendered":"Download: Schneide Datei Gl\u00fccksbringer"},"content":{"rendered":"","protected":false},"excerpt":{"rendered":"<p>Schneide Dateien Set f\u00fcr den Zuschnitt von Gl\u00fccksbringern (Marienk\u00e4fer, Pilz, Kleeblatt, Hufeisen, Herz).<br \/>\nDiese Gi\u00fcckssymbole sind als Print-Cut Datei vorgesehen.<\/p>\n<p>Diese Motive eignen sich z. B. f\u00fcr die Verzierung von Explosionsboxen.<\/p>\n<p>Im Download sind enthalten:<\/p>\n<ul>\n<li>SVG-Dateien f\u00fcr die Verwendung mit folgenden Schneideger\u00e4ten:<br \/>\nCricut, Brother ScanNCut, oder Silhouette-Ger\u00e4te<\/li>\n<li>DXF-Dateien<\/li>\n<li>PDF und\/oder PNG Datei f\u00fcr die Print\/Cut Funktion Ihrer Schneidemaschine (Achtung: Print\/Cut Funktion ist nicht bei jeglichen Ger\u00e4ten verf\u00fcgbar &#8211; beachten Sie bitte die Ger\u00e4tespezifikationen Ihrer Schneidemaschine)<\/li>\n<li>Bastelbogen zum selber Ausdrucken im Dateiformat PDF f\u00fcr manuellen Zuschnitt.<\/li>\n<\/ul>\n<p>Dieses Projekt wurde mit folgenden Schneideger\u00e4ten getestet:<br \/>\nSilhouette Cameo, Cricut Maker, Brother ScanNCut.<br \/>\nInfos und Anleitungen zur Verwendung mit den jeweiligen Ger\u00e4ten <a href=\"https:\/\/mediendesign-moser.at\/shop\/?page_id=6409\" target=\"_blank\" rel=\"noopener\">finden Sie hier<\/a>.<\/p>\n<p>Beachten Sie unsere \u00a0<a href=\"https:\/\/mediendesign-moser.at\/shop\/?page_id=758\" target=\"_blank\" rel=\"noopener\">Lizenzbedingungen<\/a>\u00a0f\u00fcr downloadbare Produkte.<\/p>\n","protected":false},"featured_media":21702,"comment_status":"open","ping_status":"closed","template":"","meta":{"om_disable_all_campaigns":false,"_monsterinsights_skip_tracking":false,"_monsterinsights_sitenote_active":false,"_monsterinsights_sitenote_note":"","_monsterinsights_sitenote_category":0},"product_cat":[1124,513,1146,1114,874,263],"product_tag":[1815,1055,38,2186,2187,2188,1870,143,879],"class_list":{"0":"post-21703","1":"product","2":"type-product","3":"status-publish","4":"has-post-thumbnail","6":"product_cat-bastelboegen","7":"product_cat-schneidplotter-svg-und-pdf","8":"product_cat-etiketten-und-verzierungen","9":"product_cat-sonstiges","10":"product_cat-symbole","11":"product_cat-downloadprodukte","12":"product_tag-brother-scanncut","13":"product_tag-cricut","14":"product_tag-download","15":"product_tag-gluecksbringer","16":"product_tag-glueckssymbole","17":"product_tag-luckycharms","18":"product_tag-plotterdatei","19":"product_tag-silhouette","20":"product_tag-symbole","22":"first","23":"instock","24":"downloadable","25":"virtual","26":"purchasable","27":"product-type-simple"},"aioseo_notices":[],"jetpack_sharing_enabled":true,"_links":{"self":[{"href":"https:\/\/mediendesign-moser.at\/shop\/index.php?rest_route=\/wp\/v2\/product\/21703","targetHints":{"allow":["GET"]}}],"collection":[{"href":"https:\/\/mediendesign-moser.at\/shop\/index.php?rest_route=\/wp\/v2\/product"}],"about":[{"href":"https:\/\/mediendesign-moser.at\/shop\/index.php?rest_route=\/wp\/v2\/types\/product"}],"replies":[{"embeddable":true,"href":"https:\/\/mediendesign-moser.at\/shop\/index.php?rest_route=%2Fwp%2Fv2%2Fcomments&post=21703"}],"wp:featuredmedia":[{"embeddable":true,"href":"https:\/\/mediendesign-moser.at\/shop\/index.php?rest_route=\/wp\/v2\/media\/21702"}],"wp:attachment":[{"href":"https:\/\/mediendesign-moser.at\/shop\/index.php?rest_route=%2Fwp%2Fv2%2Fmedia&parent=21703"}],"wp:term":[{"taxonomy":"product_cat","embeddable":true,"href":"https:\/\/mediendesign-moser.at\/shop\/index.php?rest_route=%2Fwp%2Fv2%2Fproduct_cat&post=21703"},{"taxonomy":"product_tag","embeddable":true,"href":"https:\/\/mediendesign-moser.at\/shop\/index.php?rest_route=%2Fwp%2Fv2%2Fproduct_tag&post=21703"}],"curies":[{"name":"wp","href":"https:\/\/api.w.org\/{rel}","templated":true}]}}