{"id":21675,"date":"2023-10-02T12:38:27","date_gmt":"2023-10-02T10:38:27","guid":{"rendered":"https:\/\/mediendesign-moser.at\/shop\/?post_type=product&#038;p=21675"},"modified":"2024-12-08T16:23:58","modified_gmt":"2024-12-08T15:23:58","slug":"download-schneide-datei-japan-motive-mit-geisha","status":"publish","type":"product","link":"https:\/\/mediendesign-moser.at\/shop\/?product=download-schneide-datei-japan-motive-mit-geisha","title":{"rendered":"Download: Schneide Datei \/ Japan Motive mit Geisha"},"content":{"rendered":"","protected":false},"excerpt":{"rendered":"<p>Schneide Dateien (.svg, .dxf) f\u00fcr den Zuschnitt von Japan Motiven mit Geisha<br \/>\nPassend sowohl f\u00fcr eine Explosionsbox in\u00a0<a href=\"https:\/\/mediendesign-moser.at\/shop\/?product=download-schneide-datei-bastelbogen-explosionsbox-in-einer-uebergroesse-von-5x5x4\" target=\"_blank\" rel=\"noopener\">\u00dcbergr\u00f6\u00dfe<\/a> (5x5x4&#8243;) sowie in Explosionsbox <a href=\"https:\/\/mediendesign-moser.at\/shop\/?product=download-schneide-datei-bastelbogen-explosionsbox-doppelte-breite\" target=\"_blank\" rel=\"noopener\">doppelte Breite<\/a> (4x8x4&#8243;).<\/p>\n<p>Mit diesem Download k\u00f6nnen die Papierteile f\u00fcr die Japan Motive geschnitten werden. Sie ben\u00f6tigen eine Schneidemaschine mit Schneidemattengr\u00f6\u00dfe von mindestens 8 x 12&#8243; (z.B. Silhouette Portrait, Silhouette Cameo, Brother ScanNCut, Cricut Maker etc.)<\/p>\n<p>Im Download sind enthalten:<\/p>\n<ul>\n<li>SVG-Dateien f\u00fcr die Verwendung mit folgenden Schneideger\u00e4ten:<br \/>\nCricut, Brother ScanNCut, Silhouette Ger\u00e4te<\/li>\n<li>DXF-Dateien<\/li>\n<li>Bastelbogen zum Ausdrucken f\u00fcr manuellen Zuschnitt.<\/li>\n<\/ul>\n<p>Dieses Projekt wurde mit folgenden Schneideger\u00e4ten getestet:<br \/>\nSilhouette Cameo, Cricut Maker, Brother ScanNCut.<br \/>\nInfos und Anleitungen zur Verwendung mit den jeweiligen Ger\u00e4ten <a href=\"https:\/\/mediendesign-moser.at\/shop\/?page_id=6409\" target=\"_blank\" rel=\"noopener\">finden Sie hier<\/a>.<\/p>\n<p>Beachten Sie unsere \u00a0<a href=\"https:\/\/mediendesign-moser.at\/shop\/?page_id=758\" target=\"_blank\" rel=\"noopener\">Lizenzbedingungen<\/a>\u00a0f\u00fcr downloadbare Produkte.<\/p>\n<p><a href=\"https:\/\/mediendesign-moser.at\/shop\/wp-content\/uploads\/2023\/10\/DL-SPMF710-japan.jpg\"><img loading=\"lazy\" decoding=\"async\" class=\"alignnone size-full wp-image-21668\" src=\"https:\/\/mediendesign-moser.at\/shop\/wp-content\/uploads\/2023\/10\/DL-SPMF710-japan.jpg\" alt=\"\" width=\"1280\" height=\"2900\" srcset=\"https:\/\/mediendesign-moser.at\/shop\/wp-content\/uploads\/2023\/10\/DL-SPMF710-japan.jpg 1280w, https:\/\/mediendesign-moser.at\/shop\/wp-content\/uploads\/2023\/10\/DL-SPMF710-japan-132x300.jpg 132w, https:\/\/mediendesign-moser.at\/shop\/wp-content\/uploads\/2023\/10\/DL-SPMF710-japan-768x1740.jpg 768w, https:\/\/mediendesign-moser.at\/shop\/wp-content\/uploads\/2023\/10\/DL-SPMF710-japan-452x1024.jpg 452w, https:\/\/mediendesign-moser.at\/shop\/wp-content\/uploads\/2023\/10\/DL-SPMF710-japan-600x1359.jpg 600w\" sizes=\"auto, (max-width: 1280px) 100vw, 1280px\" \/><\/a><\/p>\n","protected":false},"featured_media":21667,"comment_status":"open","ping_status":"closed","template":"","meta":{"om_disable_all_campaigns":false,"_monsterinsights_skip_tracking":false,"_monsterinsights_sitenote_active":false,"_monsterinsights_sitenote_note":"","_monsterinsights_sitenote_category":0},"product_cat":[1124,513,2078,1823,851,263],"product_tag":[2165,2164,2169,1055,2091,38,1120,2185,2171,1525,1644,1870,541,2090,504,142,2184,517],"class_list":{"0":"post-21675","1":"product","2":"type-product","3":"status-publish","4":"has-post-thumbnail","6":"product_cat-bastelboegen","7":"product_cat-schneidplotter-svg-und-pdf","8":"product_cat-landschaft","9":"product_cat-menschen-und-figuren","10":"product_cat-urlaub","11":"product_cat-downloadprodukte","12":"product_tag-asian","13":"product_tag-asiatisch","14":"product_tag-asien","15":"product_tag-cricut","16":"product_tag-cutting-file","17":"product_tag-download","18":"product_tag-dxf","19":"product_tag-fuji","20":"product_tag-geisha","21":"product_tag-japan","22":"product_tag-pazzles","23":"product_tag-plotterdatei","24":"product_tag-scanncut","25":"product_tag-schneidedatei","26":"product_tag-schneidplotter","27":"product_tag-schneidplotter-datei","28":"product_tag-sprintcut","29":"product_tag-svg","31":"first","32":"instock","33":"downloadable","34":"virtual","35":"purchasable","36":"product-type-simple"},"aioseo_notices":[],"jetpack_sharing_enabled":true,"_links":{"self":[{"href":"https:\/\/mediendesign-moser.at\/shop\/index.php?rest_route=\/wp\/v2\/product\/21675","targetHints":{"allow":["GET"]}}],"collection":[{"href":"https:\/\/mediendesign-moser.at\/shop\/index.php?rest_route=\/wp\/v2\/product"}],"about":[{"href":"https:\/\/mediendesign-moser.at\/shop\/index.php?rest_route=\/wp\/v2\/types\/product"}],"replies":[{"embeddable":true,"href":"https:\/\/mediendesign-moser.at\/shop\/index.php?rest_route=%2Fwp%2Fv2%2Fcomments&post=21675"}],"wp:featuredmedia":[{"embeddable":true,"href":"https:\/\/mediendesign-moser.at\/shop\/index.php?rest_route=\/wp\/v2\/media\/21667"}],"wp:attachment":[{"href":"https:\/\/mediendesign-moser.at\/shop\/index.php?rest_route=%2Fwp%2Fv2%2Fmedia&parent=21675"}],"wp:term":[{"taxonomy":"product_cat","embeddable":true,"href":"https:\/\/mediendesign-moser.at\/shop\/index.php?rest_route=%2Fwp%2Fv2%2Fproduct_cat&post=21675"},{"taxonomy":"product_tag","embeddable":true,"href":"https:\/\/mediendesign-moser.at\/shop\/index.php?rest_route=%2Fwp%2Fv2%2Fproduct_tag&post=21675"}],"curies":[{"name":"wp","href":"https:\/\/api.w.org\/{rel}","templated":true}]}}