{"id":2020,"date":"2018-06-06T14:08:13","date_gmt":"2018-06-06T12:08:13","guid":{"rendered":"http:\/\/mediendesign-moser.at\/shop\/?post_type=product&#038;p=2020"},"modified":"2018-08-24T15:47:59","modified_gmt":"2018-08-24T13:47:59","slug":"download-digitales-designpapier-dirndlmuster","status":"publish","type":"product","link":"https:\/\/mediendesign-moser.at\/shop\/?product=download-digitales-designpapier-dirndlmuster","title":{"rendered":"Download: Digitales Designpapier &#8220;Dirndlmuster&#8221;"},"content":{"rendered":"","protected":false},"excerpt":{"rendered":"<p>Downloadbares digitales Designpapier mit acht verschiedenen Papieren zum selbst ausdrucken.<br \/>\nDie enthaltenen Dirndl-Designs sind ideal f\u00fcr Scrapbooking, Kartenherstellung, Verpackung und sonstige kreative Papierprojekte.<br \/>\nDieser Download enth\u00e4lt Dateien im Dateiformat .jpg (2000 x 2830 pix) und im Dateiformat .pdf in der Gr\u00f6\u00dfe A4 (21 x 29,7 cm).<br \/>\nDie Lizenz f\u00fcr dieses Digitalpapier umfasst den pers\u00f6nlichen Gebrauch und den Gebrauch f\u00fcr kleine Unternehmen.<br \/>\nWenn Sie eine erweiterte Lizenz f\u00fcr dieses Designpapier ben\u00f6tigen (d.h. f\u00fcr die Herstellung von mehr als 400 Artikeln mit diesen Designs), dann kontaktieren Sie uns bitte.<\/p>\n<p><a href=\"https:\/\/mediendesign-moser.at\/international\/?product=download-files-digital-paper-bavarian-dirndl-pattern\" target=\"_blank\" rel=\"noopener\">This item is also available in our International Shop for customers all over the world.<\/a><\/p>\n","protected":false},"featured_media":2021,"comment_status":"closed","ping_status":"closed","template":"","meta":{"om_disable_all_campaigns":false,"_monsterinsights_skip_tracking":false,"_monsterinsights_sitenote_active":false,"_monsterinsights_sitenote_note":"","_monsterinsights_sitenote_category":0},"product_cat":[555,263],"product_tag":[586,579,585,578,418,40,556,580,582,38,557,584,562,583,581,518,99,576,561,587],"class_list":{"0":"post-2020","1":"product","2":"type-product","3":"status-publish","4":"has-post-thumbnail","6":"product_cat-digitalpapier","7":"product_cat-downloadprodukte","8":"product_tag-alpen","9":"product_tag-bavarian","10":"product_tag-bayern","11":"product_tag-bayrisch","12":"product_tag-berge","13":"product_tag-designpapier","14":"product_tag-digitalpapier","15":"product_tag-dirndl","16":"product_tag-dirndlkleid","17":"product_tag-download","18":"product_tag-druck","19":"product_tag-gemustert","20":"product_tag-kartengestaltung","21":"product_tag-kleid","22":"product_tag-muster","23":"product_tag-pdf","24":"product_tag-reise","25":"product_tag-reisen","26":"product_tag-scrapbook","27":"product_tag-tradition","29":"first","30":"instock","31":"downloadable","32":"virtual","33":"purchasable","34":"product-type-simple"},"aioseo_notices":[],"jetpack_sharing_enabled":true,"_links":{"self":[{"href":"https:\/\/mediendesign-moser.at\/shop\/index.php?rest_route=\/wp\/v2\/product\/2020","targetHints":{"allow":["GET"]}}],"collection":[{"href":"https:\/\/mediendesign-moser.at\/shop\/index.php?rest_route=\/wp\/v2\/product"}],"about":[{"href":"https:\/\/mediendesign-moser.at\/shop\/index.php?rest_route=\/wp\/v2\/types\/product"}],"replies":[{"embeddable":true,"href":"https:\/\/mediendesign-moser.at\/shop\/index.php?rest_route=%2Fwp%2Fv2%2Fcomments&post=2020"}],"wp:featuredmedia":[{"embeddable":true,"href":"https:\/\/mediendesign-moser.at\/shop\/index.php?rest_route=\/wp\/v2\/media\/2021"}],"wp:attachment":[{"href":"https:\/\/mediendesign-moser.at\/shop\/index.php?rest_route=%2Fwp%2Fv2%2Fmedia&parent=2020"}],"wp:term":[{"taxonomy":"product_cat","embeddable":true,"href":"https:\/\/mediendesign-moser.at\/shop\/index.php?rest_route=%2Fwp%2Fv2%2Fproduct_cat&post=2020"},{"taxonomy":"product_tag","embeddable":true,"href":"https:\/\/mediendesign-moser.at\/shop\/index.php?rest_route=%2Fwp%2Fv2%2Fproduct_tag&post=2020"}],"curies":[{"name":"wp","href":"https:\/\/api.w.org\/{rel}","templated":true}]}}