{"id":20028,"date":"2023-04-28T11:27:27","date_gmt":"2023-04-28T09:27:27","guid":{"rendered":"https:\/\/mediendesign-moser.at\/shop\/?post_type=product&#038;p=20028"},"modified":"2024-12-08T16:27:08","modified_gmt":"2024-12-08T15:27:08","slug":"download-schneide-datei-bastelbogen-asiatische-pagode","status":"publish","type":"product","link":"https:\/\/mediendesign-moser.at\/shop\/?product=download-schneide-datei-bastelbogen-asiatische-pagode","title":{"rendered":"Download: Schneide Datei \/ Bastelbogen asiatische Pagode"},"content":{"rendered":"","protected":false},"excerpt":{"rendered":"<p>Schneide Dateien Set (.svg, .dxf) f\u00fcr den Zuschnitt einer asiatischen Pagode.<br \/>\nPassend f\u00fcr eine Explosionsbox in <a href=\"https:\/\/mediendesign-moser.at\/shop\/?product=download-schneide-datei-bastelbogen-explosionsbox-in-standardgroesse\" target=\"_blank\" rel=\"noopener\">Standardgr\u00f6\u00dfe<\/a> (4x4x4&#8243;), wir empfehlen jedoch aus Platzgr\u00fcnden diese Pagode in eine Explosionsbox in <a href=\"https:\/\/mediendesign-moser.at\/shop\/?product=download-schneide-datei-bastelbogen-explosionsbox-in-einer-uebergroesse-von-5x5x4\" target=\"_blank\" rel=\"noopener\">\u00dcbergr\u00f6\u00dfe<\/a> (5x5x4&#8243;) oder in eine Explosionsbox <a href=\"https:\/\/mediendesign-moser.at\/shop\/?product=download-schneide-datei-bastelbogen-explosionsbox-doppelte-breite\" target=\"_blank\" rel=\"noopener\">doppelte Breite<\/a> (4x8x4&#8243;) zu geben.<br \/>\nGr\u00f6\u00dfe der fertig hergestellten Pagode: 8x8x9,9 cm H\u00f6he.<\/p>\n<p>Mit diesem Download k\u00f6nnen die Papierteile f\u00fcr diese Pagode (Fotos) geschnitten werden. Sie ben\u00f6tigen eine Schneidemaschine mit Schneidemattengr\u00f6\u00dfe von mindestens 8 x 12&#8243; (z.B. Silhouette Portrait, Silhouette Cameo, Brother ScanNCut, Cricut Maker etc.)<\/p>\n<p>Im Download sind enthalten:<\/p>\n<ul>\n<li>SVG-Dateien f\u00fcr die Verwendung mit folgenden Schneideger\u00e4ten:<br \/>\nCricut, Brother ScanNCut, Silhouette Ger\u00e4te<\/li>\n<li>DXF-Dateien<\/li>\n<li>Bastelbogen zum Ausdrucken f\u00fcr manuellen Zuschnitt.<\/li>\n<\/ul>\n<p>Dieses Projekt wurde mit folgenden Schneideger\u00e4ten getestet:<br \/>\nSilhouette Cameo, Cricut Maker, Brother ScanNCut.<br \/>\nInfos und Anleitungen zur Verwendung mit den jeweiligen Ger\u00e4ten <a href=\"https:\/\/mediendesign-moser.at\/shop\/?page_id=6409\" target=\"_blank\" rel=\"noopener\">finden Sie hier<\/a>.<\/p>\n<p>Beachten Sie unsere \u00a0<a href=\"https:\/\/mediendesign-moser.at\/shop\/?page_id=758\" target=\"_blank\" rel=\"noopener\">Lizenzbedingungen<\/a>\u00a0f\u00fcr downloadbare Produkte.<\/p>\n<p>Bastelvideo:<br \/>\n<iframe loading=\"lazy\" title=\"YouTube video player\" src=\"https:\/\/www.youtube.com\/embed\/NDN19EJCwvc\" width=\"560\" height=\"315\" frameborder=\"0\" allowfullscreen=\"allowfullscreen\"><\/iframe><\/p>\n<p><a href=\"https:\/\/mediendesign-moser.at\/shop\/wp-content\/uploads\/2023\/04\/DL-SPG250-pagoda.jpg\"><img loading=\"lazy\" decoding=\"async\" class=\"alignnone size-full wp-image-20021\" src=\"https:\/\/mediendesign-moser.at\/shop\/wp-content\/uploads\/2023\/04\/DL-SPG250-pagoda.jpg\" alt=\"\" width=\"1280\" height=\"7707\" srcset=\"https:\/\/mediendesign-moser.at\/shop\/wp-content\/uploads\/2023\/04\/DL-SPG250-pagoda.jpg 1280w, https:\/\/mediendesign-moser.at\/shop\/wp-content\/uploads\/2023\/04\/DL-SPG250-pagoda-50x300.jpg 50w, https:\/\/mediendesign-moser.at\/shop\/wp-content\/uploads\/2023\/04\/DL-SPG250-pagoda-768x4624.jpg 768w, https:\/\/mediendesign-moser.at\/shop\/wp-content\/uploads\/2023\/04\/DL-SPG250-pagoda-170x1024.jpg 170w, https:\/\/mediendesign-moser.at\/shop\/wp-content\/uploads\/2023\/04\/DL-SPG250-pagoda-600x3613.jpg 600w\" sizes=\"auto, (max-width: 1280px) 100vw, 1280px\" \/><\/a><\/p>\n","protected":false},"featured_media":20020,"comment_status":"open","ping_status":"closed","template":"","meta":{"om_disable_all_campaigns":false,"_monsterinsights_skip_tracking":false,"_monsterinsights_sitenote_active":false,"_monsterinsights_sitenote_note":"","_monsterinsights_sitenote_category":0},"product_cat":[1124,513,796,792,851,263],"product_tag":[2165,2164,2167,2166,1055,2091,38,1120,1525,2168,2163,2162,1644,1870,541,2090,504,142,720,517],"class_list":{"0":"post-20028","1":"product","2":"type-product","3":"status-publish","4":"has-post-thumbnail","6":"product_cat-bastelboegen","7":"product_cat-schneidplotter-svg-und-pdf","8":"product_cat-gebaeude-schneidplotter-svg-und-pdf","9":"product_cat-sehenswuerdigkeiten","10":"product_cat-urlaub","11":"product_cat-downloadprodukte","12":"product_tag-asian","13":"product_tag-asiatisch","14":"product_tag-asien-reise","15":"product_tag-china","16":"product_tag-cricut","17":"product_tag-cutting-file","18":"product_tag-download","19":"product_tag-dxf","20":"product_tag-japan","21":"product_tag-japan-reise","22":"product_tag-pagoda","23":"product_tag-pagode","24":"product_tag-pazzles","25":"product_tag-plotterdatei","26":"product_tag-scanncut","27":"product_tag-schneidedatei","28":"product_tag-schneidplotter","29":"product_tag-schneidplotter-datei","30":"product_tag-sehenswuerdigkeit","31":"product_tag-svg","33":"first","34":"instock","35":"downloadable","36":"virtual","37":"purchasable","38":"product-type-simple"},"aioseo_notices":[],"jetpack_sharing_enabled":true,"_links":{"self":[{"href":"https:\/\/mediendesign-moser.at\/shop\/index.php?rest_route=\/wp\/v2\/product\/20028","targetHints":{"allow":["GET"]}}],"collection":[{"href":"https:\/\/mediendesign-moser.at\/shop\/index.php?rest_route=\/wp\/v2\/product"}],"about":[{"href":"https:\/\/mediendesign-moser.at\/shop\/index.php?rest_route=\/wp\/v2\/types\/product"}],"replies":[{"embeddable":true,"href":"https:\/\/mediendesign-moser.at\/shop\/index.php?rest_route=%2Fwp%2Fv2%2Fcomments&post=20028"}],"wp:featuredmedia":[{"embeddable":true,"href":"https:\/\/mediendesign-moser.at\/shop\/index.php?rest_route=\/wp\/v2\/media\/20020"}],"wp:attachment":[{"href":"https:\/\/mediendesign-moser.at\/shop\/index.php?rest_route=%2Fwp%2Fv2%2Fmedia&parent=20028"}],"wp:term":[{"taxonomy":"product_cat","embeddable":true,"href":"https:\/\/mediendesign-moser.at\/shop\/index.php?rest_route=%2Fwp%2Fv2%2Fproduct_cat&post=20028"},{"taxonomy":"product_tag","embeddable":true,"href":"https:\/\/mediendesign-moser.at\/shop\/index.php?rest_route=%2Fwp%2Fv2%2Fproduct_tag&post=20028"}],"curies":[{"name":"wp","href":"https:\/\/api.w.org\/{rel}","templated":true}]}}