{"id":1983,"date":"2018-05-29T14:54:53","date_gmt":"2018-05-29T12:54:53","guid":{"rendered":"http:\/\/mediendesign-moser.at\/shop\/?post_type=product&#038;p=1983"},"modified":"2021-01-12T18:53:40","modified_gmt":"2021-01-12T17:53:40","slug":"download-digitales-designpapier-cupcakes-stripes","status":"publish","type":"product","link":"https:\/\/mediendesign-moser.at\/shop\/?product=download-digitales-designpapier-cupcakes-stripes","title":{"rendered":"Download: Digitales Designpapier &#8220;Cupcakes &#038; Stripes&#8221;"},"content":{"rendered":"","protected":false},"excerpt":{"rendered":"<p>Downloadbares digitales Designpapier mit f\u00fcnf verschiedenen Papieren zum selbst ausdrucken.<br \/>\nDie enthaltenen Cupcake- und Streifendesigns sind ideal f\u00fcr Scrapbooking, Kartenherstellung, Verpackung und sonstige kreative Papierprojekte.<br \/>\nDieser Download enth\u00e4lt Dateien im Dateiformat .jpg (2000 x 2830 pix) und im Dateiformat .pdf in der Gr\u00f6\u00dfe A4 (21 x 29,7 cm).<br \/>\nDie Lizenz f\u00fcr dieses Digitalpapier umfasst den pers\u00f6nlichen Gebrauch und den Gebrauch f\u00fcr kleine Unternehmen.<br \/>\nWenn Sie eine erweiterte Lizenz f\u00fcr diesen Artikel ben\u00f6tigen (d.h. f\u00fcr die Herstellung von mehr als 400 Artikeln mit diesen Designs), dann kontaktieren Sie uns bitte.<\/p>\n<p><a href=\"https:\/\/mediendesign-moser.at\/international\/?product=download-files-digital-paper-cupcakes-stripes\" target=\"_blank\" rel=\"noopener\">This item is also available in our International Shop for customers all over the world.<\/a><\/p>\n","protected":false},"featured_media":1984,"comment_status":"closed","ping_status":"closed","template":"","meta":{"om_disable_all_campaigns":false,"_monsterinsights_skip_tracking":false,"_monsterinsights_sitenote_active":false,"_monsterinsights_sitenote_note":"","_monsterinsights_sitenote_category":0},"product_cat":[555,263],"product_tag":[558,40,556,38,557,562,563,518,561,559,560],"class_list":{"0":"post-1983","1":"product","2":"type-product","3":"status-publish","4":"has-post-thumbnail","6":"product_cat-digitalpapier","7":"product_cat-downloadprodukte","8":"product_tag-cupcakes","9":"product_tag-designpapier","10":"product_tag-digitalpapier","11":"product_tag-download","12":"product_tag-druck","13":"product_tag-kartengestaltung","14":"product_tag-pastell","15":"product_tag-pdf","16":"product_tag-scrapbook","17":"product_tag-streifen","18":"product_tag-stripes","20":"first","21":"instock","22":"downloadable","23":"virtual","24":"purchasable","25":"product-type-simple"},"aioseo_notices":[],"jetpack_sharing_enabled":true,"_links":{"self":[{"href":"https:\/\/mediendesign-moser.at\/shop\/index.php?rest_route=\/wp\/v2\/product\/1983","targetHints":{"allow":["GET"]}}],"collection":[{"href":"https:\/\/mediendesign-moser.at\/shop\/index.php?rest_route=\/wp\/v2\/product"}],"about":[{"href":"https:\/\/mediendesign-moser.at\/shop\/index.php?rest_route=\/wp\/v2\/types\/product"}],"replies":[{"embeddable":true,"href":"https:\/\/mediendesign-moser.at\/shop\/index.php?rest_route=%2Fwp%2Fv2%2Fcomments&post=1983"}],"wp:featuredmedia":[{"embeddable":true,"href":"https:\/\/mediendesign-moser.at\/shop\/index.php?rest_route=\/wp\/v2\/media\/1984"}],"wp:attachment":[{"href":"https:\/\/mediendesign-moser.at\/shop\/index.php?rest_route=%2Fwp%2Fv2%2Fmedia&parent=1983"}],"wp:term":[{"taxonomy":"product_cat","embeddable":true,"href":"https:\/\/mediendesign-moser.at\/shop\/index.php?rest_route=%2Fwp%2Fv2%2Fproduct_cat&post=1983"},{"taxonomy":"product_tag","embeddable":true,"href":"https:\/\/mediendesign-moser.at\/shop\/index.php?rest_route=%2Fwp%2Fv2%2Fproduct_tag&post=1983"}],"curies":[{"name":"wp","href":"https:\/\/api.w.org\/{rel}","templated":true}]}}