{"id":1859,"date":"2018-05-17T10:34:41","date_gmt":"2018-05-17T08:34:41","guid":{"rendered":"http:\/\/mediendesign-moser.at\/shop\/?post_type=product&#038;p=1859"},"modified":"2025-10-15T19:05:24","modified_gmt":"2025-10-15T17:05:24","slug":"download-schneidplotter-datei-fuer-almhuette","status":"publish","type":"product","link":"https:\/\/mediendesign-moser.at\/shop\/?product=download-schneidplotter-datei-fuer-almhuette","title":{"rendered":"Download: Schneide Datei \/ Bastelbogen f\u00fcr Almh\u00fctte"},"content":{"rendered":"","protected":false},"excerpt":{"rendered":"<p>Schneide Datei \/ Bastelbogen \u00a0(.svg, .dxf, .pdf) f\u00fcr den Zuschnitt einer Almh\u00fctte.<\/p>\n<p>Mit diesem Download kann die Almh\u00fctte zugeschnitten werden.<br \/>\nDie fertig hergestellten H\u00e4uschen haben folgende Gr\u00f6\u00dfe: ca. 9 x 6,5 cm x 6 cm H\u00f6he (Ma\u00dfe des H\u00e4uschens ohne Bodenplatte). Dieses Geb\u00e4ude passt ideal in eine Explosionsbox mit einer Seitenkantenl\u00e4nge von ca. 10 cm hinein.<\/p>\n<p>Im Download sind enthalten:<\/p>\n<ul>\n<li>SVG-Dateien f\u00fcr die Verwendung mit folgenden Schneideger\u00e4ten:<br \/>\nCricut, Pazzles, Brother ScanNCut, oder Silhouette-Ger\u00e4te (Silhouette Studio ab Designer-Edition erforderlich)<\/li>\n<li>DXF-Dateien<\/li>\n<li>Bastelbogen-PDF zum Ausdrucken<\/li>\n<\/ul>\n<p>Dieses Projekt wurde mit folgenden Schneideger\u00e4ten getestet:<br \/>\nSilhouette Cameo, Cricut Maker, Brother ScanNCut.<br \/>\nInfos und Anleitungen zur Verwendung mit den jeweiligen Ger\u00e4ten <a href=\"https:\/\/mediendesign-moser.at\/shop\/?page_id=6409\" target=\"_blank\" rel=\"noopener\">finden Sie hier<\/a>.<\/p>\n<p>Beachten Sie unsere \u00a0<a href=\"https:\/\/mediendesign-moser.at\/shop\/?page_id=758\" target=\"_blank\" rel=\"noopener\">Lizenzbedingungen<\/a>\u00a0f\u00fcr downloadbare Produkte.<\/p>\n<p><a href=\"https:\/\/mediendesign-moser.at\/shop\/wp-content\/uploads\/2021\/08\/DL-SPG002-chalet.jpg\"><img loading=\"lazy\" decoding=\"async\" class=\"alignnone size-full wp-image-12099\" src=\"https:\/\/mediendesign-moser.at\/shop\/wp-content\/uploads\/2021\/08\/DL-SPG002-chalet.jpg\" alt=\"\" width=\"640\" height=\"2370\" srcset=\"https:\/\/mediendesign-moser.at\/shop\/wp-content\/uploads\/2021\/08\/DL-SPG002-chalet.jpg 640w, https:\/\/mediendesign-moser.at\/shop\/wp-content\/uploads\/2021\/08\/DL-SPG002-chalet-81x300.jpg 81w, https:\/\/mediendesign-moser.at\/shop\/wp-content\/uploads\/2021\/08\/DL-SPG002-chalet-600x2222.jpg 600w\" sizes=\"auto, (max-width: 640px) 100vw, 640px\" \/><\/a><\/p>\n<p>&nbsp;<\/p>\n","protected":false},"featured_media":12111,"comment_status":"open","ping_status":"closed","template":"","meta":{"om_disable_all_campaigns":false,"_monsterinsights_skip_tracking":false,"_monsterinsights_sitenote_active":false,"_monsterinsights_sitenote_note":"","_monsterinsights_sitenote_category":0},"product_cat":[1124,513,796,851,263],"product_tag":[546,547,418,542,1801,38,114,543,548,501,503,518,541,504,142,517],"class_list":{"0":"post-1859","1":"product","2":"type-product","3":"status-publish","4":"has-post-thumbnail","6":"product_cat-bastelboegen","7":"product_cat-schneidplotter-svg-und-pdf","8":"product_cat-gebaeude-schneidplotter-svg-und-pdf","9":"product_cat-urlaub","10":"product_cat-downloadprodukte","11":"product_tag-alm","12":"product_tag-almhuette","13":"product_tag-berge","14":"product_tag-brother","15":"product_tag-chalet","16":"product_tag-download","17":"product_tag-haus","18":"product_tag-haeuser","19":"product_tag-huette","20":"product_tag-modell","21":"product_tag-papiermodell","22":"product_tag-pdf","23":"product_tag-scanncut","24":"product_tag-schneidplotter","25":"product_tag-schneidplotter-datei","26":"product_tag-svg","28":"first","29":"instock","30":"downloadable","31":"virtual","32":"purchasable","33":"product-type-simple"},"aioseo_notices":[],"jetpack_sharing_enabled":true,"_links":{"self":[{"href":"https:\/\/mediendesign-moser.at\/shop\/index.php?rest_route=\/wp\/v2\/product\/1859","targetHints":{"allow":["GET"]}}],"collection":[{"href":"https:\/\/mediendesign-moser.at\/shop\/index.php?rest_route=\/wp\/v2\/product"}],"about":[{"href":"https:\/\/mediendesign-moser.at\/shop\/index.php?rest_route=\/wp\/v2\/types\/product"}],"replies":[{"embeddable":true,"href":"https:\/\/mediendesign-moser.at\/shop\/index.php?rest_route=%2Fwp%2Fv2%2Fcomments&post=1859"}],"wp:featuredmedia":[{"embeddable":true,"href":"https:\/\/mediendesign-moser.at\/shop\/index.php?rest_route=\/wp\/v2\/media\/12111"}],"wp:attachment":[{"href":"https:\/\/mediendesign-moser.at\/shop\/index.php?rest_route=%2Fwp%2Fv2%2Fmedia&parent=1859"}],"wp:term":[{"taxonomy":"product_cat","embeddable":true,"href":"https:\/\/mediendesign-moser.at\/shop\/index.php?rest_route=%2Fwp%2Fv2%2Fproduct_cat&post=1859"},{"taxonomy":"product_tag","embeddable":true,"href":"https:\/\/mediendesign-moser.at\/shop\/index.php?rest_route=%2Fwp%2Fv2%2Fproduct_tag&post=1859"}],"curies":[{"name":"wp","href":"https:\/\/api.w.org\/{rel}","templated":true}]}}