{"id":1839,"date":"2018-05-14T14:37:07","date_gmt":"2018-05-14T12:37:07","guid":{"rendered":"http:\/\/mediendesign-moser.at\/shop\/?post_type=product&#038;p=1839"},"modified":"2026-02-19T12:08:59","modified_gmt":"2026-02-19T11:08:59","slug":"download-schneidplotter-datei-fuer-haeuserreihe","status":"publish","type":"product","link":"https:\/\/mediendesign-moser.at\/shop\/?product=download-schneidplotter-datei-fuer-haeuserreihe","title":{"rendered":"Download: Schneide Datei \/ Bastelbogen f\u00fcr H\u00e4userreihe"},"content":{"rendered":"","protected":false},"excerpt":{"rendered":"<p>Schneide Dateien (.svg, .dxf) f\u00fcr den Zuschnitt verschiedener H\u00e4userreihen.<\/p>\n<p>Die H\u00e4user sind in 3 verschiedenen Variationen aufbereitet. Mini-H\u00e4userreihen, Naturstil-H\u00e4userreihen und H\u00e4userreihen Standardgr\u00f6\u00dfe.<br \/>\nJeweils herstellbar als Einzelhaus, 2er-H\u00e4userreihe oder 3er-H\u00e4userreihe.<\/p>\n<p>Im Download sind enthalten:<\/p>\n<ul>\n<li>SVG-Dateien f\u00fcr die Verwendung mit folgenden Schneideger\u00e4ten:<br \/>\nCricut, Brother ScanNCut, oder Silhouette-Ger\u00e4te (Silhouette Studio ab Designer-Edition erforderlich)<\/li>\n<li>DXF-Dateien f\u00fcr Silhouette-Ger\u00e4te (Silhouette Studio Basic Edition ist ausreichend)<\/li>\n<li>Bastelbogen zum Ausdrucken f\u00fcr manuellen Zuschnitt.<\/li>\n<\/ul>\n<p>Dieses Projekt wurde mit folgenden Schneideger\u00e4ten getestet:<br \/>\nSilhouette Cameo, Cricut Maker, Brother ScanNCut.<br \/>\nInfos und Anleitungen zur Verwendung mit den jeweiligen Ger\u00e4ten <a href=\"https:\/\/mediendesign-moser.at\/shop\/?page_id=6409\" target=\"_blank\" rel=\"noopener\">finden Sie hier<\/a>.<\/p>\n<p>Es gelten unsere\u00a0<a href=\"https:\/\/mediendesign-moser.at\/shop\/?page_id=758\" target=\"_blank\" rel=\"noopener\">Lizenzbedingungen<\/a>\u00a0f\u00fcr downloadbare Produkte.<br \/>\n<a href=\"https:\/\/mediendesign-moser.at\/shop\/wp-content\/uploads\/2021\/03\/WB-DL-SPG001a.jpg\"><img loading=\"lazy\" decoding=\"async\" class=\"alignleft size-full wp-image-9852\" src=\"https:\/\/mediendesign-moser.at\/shop\/wp-content\/uploads\/2021\/03\/WB-DL-SPG001a.jpg\" alt=\"\" width=\"250\" height=\"354\" srcset=\"https:\/\/mediendesign-moser.at\/shop\/wp-content\/uploads\/2021\/03\/WB-DL-SPG001a.jpg 250w, https:\/\/mediendesign-moser.at\/shop\/wp-content\/uploads\/2021\/03\/WB-DL-SPG001a-212x300.jpg 212w\" sizes=\"auto, (max-width: 250px) 100vw, 250px\" \/><\/a><\/p>\n<p><iframe loading=\"lazy\" src=\"https:\/\/www.youtube.com\/embed\/yrsQIPDHWMA?rel=0\" width=\"416\" height=\"233\" frameborder=\"0\" allowfullscreen=\"allowfullscreen\"><\/iframe><a href=\"https:\/\/mediendesign-moser.at\/shop\/wp-content\/uploads\/2018\/05\/DL-SPG001-rows-of-houses.jpg\"><img loading=\"lazy\" decoding=\"async\" class=\"alignleft size-full wp-image-9854\" src=\"https:\/\/mediendesign-moser.at\/shop\/wp-content\/uploads\/2018\/05\/DL-SPG001-rows-of-houses.jpg\" alt=\"\" width=\"620\" height=\"1598\" srcset=\"https:\/\/mediendesign-moser.at\/shop\/wp-content\/uploads\/2018\/05\/DL-SPG001-rows-of-houses.jpg 620w, https:\/\/mediendesign-moser.at\/shop\/wp-content\/uploads\/2018\/05\/DL-SPG001-rows-of-houses-116x300.jpg 116w, https:\/\/mediendesign-moser.at\/shop\/wp-content\/uploads\/2018\/05\/DL-SPG001-rows-of-houses-397x1024.jpg 397w, https:\/\/mediendesign-moser.at\/shop\/wp-content\/uploads\/2018\/05\/DL-SPG001-rows-of-houses-600x1546.jpg 600w\" sizes=\"auto, (max-width: 620px) 100vw, 620px\" \/><\/a><\/p>\n<p>&nbsp;<\/p>\n","protected":false},"featured_media":4046,"comment_status":"open","ping_status":"closed","template":"","meta":{"om_disable_all_campaigns":false,"_monsterinsights_skip_tracking":false,"_monsterinsights_sitenote_active":false,"_monsterinsights_sitenote_note":"","_monsterinsights_sitenote_category":0},"product_cat":[1124,513,796,851,263],"product_tag":[542,38,114,543,544,501,503,518,1624,541,504,142,545,517],"class_list":{"0":"post-1839","1":"product","2":"type-product","3":"status-publish","4":"has-post-thumbnail","6":"product_cat-bastelboegen","7":"product_cat-schneidplotter-svg-und-pdf","8":"product_cat-gebaeude-schneidplotter-svg-und-pdf","9":"product_cat-urlaub","10":"product_cat-downloadprodukte","11":"product_tag-brother","12":"product_tag-download","13":"product_tag-haus","14":"product_tag-haeuser","15":"product_tag-haeuserreihe","16":"product_tag-modell","17":"product_tag-papiermodell","18":"product_tag-pdf","19":"product_tag-row-of-houses","20":"product_tag-scanncut","21":"product_tag-schneidplotter","22":"product_tag-schneidplotter-datei","23":"product_tag-stadt","24":"product_tag-svg","26":"first","27":"instock","28":"downloadable","29":"virtual","30":"purchasable","31":"product-type-simple"},"aioseo_notices":[],"jetpack_sharing_enabled":true,"_links":{"self":[{"href":"https:\/\/mediendesign-moser.at\/shop\/index.php?rest_route=\/wp\/v2\/product\/1839","targetHints":{"allow":["GET"]}}],"collection":[{"href":"https:\/\/mediendesign-moser.at\/shop\/index.php?rest_route=\/wp\/v2\/product"}],"about":[{"href":"https:\/\/mediendesign-moser.at\/shop\/index.php?rest_route=\/wp\/v2\/types\/product"}],"replies":[{"embeddable":true,"href":"https:\/\/mediendesign-moser.at\/shop\/index.php?rest_route=%2Fwp%2Fv2%2Fcomments&post=1839"}],"wp:featuredmedia":[{"embeddable":true,"href":"https:\/\/mediendesign-moser.at\/shop\/index.php?rest_route=\/wp\/v2\/media\/4046"}],"wp:attachment":[{"href":"https:\/\/mediendesign-moser.at\/shop\/index.php?rest_route=%2Fwp%2Fv2%2Fmedia&parent=1839"}],"wp:term":[{"taxonomy":"product_cat","embeddable":true,"href":"https:\/\/mediendesign-moser.at\/shop\/index.php?rest_route=%2Fwp%2Fv2%2Fproduct_cat&post=1839"},{"taxonomy":"product_tag","embeddable":true,"href":"https:\/\/mediendesign-moser.at\/shop\/index.php?rest_route=%2Fwp%2Fv2%2Fproduct_tag&post=1839"}],"curies":[{"name":"wp","href":"https:\/\/api.w.org\/{rel}","templated":true}]}}