{"id":17630,"date":"2022-10-10T16:10:57","date_gmt":"2022-10-10T14:10:57","guid":{"rendered":"https:\/\/mediendesign-moser.at\/shop\/?post_type=product&#038;p=17630"},"modified":"2025-11-08T15:12:58","modified_gmt":"2025-11-08T14:12:58","slug":"download-schneide-datei-bastelbogen-winterlandschaft","status":"publish","type":"product","link":"https:\/\/mediendesign-moser.at\/shop\/?product=download-schneide-datei-bastelbogen-winterlandschaft","title":{"rendered":"Download: Schneide Datei \/ Bastelbogen &#8211; Winterlandschaft"},"content":{"rendered":"","protected":false},"excerpt":{"rendered":"<p>Schneide Datei (.svg, .dxf) f\u00fcr den Zuschnitt einer Winterlandschaft<br \/>\nEs sind 2 Gr\u00f6\u00dfen enthalten:<br \/>\nGr\u00f6\u00dfe f\u00fcr Seitenwand Standard Box: 9,2 x 9,2 cm;<br \/>\nGr\u00f6\u00dfe f\u00fcr Seitenwand Box doppelte Breite: 19,5 x 9,2 cm<\/p>\n<p>Mit dieser Landschaft k\u00f6nnen Sie die Seitenw\u00e4nde einer\u00a0<a href=\"https:\/\/mediendesign-moser.at\/shop\/?product=download-schneide-datei-bastelbogen-explosionsbox-in-standardgroesse\" target=\"_blank\" rel=\"noopener\">Explosionsbox mit Standardgr\u00f6\u00dfe<\/a> (ca. 10 cm Seitenkantenl\u00e4nge) und\/oder die Seitenw\u00e4nde einer <a href=\"https:\/\/mediendesign-moser.at\/shop\/?product=download-schneide-datei-bastelbogen-explosionsbox-doppelte-breite\" target=\"_blank\" rel=\"noopener\">Explosionsbox in doppelter Breite<\/a> (ca. 10 x 20 x 10 cm) dekorieren.<\/p>\n<p>Im Download sind enthalten:<\/p>\n<ul>\n<li>SVG-Dateien f\u00fcr die Verwendung mit folgenden Schneideger\u00e4ten:<br \/>\nCricut, Brother ScanNCut, oder Silhouette-Ger\u00e4te<\/li>\n<li>DXF-Dateien<\/li>\n<li>Bastelbogen zum Ausdrucken f\u00fcr manuellen Zuschnitt.<\/li>\n<\/ul>\n<p>Dieses Projekt wurde mit folgenden Schneideger\u00e4ten getestet:<br \/>\nSilhouette Cameo, Cricut Maker, Brother ScanNCut.<br \/>\nInfos und Anleitungen zur Verwendung mit den jeweiligen Ger\u00e4ten <a href=\"https:\/\/mediendesign-moser.at\/shop\/?page_id=6409\" target=\"_blank\" rel=\"noopener\">finden Sie hier<\/a>.<\/p>\n<p>Beachten Sie unsere \u00a0<a href=\"https:\/\/mediendesign-moser.at\/shop\/?page_id=758\" target=\"_blank\" rel=\"noopener\">Lizenzbedingungen<\/a>\u00a0f\u00fcr downloadbare Produkte.<\/p>\n<p><a href=\"https:\/\/mediendesign-moser.at\/shop\/wp-content\/uploads\/2022\/10\/DL-SPWA710-winter-landscape.jpg\"><img loading=\"lazy\" decoding=\"async\" class=\"alignnone size-full wp-image-17622\" src=\"https:\/\/mediendesign-moser.at\/shop\/wp-content\/uploads\/2022\/10\/DL-SPWA710-winter-landscape.jpg\" alt=\"\" width=\"620\" height=\"1671\" srcset=\"https:\/\/mediendesign-moser.at\/shop\/wp-content\/uploads\/2022\/10\/DL-SPWA710-winter-landscape.jpg 620w, https:\/\/mediendesign-moser.at\/shop\/wp-content\/uploads\/2022\/10\/DL-SPWA710-winter-landscape-111x300.jpg 111w, https:\/\/mediendesign-moser.at\/shop\/wp-content\/uploads\/2022\/10\/DL-SPWA710-winter-landscape-380x1024.jpg 380w, https:\/\/mediendesign-moser.at\/shop\/wp-content\/uploads\/2022\/10\/DL-SPWA710-winter-landscape-600x1617.jpg 600w\" sizes=\"auto, (max-width: 620px) 100vw, 620px\" \/><\/a><\/p>\n","protected":false},"featured_media":17621,"comment_status":"open","ping_status":"closed","template":"","meta":{"om_disable_all_campaigns":false,"_monsterinsights_skip_tracking":false,"_monsterinsights_sitenote_active":false,"_monsterinsights_sitenote_note":"","_monsterinsights_sitenote_category":0},"product_cat":[1124,513,796,2078,789,263],"product_tag":[1055,38,1120,611,1644,518,541,504,142,517,129,137,2115],"class_list":{"0":"post-17630","1":"product","2":"type-product","3":"status-publish","4":"has-post-thumbnail","6":"product_cat-bastelboegen","7":"product_cat-schneidplotter-svg-und-pdf","8":"product_cat-gebaeude-schneidplotter-svg-und-pdf","9":"product_cat-landschaft","10":"product_cat-weihnachten-schneidplotter-svg-und-pdf","11":"product_cat-downloadprodukte","12":"product_tag-cricut","13":"product_tag-download","14":"product_tag-dxf","15":"product_tag-landschaft","16":"product_tag-pazzles","17":"product_tag-pdf","18":"product_tag-scanncut","19":"product_tag-schneidplotter","20":"product_tag-schneidplotter-datei","21":"product_tag-svg","22":"product_tag-weihnachten","23":"product_tag-winter","24":"product_tag-winterlandschaft","26":"first","27":"instock","28":"downloadable","29":"virtual","30":"purchasable","31":"product-type-simple"},"aioseo_notices":[],"jetpack_sharing_enabled":true,"_links":{"self":[{"href":"https:\/\/mediendesign-moser.at\/shop\/index.php?rest_route=\/wp\/v2\/product\/17630","targetHints":{"allow":["GET"]}}],"collection":[{"href":"https:\/\/mediendesign-moser.at\/shop\/index.php?rest_route=\/wp\/v2\/product"}],"about":[{"href":"https:\/\/mediendesign-moser.at\/shop\/index.php?rest_route=\/wp\/v2\/types\/product"}],"replies":[{"embeddable":true,"href":"https:\/\/mediendesign-moser.at\/shop\/index.php?rest_route=%2Fwp%2Fv2%2Fcomments&post=17630"}],"wp:featuredmedia":[{"embeddable":true,"href":"https:\/\/mediendesign-moser.at\/shop\/index.php?rest_route=\/wp\/v2\/media\/17621"}],"wp:attachment":[{"href":"https:\/\/mediendesign-moser.at\/shop\/index.php?rest_route=%2Fwp%2Fv2%2Fmedia&parent=17630"}],"wp:term":[{"taxonomy":"product_cat","embeddable":true,"href":"https:\/\/mediendesign-moser.at\/shop\/index.php?rest_route=%2Fwp%2Fv2%2Fproduct_cat&post=17630"},{"taxonomy":"product_tag","embeddable":true,"href":"https:\/\/mediendesign-moser.at\/shop\/index.php?rest_route=%2Fwp%2Fv2%2Fproduct_tag&post=17630"}],"curies":[{"name":"wp","href":"https:\/\/api.w.org\/{rel}","templated":true}]}}