{"id":1752,"date":"2018-04-25T14:59:30","date_gmt":"2018-04-25T12:59:30","guid":{"rendered":"http:\/\/mediendesign-moser.at\/shop\/?post_type=product&#038;p=1752"},"modified":"2023-11-23T14:05:52","modified_gmt":"2023-11-23T13:05:52","slug":"explosionsbox-mit-heissluftballon","status":"publish","type":"product","link":"https:\/\/mediendesign-moser.at\/shop\/?product=explosionsbox-mit-heissluftballon","title":{"rendered":"Explosionsbox mit Hei\u00dfluftballon"},"content":{"rendered":"","protected":false},"excerpt":{"rendered":"<p>Handgemachte Explosionsbox mit einem Hei\u00dfluftballon, passend als Symbolgeschenk f\u00fcr eine Fahrt mit einem Hei\u00dfluftballon.<br \/>\nGr\u00f6\u00dfe der Box: W\u00fcrfel mit ca. 10 cm Kantenl\u00e4nge.<\/p>\n<p>Nicht lieferbar, da wir unsere Explosionsboxen-Angebote eingestellt haben.<\/p>\n","protected":false},"featured_media":1761,"comment_status":"closed","ping_status":"closed","template":"","meta":{"om_disable_all_campaigns":false,"_monsterinsights_skip_tracking":false,"_monsterinsights_sitenote_active":false,"_monsterinsights_sitenote_note":"","_monsterinsights_sitenote_category":0},"product_cat":[523,63,49],"product_tag":[524,525,526,51,66,52,514,515],"class_list":{"0":"post-1752","1":"product","2":"type-product","3":"status-publish","4":"has-post-thumbnail","6":"product_cat-erlebnisgeschenk","7":"product_cat-geburtstag","8":"product_cat-explosionsboxen","9":"product_tag-ballonfahrt","10":"product_tag-erlebnis","11":"product_tag-erlebnisgeschenk","12":"product_tag-explosionsbox","13":"product_tag-geburtstagsgeschenk","14":"product_tag-geschenk","15":"product_tag-heissluftballon","16":"product_tag-luftballon","17":"product_shipping_class-gebo","19":"first","20":"instock","21":"product-type-external"},"aioseo_notices":[],"jetpack_sharing_enabled":true,"_links":{"self":[{"href":"https:\/\/mediendesign-moser.at\/shop\/index.php?rest_route=\/wp\/v2\/product\/1752","targetHints":{"allow":["GET"]}}],"collection":[{"href":"https:\/\/mediendesign-moser.at\/shop\/index.php?rest_route=\/wp\/v2\/product"}],"about":[{"href":"https:\/\/mediendesign-moser.at\/shop\/index.php?rest_route=\/wp\/v2\/types\/product"}],"replies":[{"embeddable":true,"href":"https:\/\/mediendesign-moser.at\/shop\/index.php?rest_route=%2Fwp%2Fv2%2Fcomments&post=1752"}],"wp:featuredmedia":[{"embeddable":true,"href":"https:\/\/mediendesign-moser.at\/shop\/index.php?rest_route=\/wp\/v2\/media\/1761"}],"wp:attachment":[{"href":"https:\/\/mediendesign-moser.at\/shop\/index.php?rest_route=%2Fwp%2Fv2%2Fmedia&parent=1752"}],"wp:term":[{"taxonomy":"product_cat","embeddable":true,"href":"https:\/\/mediendesign-moser.at\/shop\/index.php?rest_route=%2Fwp%2Fv2%2Fproduct_cat&post=1752"},{"taxonomy":"product_tag","embeddable":true,"href":"https:\/\/mediendesign-moser.at\/shop\/index.php?rest_route=%2Fwp%2Fv2%2Fproduct_tag&post=1752"}],"curies":[{"name":"wp","href":"https:\/\/api.w.org\/{rel}","templated":true}]}}