{"id":1729,"date":"2018-04-18T12:50:11","date_gmt":"2018-04-18T10:50:11","guid":{"rendered":"http:\/\/mediendesign-moser.at\/shop\/?post_type=product&#038;p=1729"},"modified":"2023-01-03T15:28:44","modified_gmt":"2023-01-03T14:28:44","slug":"download-schneidplotter-datei-fuer-heissluftballons","status":"publish","type":"product","link":"https:\/\/mediendesign-moser.at\/shop\/?product=download-schneidplotter-datei-fuer-heissluftballons","title":{"rendered":"Download: Schneide Datei \/ Bastelbogen f\u00fcr Hei\u00dfluftballons"},"content":{"rendered":"","protected":false},"excerpt":{"rendered":"<p>Schneide Datei (.svg, .dxf) f\u00fcr den Zuschnitt von Hei\u00dfluftballons.<\/p>\n<p>Mit diesem Download k\u00f6nnen die Papierteile f\u00fcr die Ballons (Fotos) geschnitten werden.<\/p>\n<p>Im Download sind enthalten:<\/p>\n<ul>\n<li>SVG-Dateien f\u00fcr die Verwendung mit folgenden Schneideger\u00e4ten:<br \/>\nCricut, Brother ScanNCut, oder Silhouette-Ger\u00e4te<\/li>\n<li>DXF-Dateien<\/li>\n<li>Bastelbogen zum Ausdrucken f\u00fcr manuellen Zuschnitt.<\/li>\n<\/ul>\n<p>Dieses Projekt wurde mit folgenden Schneideger\u00e4ten getestet:<br \/>\nSilhouette Cameo, Cricut Maker, Brother ScanNCut.<br \/>\nInfos und Anleitungen zur Verwendung mit den jeweiligen Ger\u00e4ten <a href=\"https:\/\/mediendesign-moser.at\/shop\/?page_id=6409\" target=\"_blank\" rel=\"noopener\">finden Sie hier<\/a>.<\/p>\n<p>Beachten Sie unsere \u00a0<a href=\"https:\/\/mediendesign-moser.at\/shop\/?page_id=758\" target=\"_blank\" rel=\"noopener\">Lizenzbedingungen<\/a>\u00a0f\u00fcr downloadbare Produkte.<\/p>\n<p><iframe loading=\"lazy\" src=\"https:\/\/www.youtube.com\/embed\/_k0pDA_mMgU?rel=0\" width=\"416\" height=\"233\" frameborder=\"0\" allowfullscreen=\"allowfullscreen\"><\/iframe><br \/>\n<a href=\"https:\/\/mediendesign-moser.at\/shop\/wp-content\/uploads\/2018\/04\/heissluftballon.jpg\"><img loading=\"lazy\" decoding=\"async\" class=\"alignnone size-full wp-image-1739\" src=\"https:\/\/mediendesign-moser.at\/shop\/wp-content\/uploads\/2018\/04\/heissluftballon.jpg\" alt=\"\" width=\"640\" height=\"2020\" srcset=\"https:\/\/mediendesign-moser.at\/shop\/wp-content\/uploads\/2018\/04\/heissluftballon.jpg 640w, https:\/\/mediendesign-moser.at\/shop\/wp-content\/uploads\/2018\/04\/heissluftballon-600x1894.jpg 600w, https:\/\/mediendesign-moser.at\/shop\/wp-content\/uploads\/2018\/04\/heissluftballon-95x300.jpg 95w, https:\/\/mediendesign-moser.at\/shop\/wp-content\/uploads\/2018\/04\/heissluftballon-324x1024.jpg 324w\" sizes=\"auto, (max-width: 640px) 100vw, 640px\" \/><\/a><\/p>\n","protected":false},"featured_media":1730,"comment_status":"closed","ping_status":"closed","template":"","meta":{"om_disable_all_campaigns":false,"_monsterinsights_skip_tracking":false,"_monsterinsights_sitenote_active":false,"_monsterinsights_sitenote_note":"","_monsterinsights_sitenote_category":0},"product_cat":[513,811,851,263],"product_tag":[498,516,542,1055,1814,38,514,515,501,502,503,1644,518,541,504,142,143,517,499],"class_list":{"0":"post-1729","1":"product","2":"type-product","3":"status-publish","4":"has-post-thumbnail","6":"product_cat-schneidplotter-svg-und-pdf","7":"product_cat-luftfahrt-schneidplotter-svg-und-pdf","8":"product_cat-urlaub","9":"product_cat-downloadprodukte","10":"product_tag-antik","11":"product_tag-ballon","12":"product_tag-brother","13":"product_tag-cricut","14":"product_tag-cricut-maker","15":"product_tag-download","16":"product_tag-heissluftballon","17":"product_tag-luftballon","18":"product_tag-modell","19":"product_tag-modellbau","20":"product_tag-papiermodell","21":"product_tag-pazzles","22":"product_tag-pdf","23":"product_tag-scanncut","24":"product_tag-schneidplotter","25":"product_tag-schneidplotter-datei","26":"product_tag-silhouette","27":"product_tag-svg","28":"product_tag-vintage","30":"first","31":"instock","32":"downloadable","33":"virtual","34":"purchasable","35":"product-type-simple"},"aioseo_notices":[],"jetpack_sharing_enabled":true,"_links":{"self":[{"href":"https:\/\/mediendesign-moser.at\/shop\/index.php?rest_route=\/wp\/v2\/product\/1729","targetHints":{"allow":["GET"]}}],"collection":[{"href":"https:\/\/mediendesign-moser.at\/shop\/index.php?rest_route=\/wp\/v2\/product"}],"about":[{"href":"https:\/\/mediendesign-moser.at\/shop\/index.php?rest_route=\/wp\/v2\/types\/product"}],"replies":[{"embeddable":true,"href":"https:\/\/mediendesign-moser.at\/shop\/index.php?rest_route=%2Fwp%2Fv2%2Fcomments&post=1729"}],"wp:featuredmedia":[{"embeddable":true,"href":"https:\/\/mediendesign-moser.at\/shop\/index.php?rest_route=\/wp\/v2\/media\/1730"}],"wp:attachment":[{"href":"https:\/\/mediendesign-moser.at\/shop\/index.php?rest_route=%2Fwp%2Fv2%2Fmedia&parent=1729"}],"wp:term":[{"taxonomy":"product_cat","embeddable":true,"href":"https:\/\/mediendesign-moser.at\/shop\/index.php?rest_route=%2Fwp%2Fv2%2Fproduct_cat&post=1729"},{"taxonomy":"product_tag","embeddable":true,"href":"https:\/\/mediendesign-moser.at\/shop\/index.php?rest_route=%2Fwp%2Fv2%2Fproduct_tag&post=1729"}],"curies":[{"name":"wp","href":"https:\/\/api.w.org\/{rel}","templated":true}]}}