{"id":16916,"date":"2022-08-22T13:17:01","date_gmt":"2022-08-22T11:17:01","guid":{"rendered":"https:\/\/mediendesign-moser.at\/shop\/?post_type=product&#038;p=16916"},"modified":"2024-12-08T13:07:51","modified_gmt":"2024-12-08T12:07:51","slug":"download-schneide-datei-bastelbogen-box-mit-schraegdeckel","status":"publish","type":"product","link":"https:\/\/mediendesign-moser.at\/shop\/?product=download-schneide-datei-bastelbogen-box-mit-schraegdeckel","title":{"rendered":"Download: Schneide Datei \/ Bastelbogen Box mit Schr\u00e4gdeckel"},"content":{"rendered":"","protected":false},"excerpt":{"rendered":"<p>Schneide Dateien Set (.svg, .dxf) f\u00fcr den Zuschnitt einer Box mit schr\u00e4gem Deckel.<br \/>\nGr\u00f6\u00dfe der fertigen Box (im geschlossenen Zustand): ca. 6 x 6 x 6 cm).<br \/>\nDiese Box kann als Verpackung verwendet werden oder auch in eine Explosionsbox (Standardgr\u00f6\u00dfe mit ca. 10 cm Seitenkantenl\u00e4nge) hineingeklebt werden.<\/p>\n<p>Mit diesem Download k\u00f6nnen die Papierteile f\u00fcr die Box mit Schr\u00e4gdeckel. Sie ben\u00f6tigen eine Schneidemaschine mit Schneidemattengr\u00f6\u00dfe von mindestens 8 x 12&#8243; (z.B. Silhouette Portrait, Silhouette Cameo, Brother ScanNCut, Cricut Maker etc.)<\/p>\n<p>Im Download sind enthalten:<\/p>\n<ul>\n<li>SVG-Dateien f\u00fcr die Verwendung mit folgenden Schneideger\u00e4ten:<br \/>\nCricut, Brother ScanNCut, Silhouette Ger\u00e4te<\/li>\n<li>DXF-Dateien<\/li>\n<li>Bastelbogen zum Ausdrucken f\u00fcr manuellen Zuschnitt.<\/li>\n<\/ul>\n<p>Dieses Projekt wurde mit folgenden Schneideger\u00e4ten getestet:<br \/>\nSilhouette Cameo, Cricut Maker, Brother ScanNCut.<br \/>\nInfos und Anleitungen zur Verwendung mit den jeweiligen Ger\u00e4ten <a href=\"https:\/\/mediendesign-moser.at\/shop\/?page_id=6409\" target=\"_blank\" rel=\"noopener\">finden Sie hier<\/a>.<\/p>\n<p>Beachten Sie unsere \u00a0<a href=\"https:\/\/mediendesign-moser.at\/shop\/?page_id=758\" target=\"_blank\" rel=\"noopener\">Lizenzbedingungen<\/a>\u00a0f\u00fcr downloadbare Produkte.<\/p>\n<p>Bastelvideo:<br \/>\n<iframe loading=\"lazy\" title=\"YouTube video player\" src=\"https:\/\/www.youtube.com\/embed\/wRoegR8jgTY\" width=\"560\" height=\"315\" frameborder=\"0\" allowfullscreen=\"allowfullscreen\"><\/iframe><\/p>\n<p><a href=\"https:\/\/mediendesign-moser.at\/shop\/wp-content\/uploads\/2022\/08\/DL-SPVP937-instructions.jpg\"><img loading=\"lazy\" decoding=\"async\" class=\"alignnone size-full wp-image-16902\" src=\"https:\/\/mediendesign-moser.at\/shop\/wp-content\/uploads\/2022\/08\/DL-SPVP937-instructions.jpg\" alt=\"\" width=\"640\" height=\"2116\" srcset=\"https:\/\/mediendesign-moser.at\/shop\/wp-content\/uploads\/2022\/08\/DL-SPVP937-instructions.jpg 640w, https:\/\/mediendesign-moser.at\/shop\/wp-content\/uploads\/2022\/08\/DL-SPVP937-instructions-91x300.jpg 91w, https:\/\/mediendesign-moser.at\/shop\/wp-content\/uploads\/2022\/08\/DL-SPVP937-instructions-310x1024.jpg 310w, https:\/\/mediendesign-moser.at\/shop\/wp-content\/uploads\/2022\/08\/DL-SPVP937-instructions-600x1984.jpg 600w\" sizes=\"auto, (max-width: 640px) 100vw, 640px\" \/><\/a><\/p>\n","protected":false},"featured_media":16901,"comment_status":"closed","ping_status":"closed","template":"","meta":{"om_disable_all_campaigns":false,"_monsterinsights_skip_tracking":false,"_monsterinsights_sitenote_active":false,"_monsterinsights_sitenote_note":"","_monsterinsights_sitenote_category":0},"product_cat":[1124,513,799,263],"product_tag":[386,1055,2091,38,1120,2092,1644,518,1870,541,2090,504,142,2093,517],"class_list":{"0":"post-16916","1":"product","2":"type-product","3":"status-publish","4":"has-post-thumbnail","6":"product_cat-bastelboegen","7":"product_cat-schneidplotter-svg-und-pdf","8":"product_cat-verpackungen-schneidplotter-svg-und-pdf","9":"product_cat-downloadprodukte","10":"product_tag-box","11":"product_tag-cricut","12":"product_tag-cutting-file","13":"product_tag-download","14":"product_tag-dxf","15":"product_tag-oblique-cover","16":"product_tag-pazzles","17":"product_tag-pdf","18":"product_tag-plotterdatei","19":"product_tag-scanncut","20":"product_tag-schneidedatei","21":"product_tag-schneidplotter","22":"product_tag-schneidplotter-datei","23":"product_tag-schraegdeckel","24":"product_tag-svg","26":"first","27":"instock","28":"downloadable","29":"virtual","30":"purchasable","31":"product-type-simple"},"aioseo_notices":[],"jetpack_sharing_enabled":true,"_links":{"self":[{"href":"https:\/\/mediendesign-moser.at\/shop\/index.php?rest_route=\/wp\/v2\/product\/16916","targetHints":{"allow":["GET"]}}],"collection":[{"href":"https:\/\/mediendesign-moser.at\/shop\/index.php?rest_route=\/wp\/v2\/product"}],"about":[{"href":"https:\/\/mediendesign-moser.at\/shop\/index.php?rest_route=\/wp\/v2\/types\/product"}],"replies":[{"embeddable":true,"href":"https:\/\/mediendesign-moser.at\/shop\/index.php?rest_route=%2Fwp%2Fv2%2Fcomments&post=16916"}],"wp:featuredmedia":[{"embeddable":true,"href":"https:\/\/mediendesign-moser.at\/shop\/index.php?rest_route=\/wp\/v2\/media\/16901"}],"wp:attachment":[{"href":"https:\/\/mediendesign-moser.at\/shop\/index.php?rest_route=%2Fwp%2Fv2%2Fmedia&parent=16916"}],"wp:term":[{"taxonomy":"product_cat","embeddable":true,"href":"https:\/\/mediendesign-moser.at\/shop\/index.php?rest_route=%2Fwp%2Fv2%2Fproduct_cat&post=16916"},{"taxonomy":"product_tag","embeddable":true,"href":"https:\/\/mediendesign-moser.at\/shop\/index.php?rest_route=%2Fwp%2Fv2%2Fproduct_tag&post=16916"}],"curies":[{"name":"wp","href":"https:\/\/api.w.org\/{rel}","templated":true}]}}