{"id":16115,"date":"2022-06-22T15:32:54","date_gmt":"2022-06-22T13:32:54","guid":{"rendered":"https:\/\/mediendesign-moser.at\/shop\/?post_type=product&#038;p=16115"},"modified":"2023-01-03T17:04:09","modified_gmt":"2023-01-03T16:04:09","slug":"download-schneide-datei-bastelbogen-hubschrauber-bzw-helicopter","status":"publish","type":"product","link":"https:\/\/mediendesign-moser.at\/shop\/?product=download-schneide-datei-bastelbogen-hubschrauber-bzw-helicopter","title":{"rendered":"Download: Schneide Datei \/ Bastelbogen Hubschrauber bzw. Helicopter"},"content":{"rendered":"","protected":false},"excerpt":{"rendered":"<p>Schneide Datei (.svg, .dxf) f\u00fcr den Zuschnitt eines Hubschraubers bzw. Helikopters.<br \/>\nGr\u00f6\u00dfe des fertigen Hubschraubers: ca. 11,5 cm L\u00e4nge x 6,5 cm Breite x 6,5 cm H\u00f6he.<\/p>\n<p>Mit diesem Download k\u00f6nnen die Papierteile f\u00fcr den Helikopter (Fotos) geschnitten werden.<\/p>\n<p>Der Hubschrauber passt (wenn er diagonal hineingeklebt wird) ideal in eine Explosionsbox mit ca. 10 cm Seitenkantenl\u00e4nge hinein.<\/p>\n<p>Im Download sind enthalten:<\/p>\n<ul>\n<li>SVG-Dateien f\u00fcr die Verwendung mit folgenden Schneideger\u00e4ten:<br \/>\nCricut, Brother ScanNCut, oder Silhouette-Ger\u00e4te<\/li>\n<li>DXF-Dateien<\/li>\n<li>Bastelbogen zum Ausdrucken f\u00fcr manuellen Zuschnitt.<\/li>\n<\/ul>\n<p>Dieses Projekt wurde mit folgenden Schneideger\u00e4ten getestet:<br \/>\nSilhouette Cameo, Cricut Maker, Brother ScanNCut.<br \/>\nInfos und Anleitungen zur Verwendung mit den jeweiligen Ger\u00e4ten <a href=\"https:\/\/mediendesign-moser.at\/shop\/?page_id=6409\" target=\"_blank\" rel=\"noopener\">finden Sie hier<\/a>.<\/p>\n<p>Beachten Sie unsere \u00a0<a href=\"https:\/\/mediendesign-moser.at\/shop\/?page_id=758\" target=\"_blank\" rel=\"noopener\">Lizenzbedingungen<\/a>\u00a0f\u00fcr downloadbare Produkte.<\/p>\n<p>Bastelvideo:<br \/>\n<iframe loading=\"lazy\" title=\"YouTube video player\" src=\"https:\/\/www.youtube.com\/embed\/2--392wwJKo\" width=\"560\" height=\"315\" frameborder=\"0\" allowfullscreen=\"allowfullscreen\"><\/iframe><\/p>\n<p><a href=\"https:\/\/mediendesign-moser.at\/shop\/wp-content\/uploads\/2022\/06\/DL-SPL050-helicopter.jpg\"><img loading=\"lazy\" decoding=\"async\" class=\"alignnone size-full wp-image-16101\" src=\"https:\/\/mediendesign-moser.at\/shop\/wp-content\/uploads\/2022\/06\/DL-SPL050-helicopter.jpg\" alt=\"\" width=\"640\" height=\"3325\" srcset=\"https:\/\/mediendesign-moser.at\/shop\/wp-content\/uploads\/2022\/06\/DL-SPL050-helicopter.jpg 640w, https:\/\/mediendesign-moser.at\/shop\/wp-content\/uploads\/2022\/06\/DL-SPL050-helicopter-58x300.jpg 58w, https:\/\/mediendesign-moser.at\/shop\/wp-content\/uploads\/2022\/06\/DL-SPL050-helicopter-197x1024.jpg 197w, https:\/\/mediendesign-moser.at\/shop\/wp-content\/uploads\/2022\/06\/DL-SPL050-helicopter-600x3117.jpg 600w\" sizes=\"auto, (max-width: 640px) 100vw, 640px\" \/><\/a><\/p>\n<p>&nbsp;<\/p>\n","protected":false},"featured_media":16083,"comment_status":"open","ping_status":"closed","template":"","meta":{"om_disable_all_campaigns":false,"_monsterinsights_skip_tracking":false,"_monsterinsights_sitenote_active":false,"_monsterinsights_sitenote_note":"","_monsterinsights_sitenote_category":0},"product_cat":[1124,513,811,263],"product_tag":[1055,38,1120,2070,2071,2072,2073,1644,518,2074,541,504,142,517],"class_list":{"0":"post-16115","1":"product","2":"type-product","3":"status-publish","4":"has-post-thumbnail","6":"product_cat-bastelboegen","7":"product_cat-schneidplotter-svg-und-pdf","8":"product_cat-luftfahrt-schneidplotter-svg-und-pdf","9":"product_cat-downloadprodukte","10":"product_tag-cricut","11":"product_tag-download","12":"product_tag-dxf","13":"product_tag-helicopter","14":"product_tag-helikopter","15":"product_tag-hubschrauber","16":"product_tag-luftfahrt","17":"product_tag-pazzles","18":"product_tag-pdf","19":"product_tag-rundflug","20":"product_tag-scanncut","21":"product_tag-schneidplotter","22":"product_tag-schneidplotter-datei","23":"product_tag-svg","25":"first","26":"instock","27":"downloadable","28":"virtual","29":"purchasable","30":"product-type-simple"},"aioseo_notices":[],"jetpack_sharing_enabled":true,"_links":{"self":[{"href":"https:\/\/mediendesign-moser.at\/shop\/index.php?rest_route=\/wp\/v2\/product\/16115","targetHints":{"allow":["GET"]}}],"collection":[{"href":"https:\/\/mediendesign-moser.at\/shop\/index.php?rest_route=\/wp\/v2\/product"}],"about":[{"href":"https:\/\/mediendesign-moser.at\/shop\/index.php?rest_route=\/wp\/v2\/types\/product"}],"replies":[{"embeddable":true,"href":"https:\/\/mediendesign-moser.at\/shop\/index.php?rest_route=%2Fwp%2Fv2%2Fcomments&post=16115"}],"wp:featuredmedia":[{"embeddable":true,"href":"https:\/\/mediendesign-moser.at\/shop\/index.php?rest_route=\/wp\/v2\/media\/16083"}],"wp:attachment":[{"href":"https:\/\/mediendesign-moser.at\/shop\/index.php?rest_route=%2Fwp%2Fv2%2Fmedia&parent=16115"}],"wp:term":[{"taxonomy":"product_cat","embeddable":true,"href":"https:\/\/mediendesign-moser.at\/shop\/index.php?rest_route=%2Fwp%2Fv2%2Fproduct_cat&post=16115"},{"taxonomy":"product_tag","embeddable":true,"href":"https:\/\/mediendesign-moser.at\/shop\/index.php?rest_route=%2Fwp%2Fv2%2Fproduct_tag&post=16115"}],"curies":[{"name":"wp","href":"https:\/\/api.w.org\/{rel}","templated":true}]}}