{"id":15427,"date":"2022-05-05T10:44:35","date_gmt":"2022-05-05T08:44:35","guid":{"rendered":"https:\/\/mediendesign-moser.at\/shop\/?post_type=product&#038;p=15427"},"modified":"2022-08-02T14:09:05","modified_gmt":"2022-08-02T12:09:05","slug":"download-schneide-datei-bastelbogen-partyzelt-bzw-festzelt","status":"publish","type":"product","link":"https:\/\/mediendesign-moser.at\/shop\/?product=download-schneide-datei-bastelbogen-partyzelt-bzw-festzelt","title":{"rendered":"Download: Schneide Datei \/ Bastelbogen Partyzelt bzw. Festzelt"},"content":{"rendered":"","protected":false},"excerpt":{"rendered":"<p>Schneide Datei (.svg, .dxf) f\u00fcr den Zuschnitt eines Festzeltes bzw. Partyzeltes.<br \/>\nGr\u00f6\u00dfe des fertigen Zeltes: ca. 9,7 cm L\u00e4nge x 7 cm Breite x 7,5 cm H\u00f6he.<\/p>\n<p>Mit diesem Download k\u00f6nnen die Papierteile f\u00fcr das Festzelt inklusive B\u00fchne, Bierb\u00e4nke und Biertische (Fotos) geschnitten werden.<\/p>\n<p>Das Partyzelt passt in eine Explosionsbox mit ca. 10 cm Seitenkantenl\u00e4nge hinein, wobei wir eine Explosionsboxengr\u00f6\u00dfe mit eineinhalbfacher oder doppelter Breite empfehlen (also Boxen-Grundfl\u00e4che mit ca. 15&#215;10 cm oder ca. 20x10cm).<\/p>\n<p>Im Download sind enthalten:<\/p>\n<ul>\n<li>SVG-Dateien f\u00fcr die Verwendung mit folgenden Schneideger\u00e4ten:<br \/>\nCricut, Brother ScanNCut, oder Silhouette-Ger\u00e4te<\/li>\n<li>DXF-Dateien<\/li>\n<li>Bastelbogen zum Ausdrucken f\u00fcr manuellen Zuschnitt.<\/li>\n<\/ul>\n<p>Dieses Projekt wurde mit folgenden Schneideger\u00e4ten getestet:<br \/>\nSilhouette Cameo, Cricut Maker, Brother ScanNCut.<br \/>\nInfos und Anleitungen zur Verwendung mit den jeweiligen Ger\u00e4ten <a href=\"https:\/\/mediendesign-moser.at\/shop\/?page_id=6409\" target=\"_blank\" rel=\"noopener\">finden Sie hier<\/a>.<\/p>\n<p>Beachten Sie unsere \u00a0<a href=\"https:\/\/mediendesign-moser.at\/shop\/?page_id=758\" target=\"_blank\" rel=\"noopener\">Lizenzbedingungen<\/a>\u00a0f\u00fcr downloadbare Produkte.<\/p>\n<p>Bastelvideo:<br \/>\n<iframe loading=\"lazy\" title=\"YouTube video player\" src=\"https:\/\/www.youtube.com\/embed\/0HcC-ruO5qA\" width=\"560\" height=\"315\" frameborder=\"0\" allowfullscreen=\"allowfullscreen\"><\/iframe><\/p>\n<p><a href=\"https:\/\/mediendesign-moser.at\/shop\/wp-content\/uploads\/2022\/05\/DL-SPFW115-party-tent.jpg\"><img loading=\"lazy\" decoding=\"async\" class=\"alignnone size-full wp-image-15418\" src=\"https:\/\/mediendesign-moser.at\/shop\/wp-content\/uploads\/2022\/05\/DL-SPFW115-party-tent.jpg\" alt=\"\" width=\"620\" height=\"3076\" srcset=\"https:\/\/mediendesign-moser.at\/shop\/wp-content\/uploads\/2022\/05\/DL-SPFW115-party-tent.jpg 620w, https:\/\/mediendesign-moser.at\/shop\/wp-content\/uploads\/2022\/05\/DL-SPFW115-party-tent-600x2977.jpg 600w\" sizes=\"auto, (max-width: 620px) 100vw, 620px\" \/><\/a><\/p>\n<p>&nbsp;<\/p>\n","protected":false},"featured_media":15417,"comment_status":"open","ping_status":"closed","template":"","meta":{"om_disable_all_campaigns":false,"_monsterinsights_skip_tracking":false,"_monsterinsights_sitenote_active":false,"_monsterinsights_sitenote_note":"","_monsterinsights_sitenote_category":0},"product_cat":[1124,513,803,796,263],"product_tag":[2049,2051,2050,926,1055,38,1120,2046,2047,2042,2045,2044,680,2043,2041,1644,518,541,504,142,517,2048],"class_list":{"0":"post-15427","1":"product","2":"type-product","3":"status-publish","4":"has-post-thumbnail","6":"product_cat-bastelboegen","7":"product_cat-schneidplotter-svg-und-pdf","8":"product_cat-freizeit-schneidplotter-svg-und-pdf","9":"product_cat-gebaeude-schneidplotter-svg-und-pdf","10":"product_cat-downloadprodukte","11":"product_tag-bierbank","12":"product_tag-bierbaenke","13":"product_tag-biertisch","14":"product_tag-buehne","15":"product_tag-cricut","16":"product_tag-download","17":"product_tag-dxf","18":"product_tag-feier","19":"product_tag-feiern","20":"product_tag-festzelt","21":"product_tag-jahrmarkt","22":"product_tag-marquee","23":"product_tag-oktoberfest","24":"product_tag-party-tent","25":"product_tag-partyzelt","26":"product_tag-pazzles","27":"product_tag-pdf","28":"product_tag-scanncut","29":"product_tag-schneidplotter","30":"product_tag-schneidplotter-datei","31":"product_tag-svg","32":"product_tag-veranstaltung","34":"first","35":"instock","36":"downloadable","37":"virtual","38":"purchasable","39":"product-type-simple"},"aioseo_notices":[],"jetpack_sharing_enabled":true,"_links":{"self":[{"href":"https:\/\/mediendesign-moser.at\/shop\/index.php?rest_route=\/wp\/v2\/product\/15427","targetHints":{"allow":["GET"]}}],"collection":[{"href":"https:\/\/mediendesign-moser.at\/shop\/index.php?rest_route=\/wp\/v2\/product"}],"about":[{"href":"https:\/\/mediendesign-moser.at\/shop\/index.php?rest_route=\/wp\/v2\/types\/product"}],"replies":[{"embeddable":true,"href":"https:\/\/mediendesign-moser.at\/shop\/index.php?rest_route=%2Fwp%2Fv2%2Fcomments&post=15427"}],"wp:featuredmedia":[{"embeddable":true,"href":"https:\/\/mediendesign-moser.at\/shop\/index.php?rest_route=\/wp\/v2\/media\/15417"}],"wp:attachment":[{"href":"https:\/\/mediendesign-moser.at\/shop\/index.php?rest_route=%2Fwp%2Fv2%2Fmedia&parent=15427"}],"wp:term":[{"taxonomy":"product_cat","embeddable":true,"href":"https:\/\/mediendesign-moser.at\/shop\/index.php?rest_route=%2Fwp%2Fv2%2Fproduct_cat&post=15427"},{"taxonomy":"product_tag","embeddable":true,"href":"https:\/\/mediendesign-moser.at\/shop\/index.php?rest_route=%2Fwp%2Fv2%2Fproduct_tag&post=15427"}],"curies":[{"name":"wp","href":"https:\/\/api.w.org\/{rel}","templated":true}]}}