{"id":15311,"date":"2022-04-25T10:28:17","date_gmt":"2022-04-25T08:28:17","guid":{"rendered":"https:\/\/mediendesign-moser.at\/shop\/?post_type=product&#038;p=15311"},"modified":"2023-01-03T17:03:14","modified_gmt":"2023-01-03T16:03:14","slug":"download-schneide-datei-bastelbogen-kappe","status":"publish","type":"product","link":"https:\/\/mediendesign-moser.at\/shop\/?product=download-schneide-datei-bastelbogen-kappe","title":{"rendered":"Download: Schneide Datei \/ Bastelbogen Kappe"},"content":{"rendered":"","protected":false},"excerpt":{"rendered":"<p>Schneide Datei (.svg, .dxf) f\u00fcr den Zuschnitt einer Kappe.<br \/>\nDie Schneidedatei ist f\u00fcr 2 verschiedene Kappen-Gr\u00f6\u00dfen enthalten.<br \/>\nKleinere Kappe: Breite ca. 7 cm<br \/>\nGr\u00f6\u00dfere Kappe: Breite ca. 4 cm<\/p>\n<p>Mit diesem Download k\u00f6nnen die Papierteile f\u00fcr die Kappen (Fotos) geschnitten werden.<\/p>\n<p>Im Download sind enthalten:<\/p>\n<ul>\n<li>SVG-Dateien f\u00fcr die Verwendung mit folgenden Schneideger\u00e4ten:<br \/>\nCricut, Brother ScanNCut, oder Silhouette-Ger\u00e4te<\/li>\n<li>DXF-Dateien<\/li>\n<li>Bastelbogen zum Ausdrucken f\u00fcr manuellen Zuschnitt.<\/li>\n<\/ul>\n<p>Dieses Projekt wurde mit folgenden Schneideger\u00e4ten getestet:<br \/>\nSilhouette Cameo, Cricut Maker, Brother ScanNCut.<br \/>\nInfos und Anleitungen zur Verwendung mit den jeweiligen Ger\u00e4ten <a href=\"https:\/\/mediendesign-moser.at\/shop\/?page_id=6409\" target=\"_blank\" rel=\"noopener\">finden Sie hier<\/a>.<\/p>\n<p>Beachten Sie unsere \u00a0<a href=\"https:\/\/mediendesign-moser.at\/shop\/?page_id=758\" target=\"_blank\" rel=\"noopener\">Lizenzbedingungen<\/a>\u00a0f\u00fcr downloadbare Produkte.<\/p>\n<p>Bastelvideo:<br \/>\n<iframe loading=\"lazy\" width=\"560\" height=\"315\" src=\"https:\/\/www.youtube.com\/embed\/uSYXMdX8sRg\" title=\"YouTube video player\" frameborder=\"0\" allow=\"accelerometer; autoplay; clipboard-write; encrypted-media; gyroscope; picture-in-picture\" allowfullscreen><\/iframe><\/p>\n<p><a href=\"https:\/\/mediendesign-moser.at\/shop\/wp-content\/uploads\/2022\/04\/DL-SPK310-cap.jpg\"><img loading=\"lazy\" decoding=\"async\" class=\"alignnone size-full wp-image-15312\" src=\"https:\/\/mediendesign-moser.at\/shop\/wp-content\/uploads\/2022\/04\/DL-SPK310-cap.jpg\" alt=\"\" width=\"620\" height=\"2010\" srcset=\"https:\/\/mediendesign-moser.at\/shop\/wp-content\/uploads\/2022\/04\/DL-SPK310-cap.jpg 620w, https:\/\/mediendesign-moser.at\/shop\/wp-content\/uploads\/2022\/04\/DL-SPK310-cap-316x1024.jpg 316w, https:\/\/mediendesign-moser.at\/shop\/wp-content\/uploads\/2022\/04\/DL-SPK310-cap-600x1945.jpg 600w\" sizes=\"auto, (max-width: 620px) 100vw, 620px\" \/><\/a><\/p>\n<p>&nbsp;<\/p>\n","protected":false},"featured_media":15304,"comment_status":"open","ping_status":"closed","template":"","meta":{"om_disable_all_campaigns":false,"_monsterinsights_skip_tracking":false,"_monsterinsights_sitenote_active":false,"_monsterinsights_sitenote_note":"","_monsterinsights_sitenote_category":0},"product_cat":[1124,513,812,898,263],"product_tag":[1055,38,1120,2039,1205,2040,73,1644,518,541,504,142,517],"class_list":{"0":"post-15311","1":"product","2":"type-product","3":"status-publish","4":"has-post-thumbnail","6":"product_cat-bastelboegen","7":"product_cat-schneidplotter-svg-und-pdf","8":"product_cat-kleidung","9":"product_cat-mode-und-schoenheit","10":"product_cat-downloadprodukte","11":"product_tag-cricut","12":"product_tag-download","13":"product_tag-dxf","14":"product_tag-kappe","15":"product_tag-kopfbedeckung","16":"product_tag-maturakappe","17":"product_tag-mode","18":"product_tag-pazzles","19":"product_tag-pdf","20":"product_tag-scanncut","21":"product_tag-schneidplotter","22":"product_tag-schneidplotter-datei","23":"product_tag-svg","25":"first","26":"instock","27":"downloadable","28":"virtual","29":"purchasable","30":"product-type-simple"},"aioseo_notices":[],"jetpack_sharing_enabled":true,"_links":{"self":[{"href":"https:\/\/mediendesign-moser.at\/shop\/index.php?rest_route=\/wp\/v2\/product\/15311","targetHints":{"allow":["GET"]}}],"collection":[{"href":"https:\/\/mediendesign-moser.at\/shop\/index.php?rest_route=\/wp\/v2\/product"}],"about":[{"href":"https:\/\/mediendesign-moser.at\/shop\/index.php?rest_route=\/wp\/v2\/types\/product"}],"replies":[{"embeddable":true,"href":"https:\/\/mediendesign-moser.at\/shop\/index.php?rest_route=%2Fwp%2Fv2%2Fcomments&post=15311"}],"wp:featuredmedia":[{"embeddable":true,"href":"https:\/\/mediendesign-moser.at\/shop\/index.php?rest_route=\/wp\/v2\/media\/15304"}],"wp:attachment":[{"href":"https:\/\/mediendesign-moser.at\/shop\/index.php?rest_route=%2Fwp%2Fv2%2Fmedia&parent=15311"}],"wp:term":[{"taxonomy":"product_cat","embeddable":true,"href":"https:\/\/mediendesign-moser.at\/shop\/index.php?rest_route=%2Fwp%2Fv2%2Fproduct_cat&post=15311"},{"taxonomy":"product_tag","embeddable":true,"href":"https:\/\/mediendesign-moser.at\/shop\/index.php?rest_route=%2Fwp%2Fv2%2Fproduct_tag&post=15311"}],"curies":[{"name":"wp","href":"https:\/\/api.w.org\/{rel}","templated":true}]}}