{"id":14705,"date":"2022-03-04T14:30:53","date_gmt":"2022-03-04T13:30:53","guid":{"rendered":"https:\/\/mediendesign-moser.at\/shop\/?post_type=product&#038;p=14705"},"modified":"2026-03-12T12:41:02","modified_gmt":"2026-03-12T11:41:02","slug":"download-schneide-datei-bastelbogen-eifoermige-schachtel","status":"publish","type":"product","link":"https:\/\/mediendesign-moser.at\/shop\/?product=download-schneide-datei-bastelbogen-eifoermige-schachtel","title":{"rendered":"Download: Schneide Datei \/ Bastelbogen Eif\u00f6rmige Schachtel"},"content":{"rendered":"","protected":false},"excerpt":{"rendered":"<p>Schneide Dateien Set (.svg, .dxf) f\u00fcr die Herstellung einer eif\u00f6rmigen Schachtel.<br \/>\nGr\u00f6\u00dfe der fertigen Verpackung: ca. 16 cm L\u00e4nge x 8 cm Breite x 4,7 cm H\u00f6he.<\/p>\n<p>Mit diesem Download k\u00f6nnen die Papierteile f\u00fcr die eif\u00f6rmige Schachtel (Fotos) geschnitten werden.<\/p>\n<p>Im Download sind enthalten:<\/p>\n<ul>\n<li>SVG-Dateien f\u00fcr die Verwendung mit folgenden Schneideger\u00e4ten:<br \/>\nCricut, Brother ScanNCut, Silhouette Ger\u00e4te<\/li>\n<li>DXF-Dateien<\/li>\n<li>Bastelbogen zum Ausdrucken f\u00fcr manuellen Zuschnitt.<\/li>\n<\/ul>\n<p>Dieses Projekt wurde mit folgenden Schneideger\u00e4ten getestet:<br \/>\nSilhouette Cameo, Cricut Maker, Brother ScanNCut.<br \/>\nInfos und Anleitungen zur Verwendung mit den jeweiligen Ger\u00e4ten <a href=\"https:\/\/mediendesign-moser.at\/shop\/?page_id=6409\" target=\"_blank\" rel=\"noopener\">finden Sie hier<\/a>.<\/p>\n<p>Beachten Sie unsere \u00a0<a href=\"https:\/\/mediendesign-moser.at\/shop\/?page_id=758\" target=\"_blank\" rel=\"noopener\">Lizenzbedingungen<\/a>\u00a0f\u00fcr downloadbare Produkte.<\/p>\n<p>Bastelvideo:<br \/>\n<iframe loading=\"lazy\" title=\"YouTube video player\" src=\"https:\/\/www.youtube.com\/embed\/BcVHJtBpWvM\" width=\"560\" height=\"315\" frameborder=\"0\" allowfullscreen=\"allowfullscreen\"><\/iframe><\/p>\n<p><a href=\"https:\/\/mediendesign-moser.at\/shop\/wp-content\/uploads\/2022\/03\/DL-SPOS220-egg-shaped-box.jpg\"><img loading=\"lazy\" decoding=\"async\" class=\"alignnone size-full wp-image-14698\" src=\"https:\/\/mediendesign-moser.at\/shop\/wp-content\/uploads\/2022\/03\/DL-SPOS220-egg-shaped-box.jpg\" alt=\"\" width=\"620\" height=\"1986\" srcset=\"https:\/\/mediendesign-moser.at\/shop\/wp-content\/uploads\/2022\/03\/DL-SPOS220-egg-shaped-box.jpg 620w, https:\/\/mediendesign-moser.at\/shop\/wp-content\/uploads\/2022\/03\/DL-SPOS220-egg-shaped-box-94x300.jpg 94w, https:\/\/mediendesign-moser.at\/shop\/wp-content\/uploads\/2022\/03\/DL-SPOS220-egg-shaped-box-320x1024.jpg 320w, https:\/\/mediendesign-moser.at\/shop\/wp-content\/uploads\/2022\/03\/DL-SPOS220-egg-shaped-box-600x1922.jpg 600w\" sizes=\"auto, (max-width: 620px) 100vw, 620px\" \/><\/a><\/p>\n<p>&nbsp;<\/p>\n","protected":false},"featured_media":14701,"comment_status":"open","ping_status":"closed","template":"","meta":{"om_disable_all_campaigns":false,"_monsterinsights_skip_tracking":false,"_monsterinsights_sitenote_active":false,"_monsterinsights_sitenote_note":"","_monsterinsights_sitenote_category":0},"product_cat":[1124,513,791,799,263],"product_tag":[386,1055,38,1120,1985,2018,993,761,37,2017,1644,518,541,453,504,142,517,353],"class_list":{"0":"post-14705","1":"product","2":"type-product","3":"status-publish","4":"has-post-thumbnail","6":"product_cat-bastelboegen","7":"product_cat-schneidplotter-svg-und-pdf","8":"product_cat-ostern-schneidplotter-svg-und-pdf","9":"product_cat-verpackungen-schneidplotter-svg-und-pdf","10":"product_cat-downloadprodukte","11":"product_tag-box","12":"product_tag-cricut","13":"product_tag-download","14":"product_tag-dxf","15":"product_tag-easter","16":"product_tag-easter-packaging","17":"product_tag-ei","18":"product_tag-eierverpackung","19":"product_tag-ostern","20":"product_tag-osterverpackung","21":"product_tag-pazzles","22":"product_tag-pdf","23":"product_tag-scanncut","24":"product_tag-schachtel","25":"product_tag-schneidplotter","26":"product_tag-schneidplotter-datei","27":"product_tag-svg","28":"product_tag-verpackung","30":"first","31":"instock","32":"downloadable","33":"virtual","34":"purchasable","35":"product-type-simple"},"aioseo_notices":[],"jetpack_sharing_enabled":true,"_links":{"self":[{"href":"https:\/\/mediendesign-moser.at\/shop\/index.php?rest_route=\/wp\/v2\/product\/14705","targetHints":{"allow":["GET"]}}],"collection":[{"href":"https:\/\/mediendesign-moser.at\/shop\/index.php?rest_route=\/wp\/v2\/product"}],"about":[{"href":"https:\/\/mediendesign-moser.at\/shop\/index.php?rest_route=\/wp\/v2\/types\/product"}],"replies":[{"embeddable":true,"href":"https:\/\/mediendesign-moser.at\/shop\/index.php?rest_route=%2Fwp%2Fv2%2Fcomments&post=14705"}],"wp:featuredmedia":[{"embeddable":true,"href":"https:\/\/mediendesign-moser.at\/shop\/index.php?rest_route=\/wp\/v2\/media\/14701"}],"wp:attachment":[{"href":"https:\/\/mediendesign-moser.at\/shop\/index.php?rest_route=%2Fwp%2Fv2%2Fmedia&parent=14705"}],"wp:term":[{"taxonomy":"product_cat","embeddable":true,"href":"https:\/\/mediendesign-moser.at\/shop\/index.php?rest_route=%2Fwp%2Fv2%2Fproduct_cat&post=14705"},{"taxonomy":"product_tag","embeddable":true,"href":"https:\/\/mediendesign-moser.at\/shop\/index.php?rest_route=%2Fwp%2Fv2%2Fproduct_tag&post=14705"}],"curies":[{"name":"wp","href":"https:\/\/api.w.org\/{rel}","templated":true}]}}