{"id":13934,"date":"2022-01-13T15:31:12","date_gmt":"2022-01-13T14:31:12","guid":{"rendered":"https:\/\/mediendesign-moser.at\/shop\/?post_type=product&#038;p=13934"},"modified":"2024-03-30T12:07:16","modified_gmt":"2024-03-30T11:07:16","slug":"download-schneide-datei-bastelbogen-huehnerstall","status":"publish","type":"product","link":"https:\/\/mediendesign-moser.at\/shop\/?product=download-schneide-datei-bastelbogen-huehnerstall","title":{"rendered":"Download: Schneide Datei \/ Bastelbogen H\u00fchnerstall"},"content":{"rendered":"","protected":false},"excerpt":{"rendered":"<p>Schneide Datei (.svg, .dxf) f\u00fcr den Zuschnitt eines H\u00fchnerstalles mit H\u00fchnern und Hahn.<br \/>\nGr\u00f6\u00dfe des fertigen Stalles: ca. 7 cm L\u00e4nge x 5 cm Breite x 5,2 cm H\u00f6he.<\/p>\n<p>Mit diesem Download k\u00f6nnen die Papierteile f\u00fcr den H\u00fchnerstall (Fotos) geschnitten werden.<\/p>\n<p>Der Stall samt H\u00fchnern passt ideal in eine Explosionsbox mit ca. 10 cm Seitenkantenl\u00e4nge hinein.<\/p>\n<p>Im Download sind enthalten:<\/p>\n<ul>\n<li>SVG-Dateien f\u00fcr die Verwendung mit folgenden Schneideger\u00e4ten:<br \/>\nCricut, Brother ScanNCut, oder Silhouette-Ger\u00e4te<\/li>\n<li>DXF-Dateien<\/li>\n<li>Bastelbogen zum Ausdrucken f\u00fcr manuellen Zuschnitt.<\/li>\n<li>Print-Cut Dateien (PNG, PDF) zum Drucken und Schneiden der H\u00fchner.<\/li>\n<\/ul>\n<p>Dieses Projekt wurde mit folgenden Schneideger\u00e4ten getestet:<br \/>\nSilhouette Cameo, Cricut Maker, Brother ScanNCut.<br \/>\nInfos und Anleitungen zur Verwendung mit den jeweiligen Ger\u00e4ten <a href=\"https:\/\/mediendesign-moser.at\/shop\/?page_id=6409\" target=\"_blank\" rel=\"noopener\">finden Sie hier<\/a>.<\/p>\n<p>Beachten Sie unsere \u00a0<a href=\"https:\/\/mediendesign-moser.at\/shop\/?page_id=758\" target=\"_blank\" rel=\"noopener\">Lizenzbedingungen<\/a>\u00a0f\u00fcr downloadbare Produkte.<\/p>\n<p><a href=\"https:\/\/mediendesign-moser.at\/shop\/wp-content\/uploads\/2022\/01\/DL-SPGL120-chicken-coop.jpg\"><img loading=\"lazy\" decoding=\"async\" class=\"alignnone wp-image-13948 size-full\" src=\"https:\/\/mediendesign-moser.at\/shop\/wp-content\/uploads\/2022\/01\/DL-SPGL120-chicken-coop.jpg\" alt=\"\" width=\"1280\" height=\"6234\" srcset=\"https:\/\/mediendesign-moser.at\/shop\/wp-content\/uploads\/2022\/01\/DL-SPGL120-chicken-coop.jpg 1280w, https:\/\/mediendesign-moser.at\/shop\/wp-content\/uploads\/2022\/01\/DL-SPGL120-chicken-coop-768x3740.jpg 768w, https:\/\/mediendesign-moser.at\/shop\/wp-content\/uploads\/2022\/01\/DL-SPGL120-chicken-coop-210x1024.jpg 210w, https:\/\/mediendesign-moser.at\/shop\/wp-content\/uploads\/2022\/01\/DL-SPGL120-chicken-coop-600x2922.jpg 600w\" sizes=\"auto, (max-width: 1280px) 100vw, 1280px\" \/><\/a><\/p>\n","protected":false},"featured_media":13947,"comment_status":"closed","ping_status":"closed","template":"","meta":{"om_disable_all_campaigns":false,"_monsterinsights_skip_tracking":false,"_monsterinsights_sitenote_active":false,"_monsterinsights_sitenote_note":"","_monsterinsights_sitenote_category":0},"product_cat":[1124,513,800,861,944,263],"product_tag":[1959,1975,1980,1976,1981,1055,38,1120,1974,1531,1973,1979,1972,518,1958,1977,541,504,142,1978,517,1528],"class_list":{"0":"post-13934","1":"product","2":"type-product","3":"status-publish","4":"has-post-thumbnail","6":"product_cat-bastelboegen","7":"product_cat-schneidplotter-svg-und-pdf","8":"product_cat-garten-schneidplotter-svg-und-pdf","9":"product_cat-hobby-und-beruf","10":"product_cat-tiere-und-wildnis","11":"product_cat-downloadprodukte","12":"product_tag-animals","13":"product_tag-chicken","14":"product_tag-chicken-coop","15":"product_tag-cock","16":"product_tag-coop","17":"product_tag-cricut","18":"product_tag-download","19":"product_tag-dxf","20":"product_tag-hahn","21":"product_tag-haustier","22":"product_tag-huhn","23":"product_tag-huehnerstall","24":"product_tag-nutztier","25":"product_tag-pdf","26":"product_tag-pet","27":"product_tag-rooster","28":"product_tag-scanncut","29":"product_tag-schneidplotter","30":"product_tag-schneidplotter-datei","31":"product_tag-stall","32":"product_tag-svg","33":"product_tag-tier","35":"first","36":"instock","37":"downloadable","38":"virtual","39":"purchasable","40":"product-type-simple"},"aioseo_notices":[],"jetpack_sharing_enabled":true,"_links":{"self":[{"href":"https:\/\/mediendesign-moser.at\/shop\/index.php?rest_route=\/wp\/v2\/product\/13934","targetHints":{"allow":["GET"]}}],"collection":[{"href":"https:\/\/mediendesign-moser.at\/shop\/index.php?rest_route=\/wp\/v2\/product"}],"about":[{"href":"https:\/\/mediendesign-moser.at\/shop\/index.php?rest_route=\/wp\/v2\/types\/product"}],"replies":[{"embeddable":true,"href":"https:\/\/mediendesign-moser.at\/shop\/index.php?rest_route=%2Fwp%2Fv2%2Fcomments&post=13934"}],"wp:featuredmedia":[{"embeddable":true,"href":"https:\/\/mediendesign-moser.at\/shop\/index.php?rest_route=\/wp\/v2\/media\/13947"}],"wp:attachment":[{"href":"https:\/\/mediendesign-moser.at\/shop\/index.php?rest_route=%2Fwp%2Fv2%2Fmedia&parent=13934"}],"wp:term":[{"taxonomy":"product_cat","embeddable":true,"href":"https:\/\/mediendesign-moser.at\/shop\/index.php?rest_route=%2Fwp%2Fv2%2Fproduct_cat&post=13934"},{"taxonomy":"product_tag","embeddable":true,"href":"https:\/\/mediendesign-moser.at\/shop\/index.php?rest_route=%2Fwp%2Fv2%2Fproduct_tag&post=13934"}],"curies":[{"name":"wp","href":"https:\/\/api.w.org\/{rel}","templated":true}]}}