{"id":13917,"date":"2022-01-13T14:37:07","date_gmt":"2022-01-13T13:37:07","guid":{"rendered":"https:\/\/mediendesign-moser.at\/shop\/?post_type=product&#038;p=13917"},"modified":"2024-03-30T12:06:04","modified_gmt":"2024-03-30T11:06:04","slug":"download-schneide-datei-bastelbogen-hundehuette","status":"publish","type":"product","link":"https:\/\/mediendesign-moser.at\/shop\/?product=download-schneide-datei-bastelbogen-hundehuette","title":{"rendered":"Download: Schneide Datei \/ Bastelbogen Hundeh\u00fctte"},"content":{"rendered":"","protected":false},"excerpt":{"rendered":"<p>Schneide Datei (.svg, .dxf) f\u00fcr den Zuschnitt einer Hundeh\u00fctte mit Hunden.<br \/>\nGr\u00f6\u00dfe der fertigen H\u00fctte: ca. 5,4 cm L\u00e4nge x 4,9 cm Breite x 6,6 cm H\u00f6he.<\/p>\n<p>Mit diesem Download k\u00f6nnen die Papierteile f\u00fcr die Hundeh\u00fctte (Fotos) geschnitten werden.<\/p>\n<p>Die H\u00fctte samt Hunde passt ideal in eine Explosionsbox mit ca. 10 cm Seitenkantenl\u00e4nge hinein.<\/p>\n<p>Im Download sind enthalten:<\/p>\n<ul>\n<li>SVG-Dateien f\u00fcr die Verwendung mit folgenden Schneideger\u00e4ten:<br \/>\nCricut, Brother ScanNCut, oder Silhouette-Ger\u00e4te<\/li>\n<li>DXF-Dateien<\/li>\n<li>Bastelbogen zum Ausdrucken f\u00fcr manuellen Zuschnitt.<\/li>\n<li>Print-Cut Dateien (PNG, PDF) zum Drucken und Schneiden der Hunde.<\/li>\n<\/ul>\n<p>Dieses Projekt wurde mit folgenden Schneideger\u00e4ten getestet:<br \/>\nSilhouette Cameo, Cricut Maker, Brother ScanNCut.<br \/>\nInfos und Anleitungen zur Verwendung mit den jeweiligen Ger\u00e4ten <a href=\"https:\/\/mediendesign-moser.at\/shop\/?page_id=6409\" target=\"_blank\" rel=\"noopener\">finden Sie hier<\/a>.<\/p>\n<p>Beachten Sie unsere \u00a0<a href=\"https:\/\/mediendesign-moser.at\/shop\/?page_id=758\" target=\"_blank\" rel=\"noopener\">Lizenzbedingungen<\/a>\u00a0f\u00fcr downloadbare Produkte.<\/p>\n<p><a href=\"https:\/\/mediendesign-moser.at\/shop\/wp-content\/uploads\/2022\/01\/DL-SPGL110-doghouse.jpg\"><img loading=\"lazy\" decoding=\"async\" class=\"alignnone wp-image-13921 size-full\" src=\"https:\/\/mediendesign-moser.at\/shop\/wp-content\/uploads\/2022\/01\/DL-SPGL110-doghouse.jpg\" alt=\"\" width=\"640\" height=\"2486\" srcset=\"https:\/\/mediendesign-moser.at\/shop\/wp-content\/uploads\/2022\/01\/DL-SPGL110-doghouse.jpg 640w, https:\/\/mediendesign-moser.at\/shop\/wp-content\/uploads\/2022\/01\/DL-SPGL110-doghouse-77x300.jpg 77w, https:\/\/mediendesign-moser.at\/shop\/wp-content\/uploads\/2022\/01\/DL-SPGL110-doghouse-264x1024.jpg 264w, https:\/\/mediendesign-moser.at\/shop\/wp-content\/uploads\/2022\/01\/DL-SPGL110-doghouse-600x2331.jpg 600w\" sizes=\"auto, (max-width: 640px) 100vw, 640px\" \/><\/a><\/p>\n","protected":false},"featured_media":13920,"comment_status":"closed","ping_status":"closed","template":"","meta":{"om_disable_all_campaigns":false,"_monsterinsights_skip_tracking":false,"_monsterinsights_sitenote_active":false,"_monsterinsights_sitenote_note":"","_monsterinsights_sitenote_category":0},"product_cat":[1124,513,800,944,263],"product_tag":[1959,1055,1953,1957,1954,38,1120,1531,1952,1955,1956,518,1958,541,504,142,517,1528],"class_list":{"0":"post-13917","1":"product","2":"type-product","3":"status-publish","4":"has-post-thumbnail","6":"product_cat-bastelboegen","7":"product_cat-schneidplotter-svg-und-pdf","8":"product_cat-garten-schneidplotter-svg-und-pdf","9":"product_cat-tiere-und-wildnis","10":"product_cat-downloadprodukte","11":"product_tag-animals","12":"product_tag-cricut","13":"product_tag-dog","14":"product_tag-dog-house","15":"product_tag-dogs","16":"product_tag-download","17":"product_tag-dxf","18":"product_tag-haustier","19":"product_tag-hund","20":"product_tag-hunde","21":"product_tag-hundehuette","22":"product_tag-pdf","23":"product_tag-pet","24":"product_tag-scanncut","25":"product_tag-schneidplotter","26":"product_tag-schneidplotter-datei","27":"product_tag-svg","28":"product_tag-tier","30":"first","31":"instock","32":"downloadable","33":"virtual","34":"purchasable","35":"product-type-simple"},"aioseo_notices":[],"jetpack_sharing_enabled":true,"_links":{"self":[{"href":"https:\/\/mediendesign-moser.at\/shop\/index.php?rest_route=\/wp\/v2\/product\/13917","targetHints":{"allow":["GET"]}}],"collection":[{"href":"https:\/\/mediendesign-moser.at\/shop\/index.php?rest_route=\/wp\/v2\/product"}],"about":[{"href":"https:\/\/mediendesign-moser.at\/shop\/index.php?rest_route=\/wp\/v2\/types\/product"}],"replies":[{"embeddable":true,"href":"https:\/\/mediendesign-moser.at\/shop\/index.php?rest_route=%2Fwp%2Fv2%2Fcomments&post=13917"}],"wp:featuredmedia":[{"embeddable":true,"href":"https:\/\/mediendesign-moser.at\/shop\/index.php?rest_route=\/wp\/v2\/media\/13920"}],"wp:attachment":[{"href":"https:\/\/mediendesign-moser.at\/shop\/index.php?rest_route=%2Fwp%2Fv2%2Fmedia&parent=13917"}],"wp:term":[{"taxonomy":"product_cat","embeddable":true,"href":"https:\/\/mediendesign-moser.at\/shop\/index.php?rest_route=%2Fwp%2Fv2%2Fproduct_cat&post=13917"},{"taxonomy":"product_tag","embeddable":true,"href":"https:\/\/mediendesign-moser.at\/shop\/index.php?rest_route=%2Fwp%2Fv2%2Fproduct_tag&post=13917"}],"curies":[{"name":"wp","href":"https:\/\/api.w.org\/{rel}","templated":true}]}}