{"id":13852,"date":"2022-01-09T15:19:39","date_gmt":"2022-01-09T14:19:39","guid":{"rendered":"https:\/\/mediendesign-moser.at\/shop\/?post_type=product&#038;p=13852"},"modified":"2023-01-03T16:56:44","modified_gmt":"2023-01-03T15:56:44","slug":"download-schneide-datei-bastelbogen-buch-schachtel","status":"publish","type":"product","link":"https:\/\/mediendesign-moser.at\/shop\/?product=download-schneide-datei-bastelbogen-buch-schachtel","title":{"rendered":"Download: Schneide Datei \/ Bastelbogen Buch Schachtel"},"content":{"rendered":"","protected":false},"excerpt":{"rendered":"<p>Schneide Dateien Set (.svg, .dxf) f\u00fcr den Zuschnitt von buchf\u00f6rmigen Schachteln.<br \/>\nGr\u00f6\u00dfe eines einzelnen Buches: ca. 6,5 cm Breite x 8,5 cm L\u00e4nge x 3 cm Tiefe.<\/p>\n<p>Mit diesem Download k\u00f6nnen die Papierteile f\u00fcr die B\u00fccher (Fotos) geschnitten werden.<\/p>\n<p>Die Beschriftung der B\u00fccher ist vorbereitet f\u00fcr Print+Cut oder f\u00fcr den Zuschnitt mit Vinylfolie. Die Beschriftungtexte sind in den Sprachen englisch, deutsch, franz\u00f6sisch, spanisch und italienisch vorgesehen.<\/p>\n<p>Im Download sind enthalten:<\/p>\n<ul>\n<li>SVG-Dateien f\u00fcr die Verwendung mit folgenden Schneideger\u00e4ten:<br \/>\nCricut, Brother ScanNCut, oder Silhouette-Ger\u00e4te<\/li>\n<li>DXF-Dateien<\/li>\n<li>Bastelbogen zum Ausdrucken f\u00fcr manuellen Zuschnitt.<\/li>\n<li>1 Digitalpapier f\u00fcr den Ausdruck des Buchseitenpapieres (zur Versch\u00f6nerung der seitlichen Ansicht)<\/li>\n<\/ul>\n<p>Dieses Projekt wurde mit folgenden Schneideger\u00e4ten getestet:<br \/>\nSilhouette Cameo, Cricut Maker, Brother ScanNCut.<br \/>\nInfos und Anleitungen zur Verwendung mit den jeweiligen Ger\u00e4ten <a href=\"https:\/\/mediendesign-moser.at\/shop\/?page_id=6409\" target=\"_blank\" rel=\"noopener\">finden Sie hier<\/a>.<\/p>\n<p>Infos f\u00fcr die Verwendung von Vinylfolie <a href=\"https:\/\/mediendesign-moser.at\/shop\/?page_id=13813\" target=\"_blank\" rel=\"noopener\">finden Sie hier<\/a>.<\/p>\n<p>Beachten Sie unsere \u00a0<a href=\"https:\/\/mediendesign-moser.at\/shop\/?page_id=758\" target=\"_blank\" rel=\"noopener\">Lizenzbedingungen<\/a>\u00a0f\u00fcr downloadbare Produkte.<a href=\"https:\/\/mediendesign-moser.at\/shop\/wp-content\/uploads\/2022\/01\/DL-SPSB200-books.jpg\"><img loading=\"lazy\" decoding=\"async\" class=\"alignnone size-full wp-image-13810\" src=\"https:\/\/mediendesign-moser.at\/shop\/wp-content\/uploads\/2022\/01\/DL-SPSB200-books.jpg\" alt=\"\" width=\"620\" height=\"2228\" srcset=\"https:\/\/mediendesign-moser.at\/shop\/wp-content\/uploads\/2022\/01\/DL-SPSB200-books.jpg 620w, https:\/\/mediendesign-moser.at\/shop\/wp-content\/uploads\/2022\/01\/DL-SPSB200-books-285x1024.jpg 285w, https:\/\/mediendesign-moser.at\/shop\/wp-content\/uploads\/2022\/01\/DL-SPSB200-books-600x2156.jpg 600w\" sizes=\"auto, (max-width: 620px) 100vw, 620px\" \/><\/a><\/p>\n","protected":false},"featured_media":13811,"comment_status":"closed","ping_status":"closed","template":"","meta":{"om_disable_all_campaigns":false,"_monsterinsights_skip_tracking":false,"_monsterinsights_sitenote_active":false,"_monsterinsights_sitenote_note":"","_monsterinsights_sitenote_category":0},"product_cat":[1124,513,962,799,263],"product_tag":[1949,1946,1947,1948,38,1120,518,504,142,517,353],"class_list":{"0":"post-13852","1":"product","2":"type-product","3":"status-publish","4":"has-post-thumbnail","6":"product_cat-bastelboegen","7":"product_cat-schneidplotter-svg-und-pdf","8":"product_cat-schule-und-bildung","9":"product_cat-verpackungen-schneidplotter-svg-und-pdf","10":"product_cat-downloadprodukte","11":"product_tag-bookbox","12":"product_tag-buch","13":"product_tag-buchbox","14":"product_tag-buecher","15":"product_tag-download","16":"product_tag-dxf","17":"product_tag-pdf","18":"product_tag-schneidplotter","19":"product_tag-schneidplotter-datei","20":"product_tag-svg","21":"product_tag-verpackung","23":"first","24":"instock","25":"downloadable","26":"virtual","27":"purchasable","28":"product-type-simple"},"aioseo_notices":[],"jetpack_sharing_enabled":true,"_links":{"self":[{"href":"https:\/\/mediendesign-moser.at\/shop\/index.php?rest_route=\/wp\/v2\/product\/13852","targetHints":{"allow":["GET"]}}],"collection":[{"href":"https:\/\/mediendesign-moser.at\/shop\/index.php?rest_route=\/wp\/v2\/product"}],"about":[{"href":"https:\/\/mediendesign-moser.at\/shop\/index.php?rest_route=\/wp\/v2\/types\/product"}],"replies":[{"embeddable":true,"href":"https:\/\/mediendesign-moser.at\/shop\/index.php?rest_route=%2Fwp%2Fv2%2Fcomments&post=13852"}],"wp:featuredmedia":[{"embeddable":true,"href":"https:\/\/mediendesign-moser.at\/shop\/index.php?rest_route=\/wp\/v2\/media\/13811"}],"wp:attachment":[{"href":"https:\/\/mediendesign-moser.at\/shop\/index.php?rest_route=%2Fwp%2Fv2%2Fmedia&parent=13852"}],"wp:term":[{"taxonomy":"product_cat","embeddable":true,"href":"https:\/\/mediendesign-moser.at\/shop\/index.php?rest_route=%2Fwp%2Fv2%2Fproduct_cat&post=13852"},{"taxonomy":"product_tag","embeddable":true,"href":"https:\/\/mediendesign-moser.at\/shop\/index.php?rest_route=%2Fwp%2Fv2%2Fproduct_tag&post=13852"}],"curies":[{"name":"wp","href":"https:\/\/api.w.org\/{rel}","templated":true}]}}