{"id":13648,"date":"2021-12-22T11:19:18","date_gmt":"2021-12-22T10:19:18","guid":{"rendered":"https:\/\/mediendesign-moser.at\/shop\/?post_type=product&#038;p=13648"},"modified":"2023-11-22T13:30:38","modified_gmt":"2023-11-22T12:30:38","slug":"explosionsbox-passend-fuer-eine-schiffsfahrt","status":"publish","type":"product","link":"https:\/\/mediendesign-moser.at\/shop\/?product=explosionsbox-passend-fuer-eine-schiffsfahrt","title":{"rendered":"Explosionsbox passend f\u00fcr eine Schiffsfahrt"},"content":{"rendered":"","protected":false},"excerpt":{"rendered":"<p>Handgemachte Explosionsbox, passend f\u00fcr eine Schiffsfahrt oder Schiffsreise auf einem Flu\u00df.<br \/>\nZentrales Motiv: Schiff<br \/>\nGr\u00f6\u00dfe der Box: W\u00fcrfel mit ca. 10 cm Seitenkantenl\u00e4nge.<\/p>\n<p>Nicht lieferbar, da wir unsere Explosionsboxen-Angebote eingestellt haben.<\/p>\n","protected":false},"featured_media":13646,"comment_status":"closed","ping_status":"closed","template":"","meta":{"om_disable_all_campaigns":false,"_monsterinsights_skip_tracking":false,"_monsterinsights_sitenote_active":false,"_monsterinsights_sitenote_note":"","_monsterinsights_sitenote_category":0},"product_cat":[523,63,80,98,49],"product_tag":[51,1943,64,52,1944,99,837,412],"class_list":{"0":"post-13648","1":"product","2":"type-product","3":"status-publish","4":"has-post-thumbnail","6":"product_cat-erlebnisgeschenk","7":"product_cat-geburtstag","8":"product_cat-hochzeit","9":"product_cat-reise","10":"product_cat-explosionsboxen","11":"product_tag-explosionsbox","12":"product_tag-fluss","13":"product_tag-geburtstag","14":"product_tag-geschenk","15":"product_tag-klangwolke","16":"product_tag-reise","17":"product_tag-schiff","18":"product_tag-urlaub","19":"product_shipping_class-gebo","21":"first","22":"instock","23":"product-type-external"},"aioseo_notices":[],"jetpack_sharing_enabled":true,"_links":{"self":[{"href":"https:\/\/mediendesign-moser.at\/shop\/index.php?rest_route=\/wp\/v2\/product\/13648","targetHints":{"allow":["GET"]}}],"collection":[{"href":"https:\/\/mediendesign-moser.at\/shop\/index.php?rest_route=\/wp\/v2\/product"}],"about":[{"href":"https:\/\/mediendesign-moser.at\/shop\/index.php?rest_route=\/wp\/v2\/types\/product"}],"replies":[{"embeddable":true,"href":"https:\/\/mediendesign-moser.at\/shop\/index.php?rest_route=%2Fwp%2Fv2%2Fcomments&post=13648"}],"wp:featuredmedia":[{"embeddable":true,"href":"https:\/\/mediendesign-moser.at\/shop\/index.php?rest_route=\/wp\/v2\/media\/13646"}],"wp:attachment":[{"href":"https:\/\/mediendesign-moser.at\/shop\/index.php?rest_route=%2Fwp%2Fv2%2Fmedia&parent=13648"}],"wp:term":[{"taxonomy":"product_cat","embeddable":true,"href":"https:\/\/mediendesign-moser.at\/shop\/index.php?rest_route=%2Fwp%2Fv2%2Fproduct_cat&post=13648"},{"taxonomy":"product_tag","embeddable":true,"href":"https:\/\/mediendesign-moser.at\/shop\/index.php?rest_route=%2Fwp%2Fv2%2Fproduct_tag&post=13648"}],"curies":[{"name":"wp","href":"https:\/\/api.w.org\/{rel}","templated":true}]}}