{"id":1351,"date":"2018-01-02T00:00:14","date_gmt":"2018-01-01T23:00:14","guid":{"rendered":"http:\/\/mediendesign-moser.at\/shop\/?post_type=product&#038;p=1351"},"modified":"2023-01-03T15:28:18","modified_gmt":"2023-01-03T14:28:18","slug":"download-schneidplotter-datei-fuer-eine-ritterburg","status":"publish","type":"product","link":"https:\/\/mediendesign-moser.at\/shop\/?product=download-schneidplotter-datei-fuer-eine-ritterburg","title":{"rendered":"Download: Schneide Datei \/ Bastelbogen f\u00fcr eine Burg"},"content":{"rendered":"","protected":false},"excerpt":{"rendered":"<p>Schneide Datei \/ Bastelbogen \u00a0(.svg, .dxf, .pdf) f\u00fcr den Zuschnitt einer Burg.<\/p>\n<p>Die Download-Dateien sind f\u00fcr 2 verschiedene Gr\u00f6\u00dfen aufbereitet.<br \/>\nD.h. die Burg kann wahlweise mit Abmessungen von ca. 9,5 x 9,5 x 7,5 cm H\u00f6he hergestellt werden (passend f\u00fcr Explosionsbox mit ca. 10 cm Seitenkantenl\u00e4nge),<br \/>\nund\/oder in einem gr\u00f6\u00dferen Format mit Abmessungen von ca. 14 x 14 x 11 cm H\u00f6he.<\/p>\n<p>Die Geister-Motive (Halloween Dekoration) f\u00fcr die Burg sind ebenfalls enthalten.<\/p>\n<p>m Download sind enthalten:<\/p>\n<ul>\n<li>SVG-Dateien f\u00fcr die Verwendung mit folgenden Schneideger\u00e4ten:<br \/>\nCricut, Pazzles, Brother ScanNCut, oder Silhouette-Ger\u00e4te (Silhouette Studio ab Designer-Edition erforderlich)<\/li>\n<li>DXF-Dateien<\/li>\n<li>Bastelbogen-PDF zum Ausdrucken<\/li>\n<\/ul>\n<p><em><strong>Nicht im Download enthalten:<\/strong><\/em><br \/>\nDas Designpapier <a href=\"https:\/\/mediendesign-moser.at\/shop\/?post_type=product&amp;p=12186\" target=\"_blank\" rel=\"noopener\">&#8220;Castle-Themes&#8221;<\/a> zum Ausdrucken des Ziegelmauer-Musters ist <strong>nicht<\/strong> im Download enthalten, <a href=\"https:\/\/mediendesign-moser.at\/shop\/?post_type=product&amp;p=12186\" target=\"_blank\" rel=\"noopener\">kann aber hier<\/a> bestellt werden.<\/p>\n<p>___________<\/p>\n<p>Dieses Projekt wurde mit folgenden Schneideger\u00e4ten getestet:<br \/>\nSilhouette Cameo, Cricut Maker, Brother ScanNCut.<br \/>\nInfos und Anleitungen zur Verwendung mit den jeweiligen Ger\u00e4ten <a href=\"https:\/\/mediendesign-moser.at\/shop\/?page_id=6409\" target=\"_blank\" rel=\"noopener\">finden Sie hier<\/a>.<\/p>\n<p>Beachten Sie unsere \u00a0<a href=\"https:\/\/mediendesign-moser.at\/shop\/?page_id=758\" target=\"_blank\" rel=\"noopener\">Lizenzbedingungen<\/a>\u00a0f\u00fcr downloadbare Produkte.<br \/>\n<a href=\"https:\/\/mediendesign-moser.at\/shop\/wp-content\/uploads\/2021\/08\/DL-SPG401-simple-castle.jpg\"><img loading=\"lazy\" decoding=\"async\" class=\"alignnone size-full wp-image-12146\" src=\"https:\/\/mediendesign-moser.at\/shop\/wp-content\/uploads\/2021\/08\/DL-SPG401-simple-castle.jpg\" alt=\"\" width=\"620\" height=\"1380\" srcset=\"https:\/\/mediendesign-moser.at\/shop\/wp-content\/uploads\/2021\/08\/DL-SPG401-simple-castle.jpg 620w, https:\/\/mediendesign-moser.at\/shop\/wp-content\/uploads\/2021\/08\/DL-SPG401-simple-castle-135x300.jpg 135w, https:\/\/mediendesign-moser.at\/shop\/wp-content\/uploads\/2021\/08\/DL-SPG401-simple-castle-460x1024.jpg 460w, https:\/\/mediendesign-moser.at\/shop\/wp-content\/uploads\/2021\/08\/DL-SPG401-simple-castle-600x1335.jpg 600w\" sizes=\"auto, (max-width: 620px) 100vw, 620px\" \/><\/a><\/p>\n","protected":false},"featured_media":12145,"comment_status":"closed","ping_status":"closed","template":"","meta":{"om_disable_all_campaigns":false,"_monsterinsights_skip_tracking":false,"_monsterinsights_sitenote_active":false,"_monsterinsights_sitenote_note":"","_monsterinsights_sitenote_category":0},"product_cat":[1124,513,796,1800,935,851,263],"product_tag":[419,422,38,424,1806,1805,366,420,423,421,142],"class_list":{"0":"post-1351","1":"product","2":"type-product","3":"status-publish","4":"has-post-thumbnail","6":"product_cat-bastelboegen","7":"product_cat-schneidplotter-svg-und-pdf","8":"product_cat-gebaeude-schneidplotter-svg-und-pdf","9":"product_cat-halloween","10":"product_cat-maerchen-und-sagen","11":"product_cat-urlaub","12":"product_cat-downloadprodukte","13":"product_tag-burg","14":"product_tag-castle","15":"product_tag-download","16":"product_tag-einfach","17":"product_tag-geister","18":"product_tag-geisterschloss","19":"product_tag-halloween","20":"product_tag-maerchen","21":"product_tag-ritterburg","22":"product_tag-schloss","23":"product_tag-schneidplotter-datei","25":"first","26":"instock","27":"downloadable","28":"virtual","29":"purchasable","30":"product-type-simple"},"aioseo_notices":[],"jetpack_sharing_enabled":true,"_links":{"self":[{"href":"https:\/\/mediendesign-moser.at\/shop\/index.php?rest_route=\/wp\/v2\/product\/1351","targetHints":{"allow":["GET"]}}],"collection":[{"href":"https:\/\/mediendesign-moser.at\/shop\/index.php?rest_route=\/wp\/v2\/product"}],"about":[{"href":"https:\/\/mediendesign-moser.at\/shop\/index.php?rest_route=\/wp\/v2\/types\/product"}],"replies":[{"embeddable":true,"href":"https:\/\/mediendesign-moser.at\/shop\/index.php?rest_route=%2Fwp%2Fv2%2Fcomments&post=1351"}],"wp:featuredmedia":[{"embeddable":true,"href":"https:\/\/mediendesign-moser.at\/shop\/index.php?rest_route=\/wp\/v2\/media\/12145"}],"wp:attachment":[{"href":"https:\/\/mediendesign-moser.at\/shop\/index.php?rest_route=%2Fwp%2Fv2%2Fmedia&parent=1351"}],"wp:term":[{"taxonomy":"product_cat","embeddable":true,"href":"https:\/\/mediendesign-moser.at\/shop\/index.php?rest_route=%2Fwp%2Fv2%2Fproduct_cat&post=1351"},{"taxonomy":"product_tag","embeddable":true,"href":"https:\/\/mediendesign-moser.at\/shop\/index.php?rest_route=%2Fwp%2Fv2%2Fproduct_tag&post=1351"}],"curies":[{"name":"wp","href":"https:\/\/api.w.org\/{rel}","templated":true}]}}