{"id":13450,"date":"2021-12-20T15:00:35","date_gmt":"2021-12-20T14:00:35","guid":{"rendered":"https:\/\/mediendesign-moser.at\/shop\/?post_type=product&#038;p=13450"},"modified":"2023-01-03T16:53:05","modified_gmt":"2023-01-03T15:53:05","slug":"download-schneide-datei-bastelbogen-fuer-eine-strassenlaterne","status":"publish","type":"product","link":"https:\/\/mediendesign-moser.at\/shop\/?product=download-schneide-datei-bastelbogen-fuer-eine-strassenlaterne","title":{"rendered":"Download: Schneide Datei \/ Bastelbogen f\u00fcr eine Stra\u00dfenlaterne"},"content":{"rendered":"","protected":false},"excerpt":{"rendered":"<p>Schneide Datei (.svg, .dxf) f\u00fcr den Zuschnitt einer Stra\u00dfenlaterne mit Zaun.<\/p>\n<p>Mit diesem Download k\u00f6nnen die Papierteile f\u00fcr die Stra\u00dfenlaterne (siehe Fotos) zugeschnitten werden.<\/p>\n<p>Wenn Sie die Laternen mit kleinen LED Bastell\u00e4mpchen beleuchten m\u00f6chten, empfiehlt es sich die Datei Batteriefach ebenfalls mit-zu-verwenden, da in diesem Fach eine Batterie sowie die Kabel f\u00fcr die L\u00e4mpchen verstaut werden k\u00f6nnen.<\/p>\n<p>Im Download sind enthalten:<\/p>\n<ul>\n<li>SVG-Dateien f\u00fcr die Verwendung mit folgenden Schneideger\u00e4ten:<br \/>\nCricut, Pazzles, Brother ScanNCut, oder Silhouette-Ger\u00e4te<\/li>\n<li>DXF-Dateien<\/li>\n<li>Bastelbogen-PDF<\/li>\n<\/ul>\n<p>Dieses Projekt wurde mit folgenden Schneideger\u00e4ten getestet:<br \/>\nSilhouette Cameo, Cricut Maker, Brother ScanNCut.<br \/>\nInfos und Anleitungen zur Verwendung mit den jeweiligen Ger\u00e4ten <a href=\"https:\/\/mediendesign-moser.at\/shop\/?page_id=6409\" target=\"_blank\" rel=\"noopener\">finden Sie hier<\/a>.<\/p>\n<p>Beachten Sie unsere \u00a0<a href=\"https:\/\/mediendesign-moser.at\/shop\/?page_id=758\" target=\"_blank\" rel=\"noopener\">Lizenzbedingungen<\/a>\u00a0f\u00fcr downloadbare Produkte.<\/p>\n<p><a href=\"https:\/\/mediendesign-moser.at\/shop\/wp-content\/uploads\/2021\/12\/DL-SPSV001-instructions.jpg\"><img loading=\"lazy\" decoding=\"async\" class=\"alignnone wp-image-13447 size-full\" src=\"https:\/\/mediendesign-moser.at\/shop\/wp-content\/uploads\/2021\/12\/DL-SPSV001-instructions.jpg\" alt=\"\" width=\"620\" height=\"1879\" srcset=\"https:\/\/mediendesign-moser.at\/shop\/wp-content\/uploads\/2021\/12\/DL-SPSV001-instructions.jpg 620w, https:\/\/mediendesign-moser.at\/shop\/wp-content\/uploads\/2021\/12\/DL-SPSV001-instructions-99x300.jpg 99w, https:\/\/mediendesign-moser.at\/shop\/wp-content\/uploads\/2021\/12\/DL-SPSV001-instructions-338x1024.jpg 338w, https:\/\/mediendesign-moser.at\/shop\/wp-content\/uploads\/2021\/12\/DL-SPSV001-instructions-600x1818.jpg 600w\" sizes=\"auto, (max-width: 620px) 100vw, 620px\" \/><\/a><\/p>\n<p>&nbsp;<\/p>\n","protected":false},"featured_media":13446,"comment_status":"open","ping_status":"closed","template":"","meta":{"om_disable_all_campaigns":false,"_monsterinsights_skip_tracking":false,"_monsterinsights_sitenote_active":false,"_monsterinsights_sitenote_note":"","_monsterinsights_sitenote_category":0},"product_cat":[1124,513,1896,263],"product_tag":[1923,542,144,1055,38,1120,1134,1920,1921,1644,518,541,1645,504,143,1924,1918,1919,1925,1922,517],"class_list":{"0":"post-13450","1":"product","2":"type-product","3":"status-publish","4":"has-post-thumbnail","6":"product_cat-bastelboegen","7":"product_cat-schneidplotter-svg-und-pdf","8":"product_cat-strasse-und-verkehr","9":"product_cat-downloadprodukte","10":"product_tag-beleuchtung","11":"product_tag-brother","12":"product_tag-cameo","13":"product_tag-cricut","14":"product_tag-download","15":"product_tag-dxf","16":"product_tag-laterne","17":"product_tag-licht","18":"product_tag-light","19":"product_tag-pazzles","20":"product_tag-pdf","21":"product_tag-scanncut","22":"product_tag-schneidemaschine","23":"product_tag-schneidplotter","24":"product_tag-silhouette","25":"product_tag-strassenbeleuchtung","26":"product_tag-strassenlaterne","27":"product_tag-street-lamp","28":"product_tag-street-lighting","29":"product_tag-street-lights","30":"product_tag-svg","32":"first","33":"instock","34":"downloadable","35":"virtual","36":"purchasable","37":"product-type-simple"},"aioseo_notices":[],"jetpack_sharing_enabled":true,"_links":{"self":[{"href":"https:\/\/mediendesign-moser.at\/shop\/index.php?rest_route=\/wp\/v2\/product\/13450","targetHints":{"allow":["GET"]}}],"collection":[{"href":"https:\/\/mediendesign-moser.at\/shop\/index.php?rest_route=\/wp\/v2\/product"}],"about":[{"href":"https:\/\/mediendesign-moser.at\/shop\/index.php?rest_route=\/wp\/v2\/types\/product"}],"replies":[{"embeddable":true,"href":"https:\/\/mediendesign-moser.at\/shop\/index.php?rest_route=%2Fwp%2Fv2%2Fcomments&post=13450"}],"wp:featuredmedia":[{"embeddable":true,"href":"https:\/\/mediendesign-moser.at\/shop\/index.php?rest_route=\/wp\/v2\/media\/13446"}],"wp:attachment":[{"href":"https:\/\/mediendesign-moser.at\/shop\/index.php?rest_route=%2Fwp%2Fv2%2Fmedia&parent=13450"}],"wp:term":[{"taxonomy":"product_cat","embeddable":true,"href":"https:\/\/mediendesign-moser.at\/shop\/index.php?rest_route=%2Fwp%2Fv2%2Fproduct_cat&post=13450"},{"taxonomy":"product_tag","embeddable":true,"href":"https:\/\/mediendesign-moser.at\/shop\/index.php?rest_route=%2Fwp%2Fv2%2Fproduct_tag&post=13450"}],"curies":[{"name":"wp","href":"https:\/\/api.w.org\/{rel}","templated":true}]}}