{"id":1341,"date":"2017-12-30T23:40:56","date_gmt":"2017-12-30T22:40:56","guid":{"rendered":"http:\/\/mediendesign-moser.at\/shop\/?post_type=product&#038;p=1341"},"modified":"2023-01-03T15:28:13","modified_gmt":"2023-01-03T14:28:13","slug":"download-schneidplotter-datei-fuer-eine-burg","status":"publish","type":"product","link":"https:\/\/mediendesign-moser.at\/shop\/?product=download-schneidplotter-datei-fuer-eine-burg","title":{"rendered":"Download: Schneidplotter-Dateien f\u00fcr eine Burg"},"content":{"rendered":"","protected":false},"excerpt":{"rendered":"<p>Mit diesen Dateien k\u00f6nnen die Papier-Einzelteile f\u00fcr die am Foto ersichtliche Burg zugeschnitten werden.<br \/>\nVoraussetzung: Vorhandensein eines Schneidplotters (z.B. Silhouette Cameo, Brother ScanNCut, etc).<br \/>\nEs gelten unsere\u00a0<a href=\"https:\/\/mediendesign-moser.at\/shop\/?page_id=758\" target=\"_blank\" rel=\"noopener\">Lizenzbedingungen<\/a>\u00a0f\u00fcr downloadbare Produkte.<a href=\"https:\/\/mediendesign-moser.at\/shop\/wp-content\/uploads\/2017\/12\/burg-schneidplotter.jpg\"><img loading=\"lazy\" decoding=\"async\" class=\"alignnone size-full wp-image-1349\" src=\"https:\/\/mediendesign-moser.at\/shop\/wp-content\/uploads\/2017\/12\/burg-schneidplotter.jpg\" alt=\"\" width=\"620\" height=\"2325\" srcset=\"https:\/\/mediendesign-moser.at\/shop\/wp-content\/uploads\/2017\/12\/burg-schneidplotter.jpg 620w, https:\/\/mediendesign-moser.at\/shop\/wp-content\/uploads\/2017\/12\/burg-schneidplotter-600x2250.jpg 600w, https:\/\/mediendesign-moser.at\/shop\/wp-content\/uploads\/2017\/12\/burg-schneidplotter-80x300.jpg 80w, https:\/\/mediendesign-moser.at\/shop\/wp-content\/uploads\/2017\/12\/burg-schneidplotter-273x1024.jpg 273w\" sizes=\"auto, (max-width: 620px) 100vw, 620px\" \/><\/a><\/p>\n","protected":false},"featured_media":1347,"comment_status":"closed","ping_status":"closed","template":"","meta":{"om_disable_all_campaigns":false,"_monsterinsights_skip_tracking":false,"_monsterinsights_sitenote_active":false,"_monsterinsights_sitenote_note":"","_monsterinsights_sitenote_category":0},"product_cat":[513,796,935,851,263],"product_tag":[419,422,38,420,423,421,142],"class_list":{"0":"post-1341","1":"product","2":"type-product","3":"status-publish","4":"has-post-thumbnail","6":"product_cat-schneidplotter-svg-und-pdf","7":"product_cat-gebaeude-schneidplotter-svg-und-pdf","8":"product_cat-maerchen-und-sagen","9":"product_cat-urlaub","10":"product_cat-downloadprodukte","11":"product_tag-burg","12":"product_tag-castle","13":"product_tag-download","14":"product_tag-maerchen","15":"product_tag-ritterburg","16":"product_tag-schloss","17":"product_tag-schneidplotter-datei","19":"first","20":"instock","21":"downloadable","22":"virtual","23":"purchasable","24":"product-type-simple"},"aioseo_notices":[],"jetpack_sharing_enabled":true,"_links":{"self":[{"href":"https:\/\/mediendesign-moser.at\/shop\/index.php?rest_route=\/wp\/v2\/product\/1341","targetHints":{"allow":["GET"]}}],"collection":[{"href":"https:\/\/mediendesign-moser.at\/shop\/index.php?rest_route=\/wp\/v2\/product"}],"about":[{"href":"https:\/\/mediendesign-moser.at\/shop\/index.php?rest_route=\/wp\/v2\/types\/product"}],"replies":[{"embeddable":true,"href":"https:\/\/mediendesign-moser.at\/shop\/index.php?rest_route=%2Fwp%2Fv2%2Fcomments&post=1341"}],"wp:featuredmedia":[{"embeddable":true,"href":"https:\/\/mediendesign-moser.at\/shop\/index.php?rest_route=\/wp\/v2\/media\/1347"}],"wp:attachment":[{"href":"https:\/\/mediendesign-moser.at\/shop\/index.php?rest_route=%2Fwp%2Fv2%2Fmedia&parent=1341"}],"wp:term":[{"taxonomy":"product_cat","embeddable":true,"href":"https:\/\/mediendesign-moser.at\/shop\/index.php?rest_route=%2Fwp%2Fv2%2Fproduct_cat&post=1341"},{"taxonomy":"product_tag","embeddable":true,"href":"https:\/\/mediendesign-moser.at\/shop\/index.php?rest_route=%2Fwp%2Fv2%2Fproduct_tag&post=1341"}],"curies":[{"name":"wp","href":"https:\/\/api.w.org\/{rel}","templated":true}]}}