{"id":13371,"date":"2021-12-20T15:00:29","date_gmt":"2021-12-20T14:00:29","guid":{"rendered":"https:\/\/mediendesign-moser.at\/shop\/?post_type=product&#038;p=13371"},"modified":"2023-10-10T13:25:02","modified_gmt":"2023-10-10T11:25:02","slug":"download-schneide-datei-bastelbogen-fuer-schlittschuhe","status":"publish","type":"product","link":"https:\/\/mediendesign-moser.at\/shop\/?product=download-schneide-datei-bastelbogen-fuer-schlittschuhe","title":{"rendered":"Download: Schneide Datei \/ Bastelbogen f\u00fcr Schlittschuhe"},"content":{"rendered":"","protected":false},"excerpt":{"rendered":"<p>Schneide Datei (.svg, .dxf) f\u00fcr den Zuschnitt von Eislaufschuhen (2D).<\/p>\n<p>Mit diesem Download k\u00f6nnen die Papierteile f\u00fcr den Eislaufschuh in 2 verschiedenen Gr\u00f6\u00dfen zugeschnitten werden<\/p>\n<p>Im Download sind enthalten:<\/p>\n<ul>\n<li>SVG-Dateien f\u00fcr die Verwendung mit folgenden Schneideger\u00e4ten:<br \/>\nCricut, Pazzles, Brother ScanNCut, oder Silhouette-Ger\u00e4te<\/li>\n<li>DXF-Dateien<\/li>\n<li>Bastelbogen-PDF<\/li>\n<\/ul>\n<p>Dieses Projekt wurde mit folgenden Schneideger\u00e4ten getestet:<br \/>\nSilhouette Cameo, Cricut Maker, Brother ScanNCut.<br \/>\nInfos und Anleitungen zur Verwendung mit den jeweiligen Ger\u00e4ten <a href=\"https:\/\/mediendesign-moser.at\/shop\/?page_id=6409\" target=\"_blank\" rel=\"noopener\">finden Sie hier<\/a>.<\/p>\n<p>Beachten Sie unsere \u00a0<a href=\"https:\/\/mediendesign-moser.at\/shop\/?page_id=758\" target=\"_blank\" rel=\"noopener\">Lizenzbedingungen<\/a>\u00a0f\u00fcr downloadbare Produkte.<\/p>\n<p><a href=\"https:\/\/mediendesign-moser.at\/shop\/wp-content\/uploads\/2021\/12\/DL-SPSP620-instructions.jpg\"><img loading=\"lazy\" decoding=\"async\" class=\"alignnone size-full wp-image-13363\" src=\"https:\/\/mediendesign-moser.at\/shop\/wp-content\/uploads\/2021\/12\/DL-SPSP620-instructions.jpg\" alt=\"\" width=\"640\" height=\"2016\" srcset=\"https:\/\/mediendesign-moser.at\/shop\/wp-content\/uploads\/2021\/12\/DL-SPSP620-instructions.jpg 640w, https:\/\/mediendesign-moser.at\/shop\/wp-content\/uploads\/2021\/12\/DL-SPSP620-instructions-95x300.jpg 95w, https:\/\/mediendesign-moser.at\/shop\/wp-content\/uploads\/2021\/12\/DL-SPSP620-instructions-325x1024.jpg 325w, https:\/\/mediendesign-moser.at\/shop\/wp-content\/uploads\/2021\/12\/DL-SPSP620-instructions-600x1890.jpg 600w\" sizes=\"auto, (max-width: 640px) 100vw, 640px\" \/><\/a><\/p>\n","protected":false},"featured_media":13361,"comment_status":"open","ping_status":"closed","template":"","meta":{"om_disable_all_campaigns":false,"_monsterinsights_skip_tracking":false,"_monsterinsights_sitenote_active":false,"_monsterinsights_sitenote_note":"","_monsterinsights_sitenote_category":0},"product_cat":[1124,513,804,789,263],"product_tag":[542,144,1055,38,1120,1899,1900,1644,518,541,1897,1898,1645,504,143,162,517,137],"class_list":{"0":"post-13371","1":"product","2":"type-product","3":"status-publish","4":"has-post-thumbnail","6":"product_cat-bastelboegen","7":"product_cat-schneidplotter-svg-und-pdf","8":"product_cat-sport-schneidplotter-svg-und-pdf","9":"product_cat-weihnachten-schneidplotter-svg-und-pdf","10":"product_cat-downloadprodukte","11":"product_tag-brother","12":"product_tag-cameo","13":"product_tag-cricut","14":"product_tag-download","15":"product_tag-dxf","16":"product_tag-eislaufen","17":"product_tag-eislaufschuhe","18":"product_tag-pazzles","19":"product_tag-pdf","20":"product_tag-scanncut","21":"product_tag-schlittschuh","22":"product_tag-schlittschuhe","23":"product_tag-schneidemaschine","24":"product_tag-schneidplotter","25":"product_tag-silhouette","26":"product_tag-sport","27":"product_tag-svg","28":"product_tag-winter","30":"first","31":"instock","32":"downloadable","33":"virtual","34":"purchasable","35":"product-type-simple"},"aioseo_notices":[],"jetpack_sharing_enabled":true,"_links":{"self":[{"href":"https:\/\/mediendesign-moser.at\/shop\/index.php?rest_route=\/wp\/v2\/product\/13371","targetHints":{"allow":["GET"]}}],"collection":[{"href":"https:\/\/mediendesign-moser.at\/shop\/index.php?rest_route=\/wp\/v2\/product"}],"about":[{"href":"https:\/\/mediendesign-moser.at\/shop\/index.php?rest_route=\/wp\/v2\/types\/product"}],"replies":[{"embeddable":true,"href":"https:\/\/mediendesign-moser.at\/shop\/index.php?rest_route=%2Fwp%2Fv2%2Fcomments&post=13371"}],"wp:featuredmedia":[{"embeddable":true,"href":"https:\/\/mediendesign-moser.at\/shop\/index.php?rest_route=\/wp\/v2\/media\/13361"}],"wp:attachment":[{"href":"https:\/\/mediendesign-moser.at\/shop\/index.php?rest_route=%2Fwp%2Fv2%2Fmedia&parent=13371"}],"wp:term":[{"taxonomy":"product_cat","embeddable":true,"href":"https:\/\/mediendesign-moser.at\/shop\/index.php?rest_route=%2Fwp%2Fv2%2Fproduct_cat&post=13371"},{"taxonomy":"product_tag","embeddable":true,"href":"https:\/\/mediendesign-moser.at\/shop\/index.php?rest_route=%2Fwp%2Fv2%2Fproduct_tag&post=13371"}],"curies":[{"name":"wp","href":"https:\/\/api.w.org\/{rel}","templated":true}]}}