{"id":1290,"date":"2017-12-28T18:42:23","date_gmt":"2017-12-28T17:42:23","guid":{"rendered":"http:\/\/mediendesign-moser.at\/shop\/?post_type=product&#038;p=1290"},"modified":"2023-11-24T10:45:09","modified_gmt":"2023-11-24T09:45:09","slug":"explosionsbox-thema-reise-motiv-oesterreich","status":"publish","type":"product","link":"https:\/\/mediendesign-moser.at\/shop\/?product=explosionsbox-thema-reise-motiv-oesterreich","title":{"rendered":"Explosionsbox Thema Reise Motiv \u00d6sterreich"},"content":{"rendered":"","protected":false},"excerpt":{"rendered":"<p>Handgemachte Geburtstags-Explosionsbox, passend als Geschenkbox f\u00fcr eine \u00d6sterreichreise. Im Inneren der Box befindet sich ein See mit Segelbooten.<br \/>\nGr\u00f6\u00dfe dieser Box: Seitenkantenl\u00e4nge von etwa 10 cm.<\/p>\n<p>Nicht lieferbar, da wir unsere Explosionsboxen-Angebote eingestellt haben.<\/p>\n","protected":false},"featured_media":1292,"comment_status":"closed","ping_status":"closed","template":"","meta":{"om_disable_all_campaigns":false,"_monsterinsights_skip_tracking":false,"_monsterinsights_sitenote_active":false,"_monsterinsights_sitenote_note":"","_monsterinsights_sitenote_category":0},"product_cat":[63,98,49],"product_tag":[418,51,64,9,296,415,99,102,416,417,412],"class_list":{"0":"post-1290","1":"product","2":"type-product","3":"status-publish","4":"has-post-thumbnail","6":"product_cat-geburtstag","7":"product_cat-reise","8":"product_cat-explosionsboxen","9":"product_tag-berge","10":"product_tag-explosionsbox","11":"product_tag-geburtstag","12":"product_tag-handgemacht","13":"product_tag-oesterreich","14":"product_tag-oesterreichreise","15":"product_tag-reise","16":"product_tag-reisegutschein","17":"product_tag-see","18":"product_tag-segelboote","19":"product_tag-urlaub","20":"product_shipping_class-gebo","22":"first","23":"instock","24":"product-type-external"},"aioseo_notices":[],"jetpack_sharing_enabled":true,"_links":{"self":[{"href":"https:\/\/mediendesign-moser.at\/shop\/index.php?rest_route=\/wp\/v2\/product\/1290","targetHints":{"allow":["GET"]}}],"collection":[{"href":"https:\/\/mediendesign-moser.at\/shop\/index.php?rest_route=\/wp\/v2\/product"}],"about":[{"href":"https:\/\/mediendesign-moser.at\/shop\/index.php?rest_route=\/wp\/v2\/types\/product"}],"replies":[{"embeddable":true,"href":"https:\/\/mediendesign-moser.at\/shop\/index.php?rest_route=%2Fwp%2Fv2%2Fcomments&post=1290"}],"wp:featuredmedia":[{"embeddable":true,"href":"https:\/\/mediendesign-moser.at\/shop\/index.php?rest_route=\/wp\/v2\/media\/1292"}],"wp:attachment":[{"href":"https:\/\/mediendesign-moser.at\/shop\/index.php?rest_route=%2Fwp%2Fv2%2Fmedia&parent=1290"}],"wp:term":[{"taxonomy":"product_cat","embeddable":true,"href":"https:\/\/mediendesign-moser.at\/shop\/index.php?rest_route=%2Fwp%2Fv2%2Fproduct_cat&post=1290"},{"taxonomy":"product_tag","embeddable":true,"href":"https:\/\/mediendesign-moser.at\/shop\/index.php?rest_route=%2Fwp%2Fv2%2Fproduct_tag&post=1290"}],"curies":[{"name":"wp","href":"https:\/\/api.w.org\/{rel}","templated":true}]}}