{"id":12841,"date":"2021-10-28T10:30:19","date_gmt":"2021-10-28T08:30:19","guid":{"rendered":"https:\/\/mediendesign-moser.at\/shop\/?post_type=product&#038;p=12841"},"modified":"2025-11-08T14:37:30","modified_gmt":"2025-11-08T13:37:30","slug":"download-schneide-datei-bastelbogen-fuer-weihnachtsschlitten","status":"publish","type":"product","link":"https:\/\/mediendesign-moser.at\/shop\/?product=download-schneide-datei-bastelbogen-fuer-weihnachtsschlitten","title":{"rendered":"Download: Schneide Datei \/ Bastelbogen f\u00fcr Weihnachtsschlitten"},"content":{"rendered":"","protected":false},"excerpt":{"rendered":"<p>Downloadprodukt Schneide Datei f\u00fcr Schneidemaschinen sowie Bastelbogen zum selber Ausdrucken (.svg, .dxf, pdf) f\u00fcr den Zuschnitt eines Weihnachtsschlittens.<\/p>\n<p>Mit diesem Download k\u00f6nnen die Papierteile f\u00fcr einen Weihnachtsschlitten, sowie ein dazu passendes P\u00e4ckchen (Fotos) geschnitten werden.<\/p>\n<p>Gr\u00f6\u00dfe des fertig hergestellten Schlittens: ca. 9 x 4 x 6 cm.<\/p>\n<p>Im Download sind enthalten:<\/p>\n<ul>\n<li>SVG-Dateien f\u00fcr die Verwendung mit folgenden Schneideger\u00e4ten:<br \/>\nCricut, Pazzles, Brother ScanNCut, oder Silhouette-Ger\u00e4te<\/li>\n<li>DXF-Dateien<\/li>\n<li>Bastelbogen als PDF Datei zum selber Ausdrucken<\/li>\n<\/ul>\n<p>Dieses Produkt wurde von uns mit folgenden Schneideger\u00e4ten getestet:<br \/>\nSilhouette Cameo, Cricut Maker, Brother ScanNCut.<br \/>\nInfos und Anleitungen zur Verwendung mit den jeweiligen Ger\u00e4ten <a href=\"https:\/\/mediendesign-moser.at\/shop\/?page_id=6409\" target=\"_blank\" rel=\"noopener\">finden Sie hier<\/a>.<\/p>\n<p>Beachten Sie unsere \u00a0<a href=\"https:\/\/mediendesign-moser.at\/shop\/?page_id=758\" target=\"_blank\" rel=\"noopener\">Lizenzbedingungen<\/a>\u00a0f\u00fcr downloadbare Produkte.<\/p>\n<p>Video:<br \/>\n<iframe loading=\"lazy\" title=\"YouTube video player\" src=\"https:\/\/www.youtube.com\/embed\/vLagH5GpH0E\" width=\"560\" height=\"315\" frameborder=\"0\" allowfullscreen=\"allowfullscreen\"><\/iframe><br \/>\n<a href=\"https:\/\/mediendesign-moser.at\/shop\/wp-content\/uploads\/2021\/10\/DL-SPWA035-christmas-sleigh.jpg\"><img loading=\"lazy\" decoding=\"async\" class=\"alignnone wp-image-12848 size-full\" src=\"https:\/\/mediendesign-moser.at\/shop\/wp-content\/uploads\/2021\/10\/DL-SPWA035-christmas-sleigh.jpg\" alt=\"\" width=\"620\" height=\"3003\" srcset=\"https:\/\/mediendesign-moser.at\/shop\/wp-content\/uploads\/2021\/10\/DL-SPWA035-christmas-sleigh.jpg 620w, https:\/\/mediendesign-moser.at\/shop\/wp-content\/uploads\/2021\/10\/DL-SPWA035-christmas-sleigh-62x300.jpg 62w, https:\/\/mediendesign-moser.at\/shop\/wp-content\/uploads\/2021\/10\/DL-SPWA035-christmas-sleigh-600x2906.jpg 600w\" sizes=\"auto, (max-width: 620px) 100vw, 620px\" \/><\/a><\/p>\n","protected":false},"featured_media":12856,"comment_status":"open","ping_status":"closed","template":"","meta":{"om_disable_all_campaigns":false,"_monsterinsights_skip_tracking":false,"_monsterinsights_sitenote_active":false,"_monsterinsights_sitenote_note":"","_monsterinsights_sitenote_category":0},"product_cat":[1124,513,789,263],"product_tag":[542,144,1234,1872,1055,38,1120,1644,518,541,396,1645,504,143,1871,517,129,395],"class_list":{"0":"post-12841","1":"product","2":"type-product","3":"status-publish","4":"has-post-thumbnail","6":"product_cat-bastelboegen","7":"product_cat-schneidplotter-svg-und-pdf","8":"product_cat-weihnachten-schneidplotter-svg-und-pdf","9":"product_cat-downloadprodukte","10":"product_tag-brother","11":"product_tag-cameo","12":"product_tag-christmas","13":"product_tag-christmas-sleigh","14":"product_tag-cricut","15":"product_tag-download","16":"product_tag-dxf","17":"product_tag-pazzles","18":"product_tag-pdf","19":"product_tag-scanncut","20":"product_tag-schlitten","21":"product_tag-schneidemaschine","22":"product_tag-schneidplotter","23":"product_tag-silhouette","24":"product_tag-sleigh","25":"product_tag-svg","26":"product_tag-weihnachten","27":"product_tag-weihnachtsschlitten","29":"first","30":"instock","31":"downloadable","32":"virtual","33":"purchasable","34":"product-type-simple"},"aioseo_notices":[],"jetpack_sharing_enabled":true,"_links":{"self":[{"href":"https:\/\/mediendesign-moser.at\/shop\/index.php?rest_route=\/wp\/v2\/product\/12841","targetHints":{"allow":["GET"]}}],"collection":[{"href":"https:\/\/mediendesign-moser.at\/shop\/index.php?rest_route=\/wp\/v2\/product"}],"about":[{"href":"https:\/\/mediendesign-moser.at\/shop\/index.php?rest_route=\/wp\/v2\/types\/product"}],"replies":[{"embeddable":true,"href":"https:\/\/mediendesign-moser.at\/shop\/index.php?rest_route=%2Fwp%2Fv2%2Fcomments&post=12841"}],"wp:featuredmedia":[{"embeddable":true,"href":"https:\/\/mediendesign-moser.at\/shop\/index.php?rest_route=\/wp\/v2\/media\/12856"}],"wp:attachment":[{"href":"https:\/\/mediendesign-moser.at\/shop\/index.php?rest_route=%2Fwp%2Fv2%2Fmedia&parent=12841"}],"wp:term":[{"taxonomy":"product_cat","embeddable":true,"href":"https:\/\/mediendesign-moser.at\/shop\/index.php?rest_route=%2Fwp%2Fv2%2Fproduct_cat&post=12841"},{"taxonomy":"product_tag","embeddable":true,"href":"https:\/\/mediendesign-moser.at\/shop\/index.php?rest_route=%2Fwp%2Fv2%2Fproduct_tag&post=12841"}],"curies":[{"name":"wp","href":"https:\/\/api.w.org\/{rel}","templated":true}]}}