{"id":12696,"date":"2021-10-14T11:37:27","date_gmt":"2021-10-14T09:37:27","guid":{"rendered":"https:\/\/mediendesign-moser.at\/shop\/?post_type=product&#038;p=12696"},"modified":"2025-11-08T15:18:13","modified_gmt":"2025-11-08T14:18:13","slug":"download-schneide-datei-bastelbogen-fuer-werkzeugkoffer-set","status":"publish","type":"product","link":"https:\/\/mediendesign-moser.at\/shop\/?product=download-schneide-datei-bastelbogen-fuer-werkzeugkoffer-set","title":{"rendered":"Download: Schneide Datei \/ Bastelbogen f\u00fcr Werkzeugkoffer Set"},"content":{"rendered":"","protected":false},"excerpt":{"rendered":"<p>Schneide Datei (.svg, .dxf) f\u00fcr den Zuschnitt Werkzeugkoffer Sets.<\/p>\n<p>Mit diesem Download k\u00f6nnen die Papierteile f\u00fcr den Werkzeugkoffer, schmale Schr\u00e4nke und Werkzeuge (Fotos) geschnitten werden.<\/p>\n<p>Gr\u00f6\u00dfe des fertig hergestellten Werkzeugkoffers: Ca. 8 x 6 x 4,5 cm. Der Werkzeugkoffer samt Zubeh\u00f6r passt in eine Explosionsbox mit einer Gr\u00f6\u00dfe von ca. 10 x 10 x 10 cm (=ca. 4 x 4 x 4&#8243;) hinein.<br \/>\n<strong>Info:<\/strong> Da die Gr\u00f6\u00dfe vorrangig f\u00fcr die Explosionsboxengestaltung vorgesehen ist (kleine Gr\u00f6\u00dfe), ist der Werkzeugkoffer fix verklebt und l\u00e4sst sich NICHT \u00f6ffnen und schlie\u00dfen.<\/p>\n<p>Im Download sind enthalten:<\/p>\n<ul>\n<li>SVG-Dateien f\u00fcr die Verwendung mit folgenden Schneideger\u00e4ten:<br \/>\nCricut, Pazzles, Brother ScanNCut, oder Silhouette-Ger\u00e4te<\/li>\n<li>DXF-Dateien<\/li>\n<li>Bastelbogen-PDF<\/li>\n<\/ul>\n<p>Dieses Projekt wurde mit folgenden Schneideger\u00e4ten getestet:<br \/>\nSilhouette Cameo, Cricut Maker, Brother ScanNCut.<br \/>\nInfos und Anleitungen zur Verwendung mit den jeweiligen Ger\u00e4ten <a href=\"https:\/\/mediendesign-moser.at\/shop\/?page_id=6409\" target=\"_blank\" rel=\"noopener\">finden Sie hier<\/a>.<\/p>\n<p>Beachten Sie unsere \u00a0<a href=\"https:\/\/mediendesign-moser.at\/shop\/?page_id=758\" target=\"_blank\" rel=\"noopener\">Lizenzbedingungen<\/a>\u00a0f\u00fcr downloadbare Produkte.<\/p>\n<p><a href=\"https:\/\/mediendesign-moser.at\/shop\/wp-content\/uploads\/2021\/10\/DL-SPHB024-tool-box.jpg\"><img loading=\"lazy\" decoding=\"async\" class=\"alignnone size-full wp-image-12686\" src=\"https:\/\/mediendesign-moser.at\/shop\/wp-content\/uploads\/2021\/10\/DL-SPHB024-tool-box.jpg\" alt=\"\" width=\"620\" height=\"3076\" srcset=\"https:\/\/mediendesign-moser.at\/shop\/wp-content\/uploads\/2021\/10\/DL-SPHB024-tool-box.jpg 620w, https:\/\/mediendesign-moser.at\/shop\/wp-content\/uploads\/2021\/10\/DL-SPHB024-tool-box-600x2977.jpg 600w\" sizes=\"auto, (max-width: 620px) 100vw, 620px\" \/><\/a><\/p>\n","protected":false},"featured_media":12685,"comment_status":"open","ping_status":"closed","template":"","meta":{"om_disable_all_campaigns":false,"_monsterinsights_skip_tracking":false,"_monsterinsights_sitenote_active":false,"_monsterinsights_sitenote_note":"","_monsterinsights_sitenote_category":0},"product_cat":[1124,513,861,263],"product_tag":[542,144,1055,38,1120,1857,741,1644,518,541,1645,504,143,517,1859,1860,1030,866,1858],"class_list":{"0":"post-12696","1":"product","2":"type-product","3":"status-publish","4":"has-post-thumbnail","6":"product_cat-bastelboegen","7":"product_cat-schneidplotter-svg-und-pdf","8":"product_cat-hobby-und-beruf","9":"product_cat-downloadprodukte","10":"product_tag-brother","11":"product_tag-cameo","12":"product_tag-cricut","13":"product_tag-download","14":"product_tag-dxf","15":"product_tag-handwerk","16":"product_tag-handwerker","17":"product_tag-pazzles","18":"product_tag-pdf","19":"product_tag-scanncut","20":"product_tag-schneidemaschine","21":"product_tag-schneidplotter","22":"product_tag-silhouette","23":"product_tag-svg","24":"product_tag-tool-box","25":"product_tag-tools","26":"product_tag-werkstatt","27":"product_tag-werkzeug","28":"product_tag-werkzeugkoffer","30":"first","31":"instock","32":"downloadable","33":"virtual","34":"purchasable","35":"product-type-simple"},"aioseo_notices":[],"jetpack_sharing_enabled":true,"_links":{"self":[{"href":"https:\/\/mediendesign-moser.at\/shop\/index.php?rest_route=\/wp\/v2\/product\/12696","targetHints":{"allow":["GET"]}}],"collection":[{"href":"https:\/\/mediendesign-moser.at\/shop\/index.php?rest_route=\/wp\/v2\/product"}],"about":[{"href":"https:\/\/mediendesign-moser.at\/shop\/index.php?rest_route=\/wp\/v2\/types\/product"}],"replies":[{"embeddable":true,"href":"https:\/\/mediendesign-moser.at\/shop\/index.php?rest_route=%2Fwp%2Fv2%2Fcomments&post=12696"}],"wp:featuredmedia":[{"embeddable":true,"href":"https:\/\/mediendesign-moser.at\/shop\/index.php?rest_route=\/wp\/v2\/media\/12685"}],"wp:attachment":[{"href":"https:\/\/mediendesign-moser.at\/shop\/index.php?rest_route=%2Fwp%2Fv2%2Fmedia&parent=12696"}],"wp:term":[{"taxonomy":"product_cat","embeddable":true,"href":"https:\/\/mediendesign-moser.at\/shop\/index.php?rest_route=%2Fwp%2Fv2%2Fproduct_cat&post=12696"},{"taxonomy":"product_tag","embeddable":true,"href":"https:\/\/mediendesign-moser.at\/shop\/index.php?rest_route=%2Fwp%2Fv2%2Fproduct_tag&post=12696"}],"curies":[{"name":"wp","href":"https:\/\/api.w.org\/{rel}","templated":true}]}}