{"id":1213,"date":"2017-12-16T21:55:37","date_gmt":"2017-12-16T20:55:37","guid":{"rendered":"http:\/\/mediendesign-moser.at\/shop\/?post_type=product&#038;p=1213"},"modified":"2023-11-23T12:02:29","modified_gmt":"2023-11-23T11:02:29","slug":"pyramidenbox-weihnachten-mit-weihnachtsbaum","status":"publish","type":"product","link":"https:\/\/mediendesign-moser.at\/shop\/?product=pyramidenbox-weihnachten-mit-weihnachtsbaum","title":{"rendered":"Pyramidenbox Weihnachten mit Weihnachtsbaum"},"content":{"rendered":"","protected":false},"excerpt":{"rendered":"<p>Handgemachte Pyramidenbox, passend als\u00a0Weihnachtsgeschenk<br \/>\nMotiv im Inneren der Box:\u00a0Weihnachtsbaum<br \/>\nHauptfarben: rot, gr\u00fcn, wei\u00df, schwarz<br \/>\nGr\u00f6\u00dfe der Pyramidenbox: Grundfl\u00e4che ca. 12,5 x 12,5 cm, Pyramidenh\u00f6he: ca. 15 cm<\/p>\n<p>Nicht lieferbar, da wir unsere Explosionsboxen-Angebote eingestellt haben.<\/p>\n","protected":false},"featured_media":1222,"comment_status":"closed","ping_status":"closed","template":"","meta":{"om_disable_all_campaigns":false,"_monsterinsights_skip_tracking":false,"_monsterinsights_sitenote_active":false,"_monsterinsights_sitenote_note":"","_monsterinsights_sitenote_category":0},"product_cat":[983,49],"product_tag":[406,54,405,365,82,52,165,402,353,129,138,403,404],"class_list":{"0":"post-1213","1":"product","2":"type-product","3":"status-publish","4":"has-post-thumbnail","6":"product_cat-weihnachten","7":"product_cat-explosionsboxen","8":"product_tag-baum","9":"product_tag-baeumchen","10":"product_tag-christbaum","11":"product_tag-geldgeschenk","12":"product_tag-geldgeschenkverpackung","13":"product_tag-geschenk","14":"product_tag-geschenkbox","15":"product_tag-santa","16":"product_tag-verpackung","17":"product_tag-weihnachten","18":"product_tag-weihnachtsbaum","19":"product_tag-weihnachtsmann","20":"product_tag-weihnachtsmann-design","21":"product_shipping_class-gebo","23":"first","24":"instock","25":"product-type-external"},"aioseo_notices":[],"jetpack_sharing_enabled":true,"_links":{"self":[{"href":"https:\/\/mediendesign-moser.at\/shop\/index.php?rest_route=\/wp\/v2\/product\/1213","targetHints":{"allow":["GET"]}}],"collection":[{"href":"https:\/\/mediendesign-moser.at\/shop\/index.php?rest_route=\/wp\/v2\/product"}],"about":[{"href":"https:\/\/mediendesign-moser.at\/shop\/index.php?rest_route=\/wp\/v2\/types\/product"}],"replies":[{"embeddable":true,"href":"https:\/\/mediendesign-moser.at\/shop\/index.php?rest_route=%2Fwp%2Fv2%2Fcomments&post=1213"}],"wp:featuredmedia":[{"embeddable":true,"href":"https:\/\/mediendesign-moser.at\/shop\/index.php?rest_route=\/wp\/v2\/media\/1222"}],"wp:attachment":[{"href":"https:\/\/mediendesign-moser.at\/shop\/index.php?rest_route=%2Fwp%2Fv2%2Fmedia&parent=1213"}],"wp:term":[{"taxonomy":"product_cat","embeddable":true,"href":"https:\/\/mediendesign-moser.at\/shop\/index.php?rest_route=%2Fwp%2Fv2%2Fproduct_cat&post=1213"},{"taxonomy":"product_tag","embeddable":true,"href":"https:\/\/mediendesign-moser.at\/shop\/index.php?rest_route=%2Fwp%2Fv2%2Fproduct_tag&post=1213"}],"curies":[{"name":"wp","href":"https:\/\/api.w.org\/{rel}","templated":true}]}}