{"id":12128,"date":"2021-09-01T08:30:18","date_gmt":"2021-09-01T06:30:18","guid":{"rendered":"https:\/\/mediendesign-moser.at\/shop\/?post_type=product&#038;p=12128"},"modified":"2023-01-03T16:05:52","modified_gmt":"2023-01-03T15:05:52","slug":"download-schneide-datei-bastelbogen-gittertor","status":"publish","type":"product","link":"https:\/\/mediendesign-moser.at\/shop\/?product=download-schneide-datei-bastelbogen-gittertor","title":{"rendered":"Download: Schneide Datei \/ Bastelbogen Gittertor"},"content":{"rendered":"","protected":false},"excerpt":{"rendered":"<p>Schneide Datei (.svg, .dxf) f\u00fcr den Zuschnitt eines Gittertores (samt Mauer und Boden)<\/p>\n<p>Die Bodenplatte hat eine Gr\u00f6\u00dfe von 9,2 x 9,2 cm und passt somit ideal f\u00fcr eine Explosionsbox mit Seitenkantenl\u00e4nge von ca. 10 cm.<\/p>\n<p>Die im Download enthaltenen Laschen f\u00fcr Magnete bitte nur bei Bedarf verwenden.<br \/>\nMit Hilfe dieser Laschen k\u00f6nnen z.B. Magnete in einer Explosionsbox eingebaut werden damit die Seitenw\u00e4nde stehenbleiben (und nicht automatisch auseinander fallen).<\/p>\n<p><strong>Im Download enthalten:<\/strong><\/p>\n<ul>\n<li>SVG-Dateien f\u00fcr die Verwendung mit folgenden Schneideger\u00e4ten:<br \/>\nCricut, Pazzles, Brother ScanNCut, oder Silhouette-Ger\u00e4te (Silhouette Studio ab Designer-Edition erforderlich)<\/li>\n<li>DXF-Dateien<\/li>\n<li>Bastelbogen-PDF zum Ausdrucken<\/li>\n<\/ul>\n<p><em><strong>Nicht im Download enthalten:<\/strong><\/em><br \/>\nDas Designpapier <a href=\"https:\/\/mediendesign-moser.at\/shop\/?post_type=product&amp;p=12186\" target=\"_blank\" rel=\"noopener\">&#8220;Castle-Themes&#8221;<\/a> zum Ausdrucken des Ziegelmauer-Musters ist <strong>nicht<\/strong> im Download enthalten, <a href=\"https:\/\/mediendesign-moser.at\/shop\/?post_type=product&amp;p=12186\" target=\"_blank\" rel=\"noopener\">kann aber hier<\/a> bestellt werden.<\/p>\n<p>___________<\/p>\n<p>Dieses Projekt wurde mit folgenden Schneideger\u00e4ten getestet:<br \/>\nSilhouette Cameo, Cricut Maker, Brother ScanNCut.<br \/>\nInfos und Anleitungen zur Verwendung mit den jeweiligen Ger\u00e4ten <a href=\"https:\/\/mediendesign-moser.at\/shop\/?page_id=6409\" target=\"_blank\" rel=\"noopener\">finden Sie hier<\/a>.<\/p>\n<p>Beachten Sie unsere \u00a0<a href=\"https:\/\/mediendesign-moser.at\/shop\/?page_id=758\" target=\"_blank\" rel=\"noopener\">Lizenzbedingungen<\/a>\u00a0f\u00fcr downloadbare Produkte.<\/p>\n<p><a href=\"https:\/\/mediendesign-moser.at\/shop\/wp-content\/uploads\/2021\/08\/DL-SPHW900-barred-gate.jpg\"><img loading=\"lazy\" decoding=\"async\" class=\"alignnone size-full wp-image-12127\" src=\"https:\/\/mediendesign-moser.at\/shop\/wp-content\/uploads\/2021\/08\/DL-SPHW900-barred-gate.jpg\" alt=\"\" width=\"620\" height=\"1598\" srcset=\"https:\/\/mediendesign-moser.at\/shop\/wp-content\/uploads\/2021\/08\/DL-SPHW900-barred-gate.jpg 620w, https:\/\/mediendesign-moser.at\/shop\/wp-content\/uploads\/2021\/08\/DL-SPHW900-barred-gate-116x300.jpg 116w, https:\/\/mediendesign-moser.at\/shop\/wp-content\/uploads\/2021\/08\/DL-SPHW900-barred-gate-397x1024.jpg 397w, https:\/\/mediendesign-moser.at\/shop\/wp-content\/uploads\/2021\/08\/DL-SPHW900-barred-gate-600x1546.jpg 600w\" sizes=\"auto, (max-width: 620px) 100vw, 620px\" \/><\/a><\/p>\n","protected":false},"featured_media":12120,"comment_status":"open","ping_status":"closed","template":"","meta":{"om_disable_all_campaigns":false,"_monsterinsights_skip_tracking":false,"_monsterinsights_sitenote_active":false,"_monsterinsights_sitenote_note":"","_monsterinsights_sitenote_category":0},"product_cat":[513,1800,263],"product_tag":[1804,1120,1802,1803,1794,366,518,504,142,517,478,1809],"class_list":{"0":"post-12128","1":"product","2":"type-product","3":"status-publish","4":"has-post-thumbnail","6":"product_cat-schneidplotter-svg-und-pdf","7":"product_cat-halloween","8":"product_cat-downloadprodukte","9":"product_tag-barred-gate","10":"product_tag-dxf","11":"product_tag-gitter","12":"product_tag-gittertor","13":"product_tag-gruselig","14":"product_tag-halloween","15":"product_tag-pdf","16":"product_tag-schneidplotter","17":"product_tag-schneidplotter-datei","18":"product_tag-svg","19":"product_tag-tor","20":"product_tag-verlies","22":"first","23":"instock","24":"downloadable","25":"virtual","26":"purchasable","27":"product-type-simple"},"aioseo_notices":[],"jetpack_sharing_enabled":true,"_links":{"self":[{"href":"https:\/\/mediendesign-moser.at\/shop\/index.php?rest_route=\/wp\/v2\/product\/12128","targetHints":{"allow":["GET"]}}],"collection":[{"href":"https:\/\/mediendesign-moser.at\/shop\/index.php?rest_route=\/wp\/v2\/product"}],"about":[{"href":"https:\/\/mediendesign-moser.at\/shop\/index.php?rest_route=\/wp\/v2\/types\/product"}],"replies":[{"embeddable":true,"href":"https:\/\/mediendesign-moser.at\/shop\/index.php?rest_route=%2Fwp%2Fv2%2Fcomments&post=12128"}],"wp:featuredmedia":[{"embeddable":true,"href":"https:\/\/mediendesign-moser.at\/shop\/index.php?rest_route=\/wp\/v2\/media\/12120"}],"wp:attachment":[{"href":"https:\/\/mediendesign-moser.at\/shop\/index.php?rest_route=%2Fwp%2Fv2%2Fmedia&parent=12128"}],"wp:term":[{"taxonomy":"product_cat","embeddable":true,"href":"https:\/\/mediendesign-moser.at\/shop\/index.php?rest_route=%2Fwp%2Fv2%2Fproduct_cat&post=12128"},{"taxonomy":"product_tag","embeddable":true,"href":"https:\/\/mediendesign-moser.at\/shop\/index.php?rest_route=%2Fwp%2Fv2%2Fproduct_tag&post=12128"}],"curies":[{"name":"wp","href":"https:\/\/api.w.org\/{rel}","templated":true}]}}