{"id":11995,"date":"2021-08-19T12:57:12","date_gmt":"2021-08-19T10:57:12","guid":{"rendered":"https:\/\/mediendesign-moser.at\/shop\/?post_type=product&#038;p=11995"},"modified":"2024-03-30T12:06:23","modified_gmt":"2024-03-30T11:06:23","slug":"download-schneide-datei-bastelbogen-pilzhaus","status":"publish","type":"product","link":"https:\/\/mediendesign-moser.at\/shop\/?product=download-schneide-datei-bastelbogen-pilzhaus","title":{"rendered":"Download: Schneide Datei \/ Bastelbogen Pilzhaus"},"content":{"rendered":"","protected":false},"excerpt":{"rendered":"<p>Schneide Datei (.svg, .dxf) f\u00fcr den Zuschnitt eines Pilzh\u00e4uschens mit Verzierung (Glocke, Kleeblatt)<\/p>\n<p>Mit diesem Download kann das Pilzhaus (siehe Fotos) zugeschnitten werden. Die fertig hergestellten H\u00e4uschen haben folgende Gr\u00f6\u00dfe: ca. 7,8 x 7,8 cm x 8 cm H\u00f6he.<\/p>\n<p>Im Download sind enthalten:<\/p>\n<ul>\n<li>SVG-Dateien f\u00fcr die Verwendung mit folgenden Schneideger\u00e4ten:<br \/>\nCricut, Pazzles, Brother ScanNCut, oder Silhouette-Ger\u00e4te (Silhouette Studio ab Designer-Edition erforderlich)<\/li>\n<li>DXF-Dateien<\/li>\n<li>Bastelbogen-PDF zum Ausdrucken<\/li>\n<\/ul>\n<p>Dieses Projekt wurde mit folgenden Schneideger\u00e4ten getestet:<br \/>\nSilhouette Cameo, Cricut Maker, Brother ScanNCut.<br \/>\nInfos und Anleitungen zur Verwendung mit den jeweiligen Ger\u00e4ten <a href=\"https:\/\/mediendesign-moser.at\/shop\/?page_id=6409\" target=\"_blank\" rel=\"noopener\">finden Sie hier<\/a>.<\/p>\n<p>Beachten Sie unsere \u00a0<a href=\"https:\/\/mediendesign-moser.at\/shop\/?page_id=758\" target=\"_blank\" rel=\"noopener\">Lizenzbedingungen<\/a>\u00a0f\u00fcr downloadbare Produkte.<\/p>\n<p><a href=\"https:\/\/mediendesign-moser.at\/shop\/wp-content\/uploads\/2021\/08\/DL-SPDE045-mushroom-house.jpg\"><img loading=\"lazy\" decoding=\"async\" class=\"alignnone wp-image-11996 size-full\" src=\"https:\/\/mediendesign-moser.at\/shop\/wp-content\/uploads\/2021\/08\/DL-SPDE045-mushroom-house.jpg\" alt=\"\" width=\"640\" height=\"2615\" srcset=\"https:\/\/mediendesign-moser.at\/shop\/wp-content\/uploads\/2021\/08\/DL-SPDE045-mushroom-house.jpg 640w, https:\/\/mediendesign-moser.at\/shop\/wp-content\/uploads\/2021\/08\/DL-SPDE045-mushroom-house-600x2452.jpg 600w\" sizes=\"auto, (max-width: 640px) 100vw, 640px\" \/><\/a><\/p>\n","protected":false},"featured_media":11994,"comment_status":"open","ping_status":"closed","template":"","meta":{"om_disable_all_campaigns":false,"_monsterinsights_skip_tracking":false,"_monsterinsights_sitenote_active":false,"_monsterinsights_sitenote_note":"","_monsterinsights_sitenote_category":0},"product_cat":[513,1107,800,796,944,799,263],"product_tag":[38,1120,1798,315,1221,1219,518,1795,1797,1796,504,142,1220,517,1197,353],"class_list":{"0":"post-11995","1":"product","2":"type-product","3":"status-publish","4":"has-post-thumbnail","6":"product_cat-schneidplotter-svg-und-pdf","7":"product_cat-dekorgegenstaende","8":"product_cat-garten-schneidplotter-svg-und-pdf","9":"product_cat-gebaeude-schneidplotter-svg-und-pdf","10":"product_cat-tiere-und-wildnis","11":"product_cat-verpackungen-schneidplotter-svg-und-pdf","12":"product_cat-downloadprodukte","13":"product_tag-download","14":"product_tag-dxf","15":"product_tag-fliegenpilz","16":"product_tag-herbst","17":"product_tag-jahreswechsel","18":"product_tag-neujahr","19":"product_tag-pdf","20":"product_tag-pilz","21":"product_tag-pilzhaus","22":"product_tag-pilzhaeuschen","23":"product_tag-schneidplotter","24":"product_tag-schneidplotter-datei","25":"product_tag-silvester","26":"product_tag-svg","27":"product_tag-tischdekoration","28":"product_tag-verpackung","30":"first","31":"instock","32":"downloadable","33":"virtual","34":"purchasable","35":"product-type-simple"},"aioseo_notices":[],"jetpack_sharing_enabled":true,"_links":{"self":[{"href":"https:\/\/mediendesign-moser.at\/shop\/index.php?rest_route=\/wp\/v2\/product\/11995","targetHints":{"allow":["GET"]}}],"collection":[{"href":"https:\/\/mediendesign-moser.at\/shop\/index.php?rest_route=\/wp\/v2\/product"}],"about":[{"href":"https:\/\/mediendesign-moser.at\/shop\/index.php?rest_route=\/wp\/v2\/types\/product"}],"replies":[{"embeddable":true,"href":"https:\/\/mediendesign-moser.at\/shop\/index.php?rest_route=%2Fwp%2Fv2%2Fcomments&post=11995"}],"wp:featuredmedia":[{"embeddable":true,"href":"https:\/\/mediendesign-moser.at\/shop\/index.php?rest_route=\/wp\/v2\/media\/11994"}],"wp:attachment":[{"href":"https:\/\/mediendesign-moser.at\/shop\/index.php?rest_route=%2Fwp%2Fv2%2Fmedia&parent=11995"}],"wp:term":[{"taxonomy":"product_cat","embeddable":true,"href":"https:\/\/mediendesign-moser.at\/shop\/index.php?rest_route=%2Fwp%2Fv2%2Fproduct_cat&post=11995"},{"taxonomy":"product_tag","embeddable":true,"href":"https:\/\/mediendesign-moser.at\/shop\/index.php?rest_route=%2Fwp%2Fv2%2Fproduct_tag&post=11995"}],"curies":[{"name":"wp","href":"https:\/\/api.w.org\/{rel}","templated":true}]}}