{"id":11803,"date":"2021-08-07T11:37:19","date_gmt":"2021-08-07T09:37:19","guid":{"rendered":"https:\/\/mediendesign-moser.at\/shop\/?post_type=product&#038;p=11803"},"modified":"2025-01-21T13:10:22","modified_gmt":"2025-01-21T12:10:22","slug":"download-schneide-datei-bastelbogen-kuchenstuecke","status":"publish","type":"product","link":"https:\/\/mediendesign-moser.at\/shop\/?product=download-schneide-datei-bastelbogen-kuchenstuecke","title":{"rendered":"Download: Schneide Datei \/ Bastelbogen Kuchenst\u00fccke"},"content":{"rendered":"","protected":false},"excerpt":{"rendered":"<p>Schneide Datei (.svg, .dxf) f\u00fcr den Zuschnitt von Tortenst\u00fccken mit Dekoration (Kerze, Blume)<\/p>\n<p>Mit diesem Download k\u00f6nnen die Tortenst\u00fccke (siehe Fotos) zugeschnitten werden. Die fertig hergestellten Verpackungen haben folgende Gr\u00f6\u00dfe: 6,5 x 12,5 cm x 4,8 cm H\u00f6he (H\u00f6he ohne Kerze).<\/p>\n<p>Im Download sind enthalten:<\/p>\n<ul>\n<li>SVG-Dateien f\u00fcr die Verwendung mit folgenden Schneideger\u00e4ten:<br \/>\nCricut, Pazzles, Brother ScanNCut, oder Silhouette-Ger\u00e4te (Silhouette Studio ab Designer-Edition erforderlich)<\/li>\n<li>DXF-Dateien<\/li>\n<li>Bastelbogen-PDF zum Ausdrucken<\/li>\n<\/ul>\n<p>Dieses Projekt wurde mit folgenden Schneideger\u00e4ten getestet:<br \/>\nSilhouette Cameo, Cricut Maker, Brother ScanNCut.<br \/>\nInfos und Anleitungen zur Verwendung mit den jeweiligen Ger\u00e4ten <a href=\"https:\/\/mediendesign-moser.at\/shop\/?page_id=6409\" target=\"_blank\" rel=\"noopener\">finden Sie hier<\/a>.<\/p>\n<p>Beachten Sie unsere \u00a0<a href=\"https:\/\/mediendesign-moser.at\/shop\/?page_id=758\" target=\"_blank\" rel=\"noopener\">Lizenzbedingungen<\/a>\u00a0f\u00fcr downloadbare Produkte.<\/p>\n<p><a href=\"https:\/\/mediendesign-moser.at\/shop\/wp-content\/uploads\/2021\/08\/DL-SPVP950-cake-slices.jpg\"><img loading=\"lazy\" decoding=\"async\" class=\"alignnone size-full wp-image-11791\" src=\"https:\/\/mediendesign-moser.at\/shop\/wp-content\/uploads\/2021\/08\/DL-SPVP950-cake-slices.jpg\" alt=\"\" width=\"620\" height=\"2073\" srcset=\"https:\/\/mediendesign-moser.at\/shop\/wp-content\/uploads\/2021\/08\/DL-SPVP950-cake-slices.jpg 620w, https:\/\/mediendesign-moser.at\/shop\/wp-content\/uploads\/2021\/08\/DL-SPVP950-cake-slices-90x300.jpg 90w, https:\/\/mediendesign-moser.at\/shop\/wp-content\/uploads\/2021\/08\/DL-SPVP950-cake-slices-306x1024.jpg 306w, https:\/\/mediendesign-moser.at\/shop\/wp-content\/uploads\/2021\/08\/DL-SPVP950-cake-slices-600x2006.jpg 600w\" sizes=\"auto, (max-width: 620px) 100vw, 620px\" \/><\/a><\/p>\n","protected":false},"featured_media":11790,"comment_status":"open","ping_status":"closed","template":"","meta":{"om_disable_all_campaigns":false,"_monsterinsights_skip_tracking":false,"_monsterinsights_sitenote_active":false,"_monsterinsights_sitenote_note":"","_monsterinsights_sitenote_category":0},"product_cat":[513,803,849,799,263],"product_tag":[1791,38,1120,1790,518,504,142,517,72,407,353],"class_list":{"0":"post-11803","1":"product","2":"type-product","3":"status-publish","4":"has-post-thumbnail","6":"product_cat-schneidplotter-svg-und-pdf","7":"product_cat-freizeit-schneidplotter-svg-und-pdf","8":"product_cat-hochzeit-schneidplotter-svg-und-pdf","9":"product_cat-verpackungen-schneidplotter-svg-und-pdf","10":"product_cat-downloadprodukte","11":"product_tag-cake-slice","12":"product_tag-download","13":"product_tag-dxf","14":"product_tag-kuchenstueck","15":"product_tag-pdf","16":"product_tag-schneidplotter","17":"product_tag-schneidplotter-datei","18":"product_tag-svg","19":"product_tag-torte","20":"product_tag-tortenstueck","21":"product_tag-verpackung","23":"first","24":"instock","25":"downloadable","26":"virtual","27":"purchasable","28":"product-type-simple"},"aioseo_notices":[],"jetpack_sharing_enabled":true,"_links":{"self":[{"href":"https:\/\/mediendesign-moser.at\/shop\/index.php?rest_route=\/wp\/v2\/product\/11803","targetHints":{"allow":["GET"]}}],"collection":[{"href":"https:\/\/mediendesign-moser.at\/shop\/index.php?rest_route=\/wp\/v2\/product"}],"about":[{"href":"https:\/\/mediendesign-moser.at\/shop\/index.php?rest_route=\/wp\/v2\/types\/product"}],"replies":[{"embeddable":true,"href":"https:\/\/mediendesign-moser.at\/shop\/index.php?rest_route=%2Fwp%2Fv2%2Fcomments&post=11803"}],"wp:featuredmedia":[{"embeddable":true,"href":"https:\/\/mediendesign-moser.at\/shop\/index.php?rest_route=\/wp\/v2\/media\/11790"}],"wp:attachment":[{"href":"https:\/\/mediendesign-moser.at\/shop\/index.php?rest_route=%2Fwp%2Fv2%2Fmedia&parent=11803"}],"wp:term":[{"taxonomy":"product_cat","embeddable":true,"href":"https:\/\/mediendesign-moser.at\/shop\/index.php?rest_route=%2Fwp%2Fv2%2Fproduct_cat&post=11803"},{"taxonomy":"product_tag","embeddable":true,"href":"https:\/\/mediendesign-moser.at\/shop\/index.php?rest_route=%2Fwp%2Fv2%2Fproduct_tag&post=11803"}],"curies":[{"name":"wp","href":"https:\/\/api.w.org\/{rel}","templated":true}]}}