{"id":1150,"date":"2017-11-14T18:58:19","date_gmt":"2017-11-14T17:58:19","guid":{"rendered":"http:\/\/mediendesign-moser.at\/shop\/?post_type=product&#038;p=1150"},"modified":"2023-01-03T15:28:02","modified_gmt":"2023-01-03T14:28:02","slug":"download-schneidplotter-datei-neun-faecher-box","status":"publish","type":"product","link":"https:\/\/mediendesign-moser.at\/shop\/?product=download-schneidplotter-datei-neun-faecher-box","title":{"rendered":"Download: Schneidplotter-Datei Neun-F\u00e4cher-Box"},"content":{"rendered":"","protected":false},"excerpt":{"rendered":"<p>Schneidedateien f\u00fcr den Zuschnitt einer Schachtel mit 9 kleinen F\u00e4chern.<br \/>\nAbmessungen der fertigen Box: 13 x 13 cm, Boxh\u00f6he: 2,5 cm. Gr\u00f6\u00dfe eines einzelnen kleinen Innenfaches: 3,5 x 3,5 cm<\/p>\n<p>Im Download sind enthalten:<\/p>\n<ul>\n<li>SVG-Dateien f\u00fcr die Verwendung mit folgenden Schneideger\u00e4ten:<br \/>\nCricut, Brother ScanNCut, oder Silhouette-Ger\u00e4te (Silhouette Studio ab Designer-Edition erforderlich)<\/li>\n<li>DXF-Dateien f\u00fcr Silhouette-Ger\u00e4te (Silhouette Studio Basic Edition ist ausreichend)<\/li>\n<li>PDF-Dateien zum Ausdrucken f\u00fcr h\u00e4ndischen Zuschnitt.<\/li>\n<\/ul>\n<p>Dieses Projekt wurde mit folgenden Schneideger\u00e4ten getestet:<br \/>\nSilhouette Cameo, Cricut Maker, Brother ScanNCut.<br \/>\nInfos und Anleitungen zur Verwendung mit den jeweiligen Ger\u00e4ten <a href=\"https:\/\/mediendesign-moser.at\/shop\/?page_id=6409\" target=\"_blank\" rel=\"noopener\">finden Sie hier<\/a>.<\/p>\n<p>Es gelten unsere\u00a0<a href=\"https:\/\/mediendesign-moser.at\/shop\/?page_id=758\" target=\"_blank\" rel=\"noopener\">Lizenzbedingungen<\/a>\u00a0f\u00fcr downloadbare Produkte.<a href=\"https:\/\/mediendesign-moser.at\/shop\/wp-content\/uploads\/2017\/11\/photocompilation-9-compartments-box.jpg\"><img loading=\"lazy\" decoding=\"async\" class=\"alignnone size-full wp-image-7589\" src=\"https:\/\/mediendesign-moser.at\/shop\/wp-content\/uploads\/2017\/11\/photocompilation-9-compartments-box.jpg\" alt=\"\" width=\"640\" height=\"1185\" srcset=\"https:\/\/mediendesign-moser.at\/shop\/wp-content\/uploads\/2017\/11\/photocompilation-9-compartments-box.jpg 640w, https:\/\/mediendesign-moser.at\/shop\/wp-content\/uploads\/2017\/11\/photocompilation-9-compartments-box-162x300.jpg 162w, https:\/\/mediendesign-moser.at\/shop\/wp-content\/uploads\/2017\/11\/photocompilation-9-compartments-box-553x1024.jpg 553w, https:\/\/mediendesign-moser.at\/shop\/wp-content\/uploads\/2017\/11\/photocompilation-9-compartments-box-600x1111.jpg 600w\" sizes=\"auto, (max-width: 640px) 100vw, 640px\" \/><\/a><\/p>\n","protected":false},"featured_media":1156,"comment_status":"closed","ping_status":"closed","template":"","meta":{"om_disable_all_campaigns":false,"_monsterinsights_skip_tracking":false,"_monsterinsights_sitenote_active":false,"_monsterinsights_sitenote_note":"","_monsterinsights_sitenote_category":0},"product_cat":[513,799,789,263],"product_tag":[386,144,38,385,165,384,383,142,143,353,129],"class_list":{"0":"post-1150","1":"product","2":"type-product","3":"status-publish","4":"has-post-thumbnail","6":"product_cat-schneidplotter-svg-und-pdf","7":"product_cat-verpackungen-schneidplotter-svg-und-pdf","8":"product_cat-weihnachten-schneidplotter-svg-und-pdf","9":"product_cat-downloadprodukte","10":"product_tag-box","11":"product_tag-cameo","12":"product_tag-download","13":"product_tag-faecher","14":"product_tag-geschenkbox","15":"product_tag-neun","16":"product_tag-neunfaecherbox","17":"product_tag-schneidplotter-datei","18":"product_tag-silhouette","19":"product_tag-verpackung","20":"product_tag-weihnachten","22":"first","23":"instock","24":"downloadable","25":"virtual","26":"purchasable","27":"product-type-simple"},"aioseo_notices":[],"jetpack_sharing_enabled":true,"_links":{"self":[{"href":"https:\/\/mediendesign-moser.at\/shop\/index.php?rest_route=\/wp\/v2\/product\/1150","targetHints":{"allow":["GET"]}}],"collection":[{"href":"https:\/\/mediendesign-moser.at\/shop\/index.php?rest_route=\/wp\/v2\/product"}],"about":[{"href":"https:\/\/mediendesign-moser.at\/shop\/index.php?rest_route=\/wp\/v2\/types\/product"}],"replies":[{"embeddable":true,"href":"https:\/\/mediendesign-moser.at\/shop\/index.php?rest_route=%2Fwp%2Fv2%2Fcomments&post=1150"}],"wp:featuredmedia":[{"embeddable":true,"href":"https:\/\/mediendesign-moser.at\/shop\/index.php?rest_route=\/wp\/v2\/media\/1156"}],"wp:attachment":[{"href":"https:\/\/mediendesign-moser.at\/shop\/index.php?rest_route=%2Fwp%2Fv2%2Fmedia&parent=1150"}],"wp:term":[{"taxonomy":"product_cat","embeddable":true,"href":"https:\/\/mediendesign-moser.at\/shop\/index.php?rest_route=%2Fwp%2Fv2%2Fproduct_cat&post=1150"},{"taxonomy":"product_tag","embeddable":true,"href":"https:\/\/mediendesign-moser.at\/shop\/index.php?rest_route=%2Fwp%2Fv2%2Fproduct_tag&post=1150"}],"curies":[{"name":"wp","href":"https:\/\/api.w.org\/{rel}","templated":true}]}}