{"id":11174,"date":"2021-06-24T16:04:37","date_gmt":"2021-06-24T14:04:37","guid":{"rendered":"https:\/\/mediendesign-moser.at\/shop\/?post_type=product&#038;p=11174"},"modified":"2023-03-11T11:44:18","modified_gmt":"2023-03-11T10:44:18","slug":"download-schneide-datei-bastelbogen-fuer-puppenhausmoebel-badezimmer-set","status":"publish","type":"product","link":"https:\/\/mediendesign-moser.at\/shop\/?product=download-schneide-datei-bastelbogen-fuer-puppenhausmoebel-badezimmer-set","title":{"rendered":"Download: Schneide Datei \/ Bastelbogen f\u00fcr Puppenhausm\u00f6bel &#8211; Badezimmer Set"},"content":{"rendered":"","protected":false},"excerpt":{"rendered":"<p>Schneide Dateien (.svg, .dxf) f\u00fcr den Zuschnitt von Badezimmer M\u00f6bel, bestehend aus: Badewanne und Waschbecken-Schrank.<br \/>\nDiese Einrichtung ist gr\u00f6\u00dfenm\u00e4\u00dfig passend f\u00fcr das <a href=\"https:\/\/mediendesign-moser.at\/shop\/?product=download-schneide-datei-fuer-puppenhaus\" target=\"_blank\" rel=\"noopener\">Puppenhaus DL-PU010<\/a>.<\/p>\n<p>Mit diesem Download k\u00f6nnen die Papierteile f\u00fcr die M\u00f6bel (siehe Fotos) geschnitten werden.<\/p>\n<p>Abmessungen der fertig gebastelten Einrichtung (montiert im Puppenhauszimmer links oben):\u00a05,9 cm Breite und 4,9 cm Tiefe.<\/p>\n<p>Im Download sind enthalten:<\/p>\n<ul>\n<li>SVG-Dateien f\u00fcr die Verwendung mit folgenden Schneideger\u00e4ten:<br \/>\nCricut, Brother ScanNCut, oder Silhouette-Ger\u00e4te (Silhouette Studio ab Designer-Edition erforderlich)<\/li>\n<li>DXF-Dateien<\/li>\n<li>Bastelbogen zum Ausdrucken f\u00fcr manuellen Zuschnitt \u2013 Bastelbogen farbig gef\u00fcllt und PDF Druckdatei (ohne F\u00fcllung, nur Linien).<\/li>\n<\/ul>\n<p>Dieses Projekt wurde mit folgenden Schneideger\u00e4ten getestet:<br \/>\nSilhouette Cameo, Cricut Maker, Brother ScanNCut.<br \/>\nInfos und Anleitungen zur Verwendung mit den jeweiligen Ger\u00e4ten <a href=\"https:\/\/mediendesign-moser.at\/shop\/?page_id=6409\" target=\"_blank\" rel=\"noopener\">finden Sie hier<\/a>.<\/p>\n<p>Beachten Sie unsere \u00a0<a href=\"https:\/\/mediendesign-moser.at\/shop\/?page_id=758\" target=\"_blank\" rel=\"noopener\">Lizenzbedingungen<\/a>\u00a0f\u00fcr downloadbare Produkte.<br \/>\n<a href=\"https:\/\/mediendesign-moser.at\/shop\/wp-content\/uploads\/2021\/06\/DL-SPPU103-bathroom.jpg\"><img loading=\"lazy\" decoding=\"async\" class=\"alignnone size-full wp-image-11172\" src=\"https:\/\/mediendesign-moser.at\/shop\/wp-content\/uploads\/2021\/06\/DL-SPPU103-bathroom.jpg\" alt=\"\" width=\"620\" height=\"2664\" srcset=\"https:\/\/mediendesign-moser.at\/shop\/wp-content\/uploads\/2021\/06\/DL-SPPU103-bathroom.jpg 620w, https:\/\/mediendesign-moser.at\/shop\/wp-content\/uploads\/2021\/06\/DL-SPPU103-bathroom-70x300.jpg 70w, https:\/\/mediendesign-moser.at\/shop\/wp-content\/uploads\/2021\/06\/DL-SPPU103-bathroom-238x1024.jpg 238w, https:\/\/mediendesign-moser.at\/shop\/wp-content\/uploads\/2021\/06\/DL-SPPU103-bathroom-600x2578.jpg 600w\" sizes=\"auto, (max-width: 620px) 100vw, 620px\" \/><\/a><\/p>\n","protected":false},"featured_media":11165,"comment_status":"open","ping_status":"closed","template":"","meta":{"om_disable_all_campaigns":false,"_monsterinsights_skip_tracking":false,"_monsterinsights_sitenote_active":false,"_monsterinsights_sitenote_note":"","_monsterinsights_sitenote_category":0},"product_cat":[1124,513,807,1270,263],"product_tag":[1042,1039,1040,1741,1740,1271,38,1120,1062,518,896,504,142,1742,517,1043],"class_list":{"0":"post-11174","1":"product","2":"type-product","3":"status-publish","4":"has-post-thumbnail","6":"product_cat-bastelboegen","7":"product_cat-schneidplotter-svg-und-pdf","8":"product_cat-moebel-u-einrichtung-schneidplotter-svg-und-pdf","9":"product_cat-puppenhaus","10":"product_cat-downloadprodukte","11":"product_tag-badewanne","12":"product_tag-badezimmer","13":"product_tag-badezimmereinrichtung","14":"product_tag-bathroom","15":"product_tag-bathtub","16":"product_tag-dollhouse","17":"product_tag-download","18":"product_tag-dxf","19":"product_tag-furniture","20":"product_tag-pdf","21":"product_tag-puppenhaus","22":"product_tag-schneidplotter","23":"product_tag-schneidplotter-datei","24":"product_tag-sink","25":"product_tag-svg","26":"product_tag-waschbecken","28":"first","29":"instock","30":"downloadable","31":"virtual","32":"purchasable","33":"product-type-simple"},"aioseo_notices":[],"jetpack_sharing_enabled":true,"_links":{"self":[{"href":"https:\/\/mediendesign-moser.at\/shop\/index.php?rest_route=\/wp\/v2\/product\/11174","targetHints":{"allow":["GET"]}}],"collection":[{"href":"https:\/\/mediendesign-moser.at\/shop\/index.php?rest_route=\/wp\/v2\/product"}],"about":[{"href":"https:\/\/mediendesign-moser.at\/shop\/index.php?rest_route=\/wp\/v2\/types\/product"}],"replies":[{"embeddable":true,"href":"https:\/\/mediendesign-moser.at\/shop\/index.php?rest_route=%2Fwp%2Fv2%2Fcomments&post=11174"}],"wp:featuredmedia":[{"embeddable":true,"href":"https:\/\/mediendesign-moser.at\/shop\/index.php?rest_route=\/wp\/v2\/media\/11165"}],"wp:attachment":[{"href":"https:\/\/mediendesign-moser.at\/shop\/index.php?rest_route=%2Fwp%2Fv2%2Fmedia&parent=11174"}],"wp:term":[{"taxonomy":"product_cat","embeddable":true,"href":"https:\/\/mediendesign-moser.at\/shop\/index.php?rest_route=%2Fwp%2Fv2%2Fproduct_cat&post=11174"},{"taxonomy":"product_tag","embeddable":true,"href":"https:\/\/mediendesign-moser.at\/shop\/index.php?rest_route=%2Fwp%2Fv2%2Fproduct_tag&post=11174"}],"curies":[{"name":"wp","href":"https:\/\/api.w.org\/{rel}","templated":true}]}}