{"id":1085,"date":"2017-10-25T23:51:57","date_gmt":"2017-10-25T21:51:57","guid":{"rendered":"http:\/\/mediendesign-moser.at\/shop\/?post_type=product&#038;p=1085"},"modified":"2026-03-12T12:59:09","modified_gmt":"2026-03-12T11:59:09","slug":"download-schneidplotter-datei-schatztruhe","status":"publish","type":"product","link":"https:\/\/mediendesign-moser.at\/shop\/?product=download-schneidplotter-datei-schatztruhe","title":{"rendered":"Download: Schneidplotter-Datei Schatztruhe"},"content":{"rendered":"","protected":false},"excerpt":{"rendered":"<p>Schneide Dateien Set (.svg, .dxf) f\u00fcr den Zuschnitt f\u00fcr die am Foto ersichtlichen Schatztruhen (2 verschiedene Varianten).<\/p>\n<p>Mit diesem Download k\u00f6nnen die Papierteile f\u00fcr die beiden Schatztruhen geschnitten werden.<\/p>\n<p>Im Download sind enthalten:<\/p>\n<ul>\n<li>SVG-Dateien f\u00fcr die Verwendung mit folgenden Schneideger\u00e4ten:<br \/>\nCricut, Brother ScanNCut, Silhouette Ger\u00e4te<\/li>\n<li>DXF-Dateien<\/li>\n<li>Bastelbogen zum Ausdrucken f\u00fcr manuellen Zuschnitt \u2013 Achtung: fixe Gr\u00f6\u00dfe \u2013 Gr\u00f6\u00dfe nur \u00fcber deine Druckereinstellungen bzw. Druckerm\u00f6glichkeiten \u00e4nderbar!<\/li>\n<\/ul>\n<p>Dieses Projekt wurde mit folgenden Schneideger\u00e4ten getestet:<br \/>\nSilhouette Cameo, Cricut Maker, Brother ScanNCut.<br \/>\nInfos und Anleitungen zur Verwendung mit den jeweiligen Ger\u00e4ten <a href=\"https:\/\/mediendesign-moser.at\/shop\/?page_id=6409\" target=\"_blank\" rel=\"noopener\">findest du hier<\/a>.<\/p>\n<p>Beachte bitte unsere \u00a0<a href=\"https:\/\/mediendesign-moser.at\/shop\/?page_id=758\" target=\"_blank\" rel=\"noopener\">Lizenzbedingungen<\/a>\u00a0f\u00fcr downloadbare Produkte.<\/p>\n<p><a href=\"https:\/\/mediendesign-moser.at\/shop\/wp-content\/uploads\/2017\/10\/fotostrecke-mini-schatztruhe-1.jpg\"><img loading=\"lazy\" decoding=\"async\" class=\"alignnone wp-image-5453 size-full\" src=\"https:\/\/mediendesign-moser.at\/shop\/wp-content\/uploads\/2017\/10\/fotostrecke-mini-schatztruhe-1.jpg\" alt=\"\" width=\"620\" height=\"3391\" srcset=\"https:\/\/mediendesign-moser.at\/shop\/wp-content\/uploads\/2017\/10\/fotostrecke-mini-schatztruhe-1.jpg 620w, https:\/\/mediendesign-moser.at\/shop\/wp-content\/uploads\/2017\/10\/fotostrecke-mini-schatztruhe-1-55x300.jpg 55w, https:\/\/mediendesign-moser.at\/shop\/wp-content\/uploads\/2017\/10\/fotostrecke-mini-schatztruhe-1-187x1024.jpg 187w, https:\/\/mediendesign-moser.at\/shop\/wp-content\/uploads\/2017\/10\/fotostrecke-mini-schatztruhe-1-600x3282.jpg 600w\" sizes=\"auto, (max-width: 620px) 100vw, 620px\" \/><\/a><a href=\"https:\/\/mediendesign-moser.at\/shop\/wp-content\/uploads\/2017\/10\/fotostrecke-schatztruhe.jpg\"><img loading=\"lazy\" decoding=\"async\" class=\"alignnone wp-image-5454 size-full\" src=\"https:\/\/mediendesign-moser.at\/shop\/wp-content\/uploads\/2017\/10\/fotostrecke-schatztruhe.jpg\" alt=\"\" width=\"620\" height=\"2422\" srcset=\"https:\/\/mediendesign-moser.at\/shop\/wp-content\/uploads\/2017\/10\/fotostrecke-schatztruhe.jpg 620w, https:\/\/mediendesign-moser.at\/shop\/wp-content\/uploads\/2017\/10\/fotostrecke-schatztruhe-77x300.jpg 77w, https:\/\/mediendesign-moser.at\/shop\/wp-content\/uploads\/2017\/10\/fotostrecke-schatztruhe-262x1024.jpg 262w, https:\/\/mediendesign-moser.at\/shop\/wp-content\/uploads\/2017\/10\/fotostrecke-schatztruhe-600x2344.jpg 600w\" sizes=\"auto, (max-width: 620px) 100vw, 620px\" \/><\/a><\/p>\n","protected":false},"featured_media":4500,"comment_status":"open","ping_status":"closed","template":"","meta":{"om_disable_all_campaigns":false,"_monsterinsights_skip_tracking":false,"_monsterinsights_sitenote_active":false,"_monsterinsights_sitenote_note":"","_monsterinsights_sitenote_category":0},"product_cat":[513,849,807,2242,799,1026,263],"product_tag":[38,47,360,1009,518,541,97,359,142,517,361,53,353],"class_list":{"0":"post-1085","1":"product","2":"type-product","3":"status-publish","4":"has-post-thumbnail","6":"product_cat-schneidplotter-svg-und-pdf","7":"product_cat-hochzeit-schneidplotter-svg-und-pdf","8":"product_cat-moebel-u-einrichtung-schneidplotter-svg-und-pdf","9":"product_cat-valentinstag-schneidplotter-svg-und-pdf","10":"product_cat-verpackungen-schneidplotter-svg-und-pdf","11":"product_cat-werkstatt","12":"product_cat-downloadprodukte","13":"product_tag-download","14":"product_tag-hochzeit","15":"product_tag-kiste","16":"product_tag-minischatztruhe","17":"product_tag-pdf","18":"product_tag-scanncut","19":"product_tag-schatzkiste","20":"product_tag-schatztruhe","21":"product_tag-schneidplotter-datei","22":"product_tag-svg","23":"product_tag-truhe","24":"product_tag-valentinstag","25":"product_tag-verpackung","27":"first","28":"instock","29":"downloadable","30":"virtual","31":"purchasable","32":"product-type-simple"},"aioseo_notices":[],"jetpack_sharing_enabled":true,"_links":{"self":[{"href":"https:\/\/mediendesign-moser.at\/shop\/index.php?rest_route=\/wp\/v2\/product\/1085","targetHints":{"allow":["GET"]}}],"collection":[{"href":"https:\/\/mediendesign-moser.at\/shop\/index.php?rest_route=\/wp\/v2\/product"}],"about":[{"href":"https:\/\/mediendesign-moser.at\/shop\/index.php?rest_route=\/wp\/v2\/types\/product"}],"replies":[{"embeddable":true,"href":"https:\/\/mediendesign-moser.at\/shop\/index.php?rest_route=%2Fwp%2Fv2%2Fcomments&post=1085"}],"wp:featuredmedia":[{"embeddable":true,"href":"https:\/\/mediendesign-moser.at\/shop\/index.php?rest_route=\/wp\/v2\/media\/4500"}],"wp:attachment":[{"href":"https:\/\/mediendesign-moser.at\/shop\/index.php?rest_route=%2Fwp%2Fv2%2Fmedia&parent=1085"}],"wp:term":[{"taxonomy":"product_cat","embeddable":true,"href":"https:\/\/mediendesign-moser.at\/shop\/index.php?rest_route=%2Fwp%2Fv2%2Fproduct_cat&post=1085"},{"taxonomy":"product_tag","embeddable":true,"href":"https:\/\/mediendesign-moser.at\/shop\/index.php?rest_route=%2Fwp%2Fv2%2Fproduct_tag&post=1085"}],"curies":[{"name":"wp","href":"https:\/\/api.w.org\/{rel}","templated":true}]}}