{"id":10442,"date":"2021-05-07T21:04:30","date_gmt":"2021-05-07T19:04:30","guid":{"rendered":"https:\/\/mediendesign-moser.at\/shop\/?post_type=product&#038;p=10442"},"modified":"2023-11-23T14:01:54","modified_gmt":"2023-11-23T13:01:54","slug":"explosionsbox-hochzeit-torte-mit-herzen","status":"publish","type":"product","link":"https:\/\/mediendesign-moser.at\/shop\/?product=explosionsbox-hochzeit-torte-mit-herzen","title":{"rendered":"Explosionsbox Hochzeit Torte mit Herzen"},"content":{"rendered":"","protected":false},"excerpt":{"rendered":"<p>Handgemachte Explosionsbox mit einer Stocktorte, passend\u00a0als Hochzeitsgeschenk.<br \/>\nGr\u00f6\u00dfe der Box: W\u00fcrfel mit ca. 10 cm Kantenl\u00e4nge.<\/p>\n<p>Nicht lieferbar, da wir unsere Explosionsboxen-Angebote eingestellt haben.<\/p>\n","protected":false},"featured_media":10440,"comment_status":"closed","ping_status":"closed","template":"","meta":{"om_disable_all_campaigns":false,"_monsterinsights_skip_tracking":false,"_monsterinsights_sitenote_active":false,"_monsterinsights_sitenote_note":"","_monsterinsights_sitenote_category":0},"product_cat":[80,49],"product_tag":[51,82,52,493,47,81,1685,371,72],"class_list":{"0":"post-10442","1":"product","2":"type-product","3":"status-publish","4":"has-post-thumbnail","6":"product_cat-hochzeit","7":"product_cat-explosionsboxen","8":"product_tag-explosionsbox","9":"product_tag-geldgeschenkverpackung","10":"product_tag-geschenk","11":"product_tag-glitzer","12":"product_tag-hochzeit","13":"product_tag-hochzeitsgeschenk","14":"product_tag-hochzeitstorte","15":"product_tag-stocktorte","16":"product_tag-torte","17":"product_shipping_class-gebo","19":"first","20":"instock","21":"product-type-external"},"aioseo_notices":[],"jetpack_sharing_enabled":true,"_links":{"self":[{"href":"https:\/\/mediendesign-moser.at\/shop\/index.php?rest_route=\/wp\/v2\/product\/10442","targetHints":{"allow":["GET"]}}],"collection":[{"href":"https:\/\/mediendesign-moser.at\/shop\/index.php?rest_route=\/wp\/v2\/product"}],"about":[{"href":"https:\/\/mediendesign-moser.at\/shop\/index.php?rest_route=\/wp\/v2\/types\/product"}],"replies":[{"embeddable":true,"href":"https:\/\/mediendesign-moser.at\/shop\/index.php?rest_route=%2Fwp%2Fv2%2Fcomments&post=10442"}],"wp:featuredmedia":[{"embeddable":true,"href":"https:\/\/mediendesign-moser.at\/shop\/index.php?rest_route=\/wp\/v2\/media\/10440"}],"wp:attachment":[{"href":"https:\/\/mediendesign-moser.at\/shop\/index.php?rest_route=%2Fwp%2Fv2%2Fmedia&parent=10442"}],"wp:term":[{"taxonomy":"product_cat","embeddable":true,"href":"https:\/\/mediendesign-moser.at\/shop\/index.php?rest_route=%2Fwp%2Fv2%2Fproduct_cat&post=10442"},{"taxonomy":"product_tag","embeddable":true,"href":"https:\/\/mediendesign-moser.at\/shop\/index.php?rest_route=%2Fwp%2Fv2%2Fproduct_tag&post=10442"}],"curies":[{"name":"wp","href":"https:\/\/api.w.org\/{rel}","templated":true}]}}