{"id":10238,"date":"2021-04-30T22:00:35","date_gmt":"2021-04-30T20:00:35","guid":{"rendered":"https:\/\/mediendesign-moser.at\/shop\/?post_type=product&#038;p=10238"},"modified":"2023-01-03T15:57:39","modified_gmt":"2023-01-03T14:57:39","slug":"download-schneide-datei-bastelbogen-fuer-feuerwehrwagen-gross","status":"publish","type":"product","link":"https:\/\/mediendesign-moser.at\/shop\/?product=download-schneide-datei-bastelbogen-fuer-feuerwehrwagen-gross","title":{"rendered":"Download: Schneide Datei \/ Bastelbogen f\u00fcr Feuerwehrwagen (gro\u00df)"},"content":{"rendered":"","protected":false},"excerpt":{"rendered":"<p>Schneide Datei (.svg, .dxf) f\u00fcr den Zuschnitt eines gro\u00dfen Feuerwehr Wagens.<\/p>\n<p>Mit diesem Download k\u00f6nnen die Papierteile f\u00fcr das Feuerwehrauto (Fotos) geschnitten werden.<\/p>\n<p>Dieses Feuerwehrauto ist f\u00fcr die Herstellung in der stattlichen Gr\u00f6\u00dfe von 24 x 9 x 7 cm vorbereitet. Hinter einer der seitlichen Schiebet\u00fcren befindet sich ein Fach, hier kann ein Geldschein (oder z.B. ein Gl\u00fcckwunsch Brieflein ) hineingegeben werden.<br \/>\nDie Heckt\u00fcren lassen sich ebenfalls \u00f6ffnen und hier kann z.B. ein Mini-Schnapsfl\u00e4schchen (&#8220;L\u00f6schwasser&#8221; \ud83d\ude09) verstaut werden.<\/p>\n<p>Im Download sind enthalten:<\/p>\n<ul>\n<li>SVG-Dateien f\u00fcr die Verwendung mit folgenden Schneideger\u00e4ten:<br \/>\nCricut, Pazzles, Brother ScanNCut, oder Silhouette-Ger\u00e4te (Silhouette Studio ab Designer-Edition erforderlich)<\/li>\n<li>DXF-Dateien f\u00fcr Silhouette-Ger\u00e4te (Silhouette Studio Basic Edition ist ausreichend)<\/li>\n<li>Bastelbogen zum Ausdrucken f\u00fcr manuellen Zuschnitt.<\/li>\n<\/ul>\n<p>Dieses Projekt wurde mit folgenden Schneideger\u00e4ten getestet:<br \/>\nSilhouette Cameo, Cricut Maker, Brother ScanNCut.<br \/>\nInfos und Anleitungen zur Verwendung mit den jeweiligen Ger\u00e4ten <a href=\"https:\/\/mediendesign-moser.at\/shop\/?page_id=6409\" target=\"_blank\" rel=\"noopener\">finden Sie hier<\/a>.<\/p>\n<p>Beachten Sie unsere \u00a0<a href=\"https:\/\/mediendesign-moser.at\/shop\/?page_id=758\" target=\"_blank\" rel=\"noopener\">Lizenzbedingungen<\/a>\u00a0f\u00fcr downloadbare Produkte.<\/p>\n<p><span style=\"color: #ff0000;\"><strong>Hinweis:<\/strong>\u00a0Dieser Feuerwehrwagen ist ein aufw\u00e4ndiges und detailreiches Fahrzeug, daher enth\u00e4lt diese Schneidedatei sehr viele Einzelteile. <\/span><br \/>\n<span style=\"color: #ff0000;\">Wir empfehlen dieses Schneideprojekt deshalb f\u00fcr erfahrene Anwender. <\/span><br \/>\n<span style=\"color: #ff0000;\">Die Komplexit\u00e4t dieses Projektes ist im Video und in der Fotostrecke (unten) ersichtlich.<\/span><\/p>\n<p><span style=\"color: #ff0000;\"><strong>Zusatzhinweis:<\/strong><\/span> Die gedruckten Papierteile mit Feuerwehrmotiven, welche man hinter die Schiebet\u00fcren kleben\u00a0kann, sind nicht in diesem Download enthalten, sondern Bestandteil des Designpapiers <a href=\"https:\/\/mediendesign-moser.at\/shop\/?product=download-digitales-designpapier-firefighters\" target=\"_blank\" rel=\"noopener\">&#8220;Firefighters&#8221;<\/a>,<\/p>\n<p><iframe loading=\"lazy\" src=\"https:\/\/www.youtube.com\/embed\/ojw3lgP0y9o\" width=\"560\" height=\"315\" frameborder=\"0\" allowfullscreen=\"allowfullscreen\"><\/iframe><br \/>\n<a href=\"https:\/\/mediendesign-moser.at\/shop\/wp-content\/uploads\/2021\/04\/DL-SPFZ040-fire-truck.jpg\"><img loading=\"lazy\" decoding=\"async\" class=\"size-full wp-image-10236 alignright\" src=\"https:\/\/mediendesign-moser.at\/shop\/wp-content\/uploads\/2021\/04\/DL-SPFZ040-fire-truck.jpg\" alt=\"\" width=\"620\" height=\"4669\" srcset=\"https:\/\/mediendesign-moser.at\/shop\/wp-content\/uploads\/2021\/04\/DL-SPFZ040-fire-truck.jpg 620w, https:\/\/mediendesign-moser.at\/shop\/wp-content\/uploads\/2021\/04\/DL-SPFZ040-fire-truck-40x300.jpg 40w, https:\/\/mediendesign-moser.at\/shop\/wp-content\/uploads\/2021\/04\/DL-SPFZ040-fire-truck-136x1024.jpg 136w, https:\/\/mediendesign-moser.at\/shop\/wp-content\/uploads\/2021\/04\/DL-SPFZ040-fire-truck-600x4518.jpg 600w\" sizes=\"auto, (max-width: 620px) 100vw, 620px\" \/><\/a><\/p>\n","protected":false},"featured_media":10227,"comment_status":"open","ping_status":"closed","template":"","meta":{"om_disable_all_campaigns":false,"_monsterinsights_skip_tracking":false,"_monsterinsights_sitenote_active":false,"_monsterinsights_sitenote_note":"","_monsterinsights_sitenote_category":0},"product_cat":[1124,513,795,861,263],"product_tag":[232,542,144,1055,38,1120,219,1660,1661,1662,1664,1663,1665,1090,503,1644,518,541,1645,504,143,517],"class_list":{"0":"post-10238","1":"product","2":"type-product","3":"status-publish","4":"has-post-thumbnail","6":"product_cat-bastelboegen","7":"product_cat-schneidplotter-svg-und-pdf","8":"product_cat-fahrzeuge-schneidplotter-svg-und-pdf","9":"product_cat-hobby-und-beruf","10":"product_cat-downloadprodukte","11":"product_tag-auto","12":"product_tag-brother","13":"product_tag-cameo","14":"product_tag-cricut","15":"product_tag-download","16":"product_tag-dxf","17":"product_tag-fahrzeug","18":"product_tag-feuerwehr","19":"product_tag-feuerwehrauto","20":"product_tag-feuerwehrwagen","21":"product_tag-fire-fighters","22":"product_tag-fire-truck","23":"product_tag-kraftfahrzeug","24":"product_tag-lastwagen","25":"product_tag-papiermodell","26":"product_tag-pazzles","27":"product_tag-pdf","28":"product_tag-scanncut","29":"product_tag-schneidemaschine","30":"product_tag-schneidplotter","31":"product_tag-silhouette","32":"product_tag-svg","34":"first","35":"instock","36":"downloadable","37":"virtual","38":"purchasable","39":"product-type-simple"},"aioseo_notices":[],"jetpack_sharing_enabled":true,"_links":{"self":[{"href":"https:\/\/mediendesign-moser.at\/shop\/index.php?rest_route=\/wp\/v2\/product\/10238","targetHints":{"allow":["GET"]}}],"collection":[{"href":"https:\/\/mediendesign-moser.at\/shop\/index.php?rest_route=\/wp\/v2\/product"}],"about":[{"href":"https:\/\/mediendesign-moser.at\/shop\/index.php?rest_route=\/wp\/v2\/types\/product"}],"replies":[{"embeddable":true,"href":"https:\/\/mediendesign-moser.at\/shop\/index.php?rest_route=%2Fwp%2Fv2%2Fcomments&post=10238"}],"wp:featuredmedia":[{"embeddable":true,"href":"https:\/\/mediendesign-moser.at\/shop\/index.php?rest_route=\/wp\/v2\/media\/10227"}],"wp:attachment":[{"href":"https:\/\/mediendesign-moser.at\/shop\/index.php?rest_route=%2Fwp%2Fv2%2Fmedia&parent=10238"}],"wp:term":[{"taxonomy":"product_cat","embeddable":true,"href":"https:\/\/mediendesign-moser.at\/shop\/index.php?rest_route=%2Fwp%2Fv2%2Fproduct_cat&post=10238"},{"taxonomy":"product_tag","embeddable":true,"href":"https:\/\/mediendesign-moser.at\/shop\/index.php?rest_route=%2Fwp%2Fv2%2Fproduct_tag&post=10238"}],"curies":[{"name":"wp","href":"https:\/\/api.w.org\/{rel}","templated":true}]}}