{"id":1013,"date":"2017-09-29T20:04:26","date_gmt":"2017-09-29T18:04:26","guid":{"rendered":"http:\/\/mediendesign-moser.at\/shop\/?post_type=product&#038;p=1013"},"modified":"2023-01-03T15:27:41","modified_gmt":"2023-01-03T14:27:41","slug":"download-schneidplotter-datei-fuer-ein-moderegal","status":"publish","type":"product","link":"https:\/\/mediendesign-moser.at\/shop\/?product=download-schneidplotter-datei-fuer-ein-moderegal","title":{"rendered":"Download: Schneide Datei \/ Bastelbogen f\u00fcr ein Moderegal"},"content":{"rendered":"","protected":false},"excerpt":{"rendered":"<p>Schneide Datei (.svg, .dxf) f\u00fcr den Zuschnitt f\u00fcr das am Foto ersichtliche Moderegal. Die Datei enth\u00e4lt die Teile f\u00fcr Regal, Schuhe, und T\u00e4schchen lt. Foto.<\/p>\n<p>Das fertig hergestellte Moderegal passt ideal in eine Explosionsbox (ca. 10 cm Seitenkantenl\u00e4nge) hinein.<\/p>\n<p>Im Download sind enthalten:<\/p>\n<ul>\n<li>SVG-Dateien f\u00fcr die Verwendung mit folgenden Schneideger\u00e4ten:<br \/>\nCricut, Brother ScanNCut, oder Silhouette-Ger\u00e4te<\/li>\n<li>DXF-Dateien<\/li>\n<li>Bastelbogen zum Ausdrucken f\u00fcr manuellen Zuschnitt.<\/li>\n<\/ul>\n<p>Dieses Projekt wurde mit folgenden Schneideger\u00e4ten getestet:<br \/>\nSilhouette Cameo, Cricut Maker, Brother ScanNCut.<br \/>\nInfos und Anleitungen zur Verwendung mit den jeweiligen Ger\u00e4ten <a href=\"https:\/\/mediendesign-moser.at\/shop\/?page_id=6409\" target=\"_blank\" rel=\"noopener\">finden Sie hier<\/a>.<\/p>\n<p>Beachten Sie unsere \u00a0<a href=\"https:\/\/mediendesign-moser.at\/shop\/?page_id=758\" target=\"_blank\" rel=\"noopener\">Lizenzbedingungen<\/a>\u00a0f\u00fcr downloadbare Produkte.<\/p>\n<p><a href=\"https:\/\/mediendesign-moser.at\/shop\/wp-content\/uploads\/2021\/05\/DL-SPMD140-fashion-shelf.jpg\"><img loading=\"lazy\" decoding=\"async\" class=\"alignnone size-full wp-image-10383\" src=\"https:\/\/mediendesign-moser.at\/shop\/wp-content\/uploads\/2021\/05\/DL-SPMD140-fashion-shelf.jpg\" alt=\"\" width=\"620\" height=\"2616\" srcset=\"https:\/\/mediendesign-moser.at\/shop\/wp-content\/uploads\/2021\/05\/DL-SPMD140-fashion-shelf.jpg 620w, https:\/\/mediendesign-moser.at\/shop\/wp-content\/uploads\/2021\/05\/DL-SPMD140-fashion-shelf-71x300.jpg 71w, https:\/\/mediendesign-moser.at\/shop\/wp-content\/uploads\/2021\/05\/DL-SPMD140-fashion-shelf-243x1024.jpg 243w, https:\/\/mediendesign-moser.at\/shop\/wp-content\/uploads\/2021\/05\/DL-SPMD140-fashion-shelf-600x2532.jpg 600w\" sizes=\"auto, (max-width: 620px) 100vw, 620px\" \/><\/a><\/p>\n","protected":false},"featured_media":10382,"comment_status":"open","ping_status":"closed","template":"","meta":{"om_disable_all_campaigns":false,"_monsterinsights_skip_tracking":false,"_monsterinsights_sitenote_active":false,"_monsterinsights_sitenote_note":"","_monsterinsights_sitenote_category":0},"product_cat":[513,812,807,898,263],"product_tag":[1680,336,38,1678,1676,335,73,332,142,74,1677,1681,1679,333,334],"class_list":{"0":"post-1013","1":"product","2":"type-product","3":"status-publish","4":"has-post-thumbnail","6":"product_cat-schneidplotter-svg-und-pdf","7":"product_cat-kleidung","8":"product_cat-moebel-u-einrichtung-schneidplotter-svg-und-pdf","9":"product_cat-mode-und-schoenheit","10":"product_cat-downloadprodukte","11":"product_tag-bags","12":"product_tag-boutique","13":"product_tag-download","14":"product_tag-fashion","15":"product_tag-fashion-shelf","16":"product_tag-handtaschen","17":"product_tag-mode","18":"product_tag-moderegal","19":"product_tag-schneidplotter-datei","20":"product_tag-schuhe","21":"product_tag-shelf","22":"product_tag-shoe","23":"product_tag-shoes","24":"product_tag-shopping","25":"product_tag-taschen","27":"first","28":"instock","29":"downloadable","30":"virtual","31":"purchasable","32":"product-type-simple"},"aioseo_notices":[],"jetpack_sharing_enabled":true,"_links":{"self":[{"href":"https:\/\/mediendesign-moser.at\/shop\/index.php?rest_route=\/wp\/v2\/product\/1013","targetHints":{"allow":["GET"]}}],"collection":[{"href":"https:\/\/mediendesign-moser.at\/shop\/index.php?rest_route=\/wp\/v2\/product"}],"about":[{"href":"https:\/\/mediendesign-moser.at\/shop\/index.php?rest_route=\/wp\/v2\/types\/product"}],"replies":[{"embeddable":true,"href":"https:\/\/mediendesign-moser.at\/shop\/index.php?rest_route=%2Fwp%2Fv2%2Fcomments&post=1013"}],"wp:featuredmedia":[{"embeddable":true,"href":"https:\/\/mediendesign-moser.at\/shop\/index.php?rest_route=\/wp\/v2\/media\/10382"}],"wp:attachment":[{"href":"https:\/\/mediendesign-moser.at\/shop\/index.php?rest_route=%2Fwp%2Fv2%2Fmedia&parent=1013"}],"wp:term":[{"taxonomy":"product_cat","embeddable":true,"href":"https:\/\/mediendesign-moser.at\/shop\/index.php?rest_route=%2Fwp%2Fv2%2Fproduct_cat&post=1013"},{"taxonomy":"product_tag","embeddable":true,"href":"https:\/\/mediendesign-moser.at\/shop\/index.php?rest_route=%2Fwp%2Fv2%2Fproduct_tag&post=1013"}],"curies":[{"name":"wp","href":"https:\/\/api.w.org\/{rel}","templated":true}]}}