{"id":8163,"date":"2020-11-12T11:00:37","date_gmt":"2020-11-12T10:00:37","guid":{"rendered":"https:\/\/mediendesign-moser.at\/shop\/?page_id=8163"},"modified":"2025-01-13T12:54:18","modified_gmt":"2025-01-13T11:54:18","slug":"8163-2","status":"publish","type":"page","link":"https:\/\/mediendesign-moser.at\/shop\/?page_id=8163","title":{"rendered":"Info bez\u00fcglich Stammkundenrabatt \/ YouTube Mitgliedschaft"},"content":{"rendered":"<h3>Unser Stammkundenrabatt wurde mit Dezember 2024 eingestellt.<\/h3>\n<p>Statt dessen gibt es ab 2025 Vorteile f\u00fcr Mitglieder in unserem <a href=\"https:\/\/www.youtube.com\/@MediendesignMoser\" target=\"_blank\" rel=\"noopener\">YouTube Kanal<\/a>.<\/p>\n<p>Wenn du Mitglied in unserem YouTube Kanal werden willst und dadurch die Vorteile f\u00fcr YouTube Mitglieder in unserem Shop in Anspruch nehmen m\u00f6chtest, dann ben\u00f6tigst du Folgendes:<\/p>\n<ol>\n<li>Lege ein <a href=\"https:\/\/mediendesign-moser.at\/shop\/?page_id=7\" target=\"_blank\" rel=\"noopener\">Kundenaccount<\/a> in unserem Shop an (es gen\u00fcgt nicht, wenn du in unserem Shop als &#8220;Gast&#8221; bestellst).<br \/>\nDamit du die Vorteile erhalten kannst, ist dein pers\u00f6nliches Kundenkonto in unserem Shop notwendig).<\/li>\n<li>Werde Mitglied in unserem <a href=\"https:\/\/www.youtube.com\/@MediendesignMoser\" target=\"_blank\" rel=\"noopener\">YouTube Kanal<\/a> Mehr Infos und Kosten findest du direkt in unserem <a href=\"https:\/\/www.youtube.com\/@MediendesignMoser\" target=\"_blank\" rel=\"noopener\">YouTube Kanal<\/a>.<\/li>\n<li>F\u00fcr unsere YouTube Mitglieder gibt es jeden Monat 2 von uns ausgesuchte Dateien die wir kostenlos zur Verf\u00fcgung stellen. Diese speziellen Dateien sind mit der Markierung YTM in unserem Shop gekennzeichnet. Unsere Kanal-Mitglieder k\u00f6nnen diese Dateien zum Nulltarif bestellen und dann herunterladen.<br \/>\n<strong>Achtung:<\/strong> da wir jeden Monat zwei andere Dateien zur Verf\u00fcgung stellen, vers\u00e4ume es nicht sie rechtzeitig zu besorgen, denn du kannst vers\u00e4umte YTM Dateien nur mehr zum vollen Preis kaufen!<\/li>\n<\/ol>\n","protected":false},"excerpt":{"rendered":"<p>Unser Stammkundenrabatt wurde mit Dezember 2024 eingestellt. Statt dessen gibt es ab 2025 Vorteile f\u00fcr Mitglieder in unserem YouTube Kanal. Wenn du Mitglied in unserem YouTube Kanal werden willst und dadurch die Vorteile f\u00fcr YouTube Mitglieder in unserem Shop in Anspruch nehmen m\u00f6chtest, dann ben\u00f6tigst du Folgendes: Lege ein Kundenaccount in unserem Shop an (es [&hellip;]<\/p>\n","protected":false},"author":1,"featured_media":0,"parent":0,"menu_order":0,"comment_status":"closed","ping_status":"closed","template":"","meta":{"om_disable_all_campaigns":false,"_monsterinsights_skip_tracking":false,"_monsterinsights_sitenote_active":false,"_monsterinsights_sitenote_note":"","_monsterinsights_sitenote_category":0,"footnotes":""},"class_list":["post-8163","page","type-page","status-publish","hentry"],"aioseo_notices":[],"jetpack_sharing_enabled":true,"_links":{"self":[{"href":"https:\/\/mediendesign-moser.at\/shop\/index.php?rest_route=\/wp\/v2\/pages\/8163","targetHints":{"allow":["GET"]}}],"collection":[{"href":"https:\/\/mediendesign-moser.at\/shop\/index.php?rest_route=\/wp\/v2\/pages"}],"about":[{"href":"https:\/\/mediendesign-moser.at\/shop\/index.php?rest_route=\/wp\/v2\/types\/page"}],"author":[{"embeddable":true,"href":"https:\/\/mediendesign-moser.at\/shop\/index.php?rest_route=\/wp\/v2\/users\/1"}],"replies":[{"embeddable":true,"href":"https:\/\/mediendesign-moser.at\/shop\/index.php?rest_route=%2Fwp%2Fv2%2Fcomments&post=8163"}],"version-history":[{"count":44,"href":"https:\/\/mediendesign-moser.at\/shop\/index.php?rest_route=\/wp\/v2\/pages\/8163\/revisions"}],"predecessor-version":[{"id":25993,"href":"https:\/\/mediendesign-moser.at\/shop\/index.php?rest_route=\/wp\/v2\/pages\/8163\/revisions\/25993"}],"wp:attachment":[{"href":"https:\/\/mediendesign-moser.at\/shop\/index.php?rest_route=%2Fwp%2Fv2%2Fmedia&parent=8163"}],"curies":[{"name":"wp","href":"https:\/\/api.w.org\/{rel}","templated":true}]}}