{"id":6459,"date":"2020-07-07T09:33:09","date_gmt":"2020-07-07T07:33:09","guid":{"rendered":"https:\/\/mediendesign-moser.at\/shop\/?page_id=6459"},"modified":"2024-01-17T16:40:55","modified_gmt":"2024-01-17T15:40:55","slug":"svg-dateien-mit-cricut-verwenden","status":"publish","type":"page","link":"https:\/\/mediendesign-moser.at\/shop\/?page_id=6459","title":{"rendered":"&#8211; SVG Dateien von Mediendesign Moser mit Cricut Designspace verwenden"},"content":{"rendered":"<p>Wenn du unsere Plotterdateien mit einem Schneideger\u00e4t von Cricut verwenden m\u00f6chtest, dann verwende bitte die entsprechenden Dateien aus dem Downlod Ordner <strong>svg-cricut<\/strong>, die in unseren Downloads zur Verf\u00fcgung stehen.<br \/>\nDu solltest dir au\u00dferdem den Download Ordner <strong>_instructions<\/strong> herunterladen, darin findest du eventuell wichtige Anweisungen zur Verwendung der jeweiligen Plotterdatei, und bei komplexeren Motiven findest du dort auch die Klebeanleitung als Fotostrecke zum Nachbasteln.<\/p>\n<p>F\u00fcr den Zuschnitt unserer Papiermodelle solltest du au\u00dferdem folgende Werkzeuge f\u00fcr dein Cricut-Ger\u00e4t besitzen:<\/p>\n<ul>\n<li>Feinschnittklinge<\/li>\n<li>Rillrad<\/li>\n<li>Doppelrillrad (speziell f\u00fcr schweren Cardstock)<\/li>\n<\/ul>\n<p><em><strong>Hinweis:<\/strong><\/em>\u00a0Die allermeisten unserer Dateien sind leider <strong>NICHT<\/strong> f\u00fcr Cricut Joy geeignet &#8211; da die Joy <strong>Schneidematte zu klein<\/strong> ist. Au\u00dferdem unterst\u00fctzt das Cricut Joy Ger\u00e4t<strong> keine Print then Cut Funktion<\/strong>. Au\u00dferdem kann in einem Cricut Joy-Ger\u00e4t derzeit auch <strong>kein Falzrad<\/strong> benutzt werden.<\/p>\n<h3>Basis-Anleitungsvideo f\u00fcr Cricut:<br \/>\nMeine SVG-Dateien in Cricut Designspace verwenden.<br \/>\n<iframe loading=\"lazy\" title=\"YouTube video player\" src=\"https:\/\/www.youtube.com\/embed\/1OLX_FSpkUg?si=eUFmUnr83ozlm7bx\" width=\"560\" height=\"315\" frameborder=\"0\" allowfullscreen=\"allowfullscreen\"><\/iframe><\/h3>\n<p><em><strong>Video:<\/strong><\/em> Baby Explosionsbox mit einem Cricut Plotter herstellen:<\/p>\n<p><iframe loading=\"lazy\" title=\"YouTube video player\" src=\"https:\/\/www.youtube.com\/embed\/rJNJAkwPnho\" width=\"560\" height=\"315\" frameborder=\"0\" allowfullscreen=\"allowfullscreen\"><\/iframe><\/p>\n<h4><span style=\"color: #ff0000;\"><a style=\"color: #ff0000;\" href=\"https:\/\/mediendesign-moser.at\/shop\/?page_id=22697\">Unsere f\u00fcr die Print\/Cut- Funktion vorgesehenen Plotterdateien in Cricut Designspace mit einem Cricut Ger\u00e4t verwenden.<br \/>\n(F\u00fcr Detailinfo bitte klicken)<\/a><\/span><\/h4>\n<h4><span style=\"color: #ff0000;\"><a style=\"color: #ff0000;\" href=\"https:\/\/mediendesign-moser.at\/shop\/wp-content\/uploads\/2020\/09\/cricutmaker-size-and-scoringwheel.pdf\" target=\"_blank\" rel=\"noopener\">Unsere SVG-Dateien mit Cricut Maker und Scoring Wheel verwenden.<br \/>\n(PDF Anleitung downloaden)<\/a><\/span><\/h4>\n<p>Solltest du ein Problem beim Verwenden unserer Dateien haben, bitte kontaktiere uns im <a href=\"https:\/\/mediendesign-moser.at\/?page_id=7525\" target=\"_blank\" rel=\"noopener\">Kontaktformular<\/a>.<\/p>\n<p>&nbsp;<\/p>\n<p>Weitere Anleitungen folgen<\/p>\n","protected":false},"excerpt":{"rendered":"<p>Wenn du unsere Plotterdateien mit einem Schneideger\u00e4t von Cricut verwenden m\u00f6chtest, dann verwende bitte die entsprechenden Dateien aus dem Downlod Ordner svg-cricut, die in unseren Downloads zur Verf\u00fcgung stehen. Du solltest dir au\u00dferdem den Download Ordner _instructions herunterladen, darin findest du eventuell wichtige Anweisungen zur Verwendung der jeweiligen Plotterdatei, und bei komplexeren Motiven findest du [&hellip;]<\/p>\n","protected":false},"author":1,"featured_media":0,"parent":0,"menu_order":0,"comment_status":"closed","ping_status":"closed","template":"","meta":{"om_disable_all_campaigns":false,"_monsterinsights_skip_tracking":false,"_monsterinsights_sitenote_active":false,"_monsterinsights_sitenote_note":"","_monsterinsights_sitenote_category":0,"footnotes":""},"class_list":["post-6459","page","type-page","status-publish","hentry"],"aioseo_notices":[],"jetpack_sharing_enabled":true,"_links":{"self":[{"href":"https:\/\/mediendesign-moser.at\/shop\/index.php?rest_route=\/wp\/v2\/pages\/6459","targetHints":{"allow":["GET"]}}],"collection":[{"href":"https:\/\/mediendesign-moser.at\/shop\/index.php?rest_route=\/wp\/v2\/pages"}],"about":[{"href":"https:\/\/mediendesign-moser.at\/shop\/index.php?rest_route=\/wp\/v2\/types\/page"}],"author":[{"embeddable":true,"href":"https:\/\/mediendesign-moser.at\/shop\/index.php?rest_route=\/wp\/v2\/users\/1"}],"replies":[{"embeddable":true,"href":"https:\/\/mediendesign-moser.at\/shop\/index.php?rest_route=%2Fwp%2Fv2%2Fcomments&post=6459"}],"version-history":[{"count":37,"href":"https:\/\/mediendesign-moser.at\/shop\/index.php?rest_route=\/wp\/v2\/pages\/6459\/revisions"}],"predecessor-version":[{"id":22879,"href":"https:\/\/mediendesign-moser.at\/shop\/index.php?rest_route=\/wp\/v2\/pages\/6459\/revisions\/22879"}],"wp:attachment":[{"href":"https:\/\/mediendesign-moser.at\/shop\/index.php?rest_route=%2Fwp%2Fv2%2Fmedia&parent=6459"}],"curies":[{"name":"wp","href":"https:\/\/api.w.org\/{rel}","templated":true}]}}